{"id":768,"date":"2023-05-08T17:06:33","date_gmt":"2023-05-08T17:06:33","guid":{"rendered":"http:\/\/test.booksfrommexico.com\/product\/presencia-zoque-una-aproximacion-multidisciplinaria\/"},"modified":"2023-05-08T17:06:33","modified_gmt":"2023-05-08T17:06:33","slug":"presencia-zoque-una-aproximacion-multidisciplinaria","status":"publish","type":"product","link":"https:\/\/test.booksfrommexico.com\/es\/producto\/presencia-zoque-una-aproximacion-multidisciplinaria\/","title":{"rendered":"Presencia zoque Una aproximaci\u00f3n multidisciplinaria \/"},"content":{"rendered":"","protected":false},"excerpt":{"rendered":"<p>Dolores Aramoni Calder\u00f3n, Thomas A Lee Whiting &#038; Miguel Lisbona Guill\u00e9n, coordinadores. Tuxtla Guti\u00e9rrez, Chiapas: Universidad de Ciencias y Artes del Estado de Chiapas, 2007. 370 pages : 21 cm. \u00abSerie Historia\u00bb. ISBN: 9685149453<\/p>\n","protected":false},"featured_media":767,"template":"","meta":{"_acf_changed":false,"inline_featured_image":false},"product_brand":[],"product_cat":[104],"product_tag":[908,909,910],"class_list":{"0":"post-768","1":"product","2":"type-product","3":"status-publish","4":"has-post-thumbnail","6":"product_cat-books-from-mexico","7":"product_tag-zoques-chiapas-antiguedades","8":"product_tag-zoques-oaxaca-san-miguel-chimalapa-antiguedades","9":"product_tag-zoques-oaxaca-san-miguel-chimalapa-vida-social-y-costumbres","11":"first","12":"instock","13":"taxable","14":"shipping-taxable","15":"purchasable","16":"product-type-simple"},"acf":[],"yoast_head":"<!-- This site is optimized with the Yoast SEO plugin v27.2 - https:\/\/yoast.com\/product\/yoast-seo-wordpress\/ -->\n<title>Presencia zoque Una aproximaci\u00f3n multidisciplinaria \/ - Books From Mexico<\/title>\n<meta name=\"robots\" content=\"noindex, follow, max-snippet:-1, max-image-preview:large, max-video-preview:-1\" \/>\n<meta property=\"og:locale\" content=\"es_ES\" \/>\n<meta property=\"og:type\" content=\"article\" \/>\n<meta property=\"og:title\" content=\"Presencia zoque Una aproximaci\u00f3n multidisciplinaria \/ - Books From Mexico\" \/>\n<meta property=\"og:description\" content=\"Dolores Aramoni Calder\u00f3n, Thomas A Lee Whiting &amp; Miguel Lisbona Guill\u00e9n, coordinadores. Tuxtla Guti\u00e9rrez, Chiapas: Universidad de Ciencias y Artes del Estado de Chiapas, 2007. 370 pages : 21 cm. &quot;Serie Historia&quot;. ISBN: 9685149453\" \/>\n<meta property=\"og:url\" content=\"https:\/\/test.booksfrommexico.com\/es\/producto\/presencia-zoque-una-aproximacion-multidisciplinaria\/\" \/>\n<meta property=\"og:site_name\" content=\"Books From Mexico\" \/>\n<meta property=\"og:image\" content=\"https:\/\/test.booksfrommexico.com\/app\/uploads\/2023\/05\/137804.jpeg\" \/>\n\t<meta property=\"og:image:width\" content=\"480\" \/>\n\t<meta property=\"og:image:height\" content=\"664\" \/>\n\t<meta property=\"og:image:type\" content=\"image\/jpeg\" \/>\n<meta name=\"twitter:card\" content=\"summary_large_image\" \/>\n<script type=\"application\/ld+json\" class=\"yoast-schema-graph\">{\"@context\":\"https:\/\/schema.org\",\"@graph\":[{\"@type\":\"WebPage\",\"@id\":\"https:\/\/test.booksfrommexico.com\/es\/producto\/presencia-zoque-una-aproximacion-multidisciplinaria\/\",\"url\":\"https:\/\/test.booksfrommexico.com\/es\/producto\/presencia-zoque-una-aproximacion-multidisciplinaria\/\",\"name\":\"Presencia zoque Una aproximaci\u00f3n multidisciplinaria \/ - Books From Mexico\",\"isPartOf\":{\"@id\":\"https:\/\/test.booksfrommexico.com\/es\/#website\"},\"primaryImageOfPage\":{\"@id\":\"https:\/\/test.booksfrommexico.com\/es\/producto\/presencia-zoque-una-aproximacion-multidisciplinaria\/#primaryimage\"},\"image\":{\"@id\":\"https:\/\/test.booksfrommexico.com\/es\/producto\/presencia-zoque-una-aproximacion-multidisciplinaria\/#primaryimage\"},\"thumbnailUrl\":\"https:\/\/test.booksfrommexico.com\/app\/uploads\/2023\/05\/137804.jpeg\",\"datePublished\":\"2023-05-08T17:06:33+00:00\",\"breadcrumb\":{\"@id\":\"https:\/\/test.booksfrommexico.com\/es\/producto\/presencia-zoque-una-aproximacion-multidisciplinaria\/#breadcrumb\"},\"inLanguage\":\"es\",\"potentialAction\":[{\"@type\":\"ReadAction\",\"target\":[\"https:\/\/test.booksfrommexico.com\/es\/producto\/presencia-zoque-una-aproximacion-multidisciplinaria\/\"]}]},{\"@type\":\"ImageObject\",\"inLanguage\":\"es\",\"@id\":\"https:\/\/test.booksfrommexico.com\/es\/producto\/presencia-zoque-una-aproximacion-multidisciplinaria\/#primaryimage\",\"url\":\"https:\/\/test.booksfrommexico.com\/app\/uploads\/2023\/05\/137804.jpeg\",\"contentUrl\":\"https:\/\/test.booksfrommexico.com\/app\/uploads\/2023\/05\/137804.jpeg\",\"width\":480,\"height\":664},{\"@type\":\"BreadcrumbList\",\"@id\":\"https:\/\/test.booksfrommexico.com\/es\/producto\/presencia-zoque-una-aproximacion-multidisciplinaria\/#breadcrumb\",\"itemListElement\":[{\"@type\":\"ListItem\",\"position\":1,\"name\":\"Home\",\"item\":\"https:\/\/test.booksfrommexico.com\/es\/\"},{\"@type\":\"ListItem\",\"position\":2,\"name\":\"Libros\",\"item\":\"https:\/\/test.booksfrommexico.com\/es\/libros\/\"},{\"@type\":\"ListItem\",\"position\":3,\"name\":\"Presencia zoque Una aproximaci\u00f3n multidisciplinaria \/\"}]},{\"@type\":\"WebSite\",\"@id\":\"https:\/\/test.booksfrommexico.com\/es\/#website\",\"url\":\"https:\/\/test.booksfrommexico.com\/es\/\",\"name\":\"Books From Mexico\",\"description\":\"\",\"publisher\":{\"@id\":\"https:\/\/test.booksfrommexico.com\/es\/#organization\"},\"potentialAction\":[{\"@type\":\"SearchAction\",\"target\":{\"@type\":\"EntryPoint\",\"urlTemplate\":\"https:\/\/test.booksfrommexico.com\/es\/?s={search_term_string}\"},\"query-input\":{\"@type\":\"PropertyValueSpecification\",\"valueRequired\":true,\"valueName\":\"search_term_string\"}}],\"inLanguage\":\"es\"},{\"@type\":\"Organization\",\"@id\":\"https:\/\/test.booksfrommexico.com\/es\/#organization\",\"name\":\"Books From Mexico\",\"url\":\"https:\/\/test.booksfrommexico.com\/es\/\",\"logo\":{\"@type\":\"ImageObject\",\"inLanguage\":\"es\",\"@id\":\"https:\/\/test.booksfrommexico.com\/es\/#\/schema\/logo\/image\/\",\"url\":\"https:\/\/test.booksfrommexico.com\/app\/uploads\/2023\/05\/logo-booksfrommexico.svg\",\"contentUrl\":\"https:\/\/test.booksfrommexico.com\/app\/uploads\/2023\/05\/logo-booksfrommexico.svg\",\"width\":86,\"height\":56,\"caption\":\"Books From Mexico\"},\"image\":{\"@id\":\"https:\/\/test.booksfrommexico.com\/es\/#\/schema\/logo\/image\/\"}}]}<\/script>\n<!-- \/ Yoast SEO plugin. -->","yoast_head_json":{"title":"Presencia zoque Una aproximaci\u00f3n multidisciplinaria \/ - Books From Mexico","robots":{"index":"noindex","follow":"follow","max-snippet":"max-snippet:-1","max-image-preview":"max-image-preview:large","max-video-preview":"max-video-preview:-1"},"og_locale":"es_ES","og_type":"article","og_title":"Presencia zoque Una aproximaci\u00f3n multidisciplinaria \/ - Books From Mexico","og_description":"Dolores Aramoni Calder\u00f3n, Thomas A Lee Whiting & Miguel Lisbona Guill\u00e9n, coordinadores. Tuxtla Guti\u00e9rrez, Chiapas: Universidad de Ciencias y Artes del Estado de Chiapas, 2007. 370 pages : 21 cm. \"Serie Historia\". ISBN: 9685149453","og_url":"https:\/\/test.booksfrommexico.com\/es\/producto\/presencia-zoque-una-aproximacion-multidisciplinaria\/","og_site_name":"Books From Mexico","og_image":[{"width":480,"height":664,"url":"https:\/\/test.booksfrommexico.com\/app\/uploads\/2023\/05\/137804.jpeg","type":"image\/jpeg"}],"twitter_card":"summary_large_image","schema":{"@context":"https:\/\/schema.org","@graph":[{"@type":"WebPage","@id":"https:\/\/test.booksfrommexico.com\/es\/producto\/presencia-zoque-una-aproximacion-multidisciplinaria\/","url":"https:\/\/test.booksfrommexico.com\/es\/producto\/presencia-zoque-una-aproximacion-multidisciplinaria\/","name":"Presencia zoque Una aproximaci\u00f3n multidisciplinaria \/ - Books From Mexico","isPartOf":{"@id":"https:\/\/test.booksfrommexico.com\/es\/#website"},"primaryImageOfPage":{"@id":"https:\/\/test.booksfrommexico.com\/es\/producto\/presencia-zoque-una-aproximacion-multidisciplinaria\/#primaryimage"},"image":{"@id":"https:\/\/test.booksfrommexico.com\/es\/producto\/presencia-zoque-una-aproximacion-multidisciplinaria\/#primaryimage"},"thumbnailUrl":"https:\/\/test.booksfrommexico.com\/app\/uploads\/2023\/05\/137804.jpeg","datePublished":"2023-05-08T17:06:33+00:00","breadcrumb":{"@id":"https:\/\/test.booksfrommexico.com\/es\/producto\/presencia-zoque-una-aproximacion-multidisciplinaria\/#breadcrumb"},"inLanguage":"es","potentialAction":[{"@type":"ReadAction","target":["https:\/\/test.booksfrommexico.com\/es\/producto\/presencia-zoque-una-aproximacion-multidisciplinaria\/"]}]},{"@type":"ImageObject","inLanguage":"es","@id":"https:\/\/test.booksfrommexico.com\/es\/producto\/presencia-zoque-una-aproximacion-multidisciplinaria\/#primaryimage","url":"https:\/\/test.booksfrommexico.com\/app\/uploads\/2023\/05\/137804.jpeg","contentUrl":"https:\/\/test.booksfrommexico.com\/app\/uploads\/2023\/05\/137804.jpeg","width":480,"height":664},{"@type":"BreadcrumbList","@id":"https:\/\/test.booksfrommexico.com\/es\/producto\/presencia-zoque-una-aproximacion-multidisciplinaria\/#breadcrumb","itemListElement":[{"@type":"ListItem","position":1,"name":"Home","item":"https:\/\/test.booksfrommexico.com\/es\/"},{"@type":"ListItem","position":2,"name":"Libros","item":"https:\/\/test.booksfrommexico.com\/es\/libros\/"},{"@type":"ListItem","position":3,"name":"Presencia zoque Una aproximaci\u00f3n multidisciplinaria \/"}]},{"@type":"WebSite","@id":"https:\/\/test.booksfrommexico.com\/es\/#website","url":"https:\/\/test.booksfrommexico.com\/es\/","name":"Books From Mexico","description":"","publisher":{"@id":"https:\/\/test.booksfrommexico.com\/es\/#organization"},"potentialAction":[{"@type":"SearchAction","target":{"@type":"EntryPoint","urlTemplate":"https:\/\/test.booksfrommexico.com\/es\/?s={search_term_string}"},"query-input":{"@type":"PropertyValueSpecification","valueRequired":true,"valueName":"search_term_string"}}],"inLanguage":"es"},{"@type":"Organization","@id":"https:\/\/test.booksfrommexico.com\/es\/#organization","name":"Books From Mexico","url":"https:\/\/test.booksfrommexico.com\/es\/","logo":{"@type":"ImageObject","inLanguage":"es","@id":"https:\/\/test.booksfrommexico.com\/es\/#\/schema\/logo\/image\/","url":"https:\/\/test.booksfrommexico.com\/app\/uploads\/2023\/05\/logo-booksfrommexico.svg","contentUrl":"https:\/\/test.booksfrommexico.com\/app\/uploads\/2023\/05\/logo-booksfrommexico.svg","width":86,"height":56,"caption":"Books From Mexico"},"image":{"@id":"https:\/\/test.booksfrommexico.com\/es\/#\/schema\/logo\/image\/"}}]}},"_links":{"self":[{"href":"https:\/\/test.booksfrommexico.com\/es\/wp-json\/wp\/v2\/product\/768","targetHints":{"allow":["GET"]}}],"collection":[{"href":"https:\/\/test.booksfrommexico.com\/es\/wp-json\/wp\/v2\/product"}],"about":[{"href":"https:\/\/test.booksfrommexico.com\/es\/wp-json\/wp\/v2\/types\/product"}],"wp:featuredmedia":[{"embeddable":true,"href":"https:\/\/test.booksfrommexico.com\/es\/wp-json\/wp\/v2\/media\/767"}],"wp:attachment":[{"href":"https:\/\/test.booksfrommexico.com\/es\/wp-json\/wp\/v2\/media?parent=768"}],"wp:term":[{"taxonomy":"product_brand","embeddable":true,"href":"https:\/\/test.booksfrommexico.com\/es\/wp-json\/wp\/v2\/product_brand?post=768"},{"taxonomy":"product_cat","embeddable":true,"href":"https:\/\/test.booksfrommexico.com\/es\/wp-json\/wp\/v2\/product_cat?post=768"},{"taxonomy":"product_tag","embeddable":true,"href":"https:\/\/test.booksfrommexico.com\/es\/wp-json\/wp\/v2\/product_tag?post=768"}],"curies":[{"name":"wp","href":"https:\/\/api.w.org\/{rel}","templated":true}]}}