{"id":487,"date":"2023-05-08T17:03:02","date_gmt":"2023-05-08T17:03:02","guid":{"rendered":"http:\/\/test.booksfrommexico.com\/product\/temimilcingo-pueblo-con-historia-y-aroma-a-chocolate\/"},"modified":"2023-05-08T17:03:02","modified_gmt":"2023-05-08T17:03:02","slug":"temimilcingo-pueblo-con-historia-y-aroma-a-chocolate","status":"publish","type":"product","link":"https:\/\/test.booksfrommexico.com\/es\/producto\/temimilcingo-pueblo-con-historia-y-aroma-a-chocolate\/","title":{"rendered":"Temimilcingo Pueblo con historia y aroma a chocolate \/"},"content":{"rendered":"","protected":false},"excerpt":{"rendered":"<p>Blanca Dalia Anz\u00farez Portillo &#038; Sa\u00fal V\u00e1zquez Rivera, compiladores. Cuernavaca, Morelos: Instituto de Cultura de Morelos, 2004. 80 pages : 23 cm. \u00abConvivencias y Desarrollo Integral de la Mujer\u00bb. <\/p>\n","protected":false},"featured_media":486,"template":"","meta":{"_acf_changed":false,"inline_featured_image":false},"product_brand":[],"product_cat":[104],"product_tag":[],"class_list":{"0":"post-487","1":"product","2":"type-product","3":"status-publish","4":"has-post-thumbnail","6":"product_cat-books-from-mexico","8":"first","9":"instock","10":"taxable","11":"shipping-taxable","12":"purchasable","13":"product-type-simple"},"acf":[],"yoast_head":"<!-- This site is optimized with the Yoast SEO plugin v27.2 - https:\/\/yoast.com\/product\/yoast-seo-wordpress\/ -->\n<title>Temimilcingo Pueblo con historia y aroma a chocolate \/ - Books From Mexico<\/title>\n<meta name=\"robots\" content=\"noindex, follow, max-snippet:-1, max-image-preview:large, max-video-preview:-1\" \/>\n<meta property=\"og:locale\" content=\"es_ES\" \/>\n<meta property=\"og:type\" content=\"article\" \/>\n<meta property=\"og:title\" content=\"Temimilcingo Pueblo con historia y aroma a chocolate \/ - Books From Mexico\" \/>\n<meta property=\"og:description\" content=\"Blanca Dalia Anz\u00farez Portillo &amp; Sa\u00fal V\u00e1zquez Rivera, compiladores. Cuernavaca, Morelos: Instituto de Cultura de Morelos, 2004. 80 pages : 23 cm. &quot;Convivencias y Desarrollo Integral de la Mujer&quot;.\" \/>\n<meta property=\"og:url\" content=\"https:\/\/test.booksfrommexico.com\/es\/producto\/temimilcingo-pueblo-con-historia-y-aroma-a-chocolate\/\" \/>\n<meta property=\"og:site_name\" content=\"Books From Mexico\" \/>\n<meta property=\"og:image\" content=\"https:\/\/test.booksfrommexico.com\/app\/uploads\/2023\/05\/126253.jpeg\" \/>\n\t<meta property=\"og:image:width\" content=\"388\" \/>\n\t<meta property=\"og:image:height\" content=\"599\" \/>\n\t<meta property=\"og:image:type\" content=\"image\/jpeg\" \/>\n<meta name=\"twitter:card\" content=\"summary_large_image\" \/>\n<script type=\"application\/ld+json\" class=\"yoast-schema-graph\">{\"@context\":\"https:\/\/schema.org\",\"@graph\":[{\"@type\":\"WebPage\",\"@id\":\"https:\/\/test.booksfrommexico.com\/es\/producto\/temimilcingo-pueblo-con-historia-y-aroma-a-chocolate\/\",\"url\":\"https:\/\/test.booksfrommexico.com\/es\/producto\/temimilcingo-pueblo-con-historia-y-aroma-a-chocolate\/\",\"name\":\"Temimilcingo Pueblo con historia y aroma a chocolate \/ - Books From Mexico\",\"isPartOf\":{\"@id\":\"https:\/\/test.booksfrommexico.com\/es\/#website\"},\"primaryImageOfPage\":{\"@id\":\"https:\/\/test.booksfrommexico.com\/es\/producto\/temimilcingo-pueblo-con-historia-y-aroma-a-chocolate\/#primaryimage\"},\"image\":{\"@id\":\"https:\/\/test.booksfrommexico.com\/es\/producto\/temimilcingo-pueblo-con-historia-y-aroma-a-chocolate\/#primaryimage\"},\"thumbnailUrl\":\"https:\/\/test.booksfrommexico.com\/app\/uploads\/2023\/05\/126253.jpeg\",\"datePublished\":\"2023-05-08T17:03:02+00:00\",\"breadcrumb\":{\"@id\":\"https:\/\/test.booksfrommexico.com\/es\/producto\/temimilcingo-pueblo-con-historia-y-aroma-a-chocolate\/#breadcrumb\"},\"inLanguage\":\"es\",\"potentialAction\":[{\"@type\":\"ReadAction\",\"target\":[\"https:\/\/test.booksfrommexico.com\/es\/producto\/temimilcingo-pueblo-con-historia-y-aroma-a-chocolate\/\"]}]},{\"@type\":\"ImageObject\",\"inLanguage\":\"es\",\"@id\":\"https:\/\/test.booksfrommexico.com\/es\/producto\/temimilcingo-pueblo-con-historia-y-aroma-a-chocolate\/#primaryimage\",\"url\":\"https:\/\/test.booksfrommexico.com\/app\/uploads\/2023\/05\/126253.jpeg\",\"contentUrl\":\"https:\/\/test.booksfrommexico.com\/app\/uploads\/2023\/05\/126253.jpeg\",\"width\":388,\"height\":599},{\"@type\":\"BreadcrumbList\",\"@id\":\"https:\/\/test.booksfrommexico.com\/es\/producto\/temimilcingo-pueblo-con-historia-y-aroma-a-chocolate\/#breadcrumb\",\"itemListElement\":[{\"@type\":\"ListItem\",\"position\":1,\"name\":\"Home\",\"item\":\"https:\/\/test.booksfrommexico.com\/es\/\"},{\"@type\":\"ListItem\",\"position\":2,\"name\":\"Libros\",\"item\":\"https:\/\/test.booksfrommexico.com\/es\/libros\/\"},{\"@type\":\"ListItem\",\"position\":3,\"name\":\"Temimilcingo Pueblo con historia y aroma a chocolate \/\"}]},{\"@type\":\"WebSite\",\"@id\":\"https:\/\/test.booksfrommexico.com\/es\/#website\",\"url\":\"https:\/\/test.booksfrommexico.com\/es\/\",\"name\":\"Books From Mexico\",\"description\":\"\",\"publisher\":{\"@id\":\"https:\/\/test.booksfrommexico.com\/es\/#organization\"},\"potentialAction\":[{\"@type\":\"SearchAction\",\"target\":{\"@type\":\"EntryPoint\",\"urlTemplate\":\"https:\/\/test.booksfrommexico.com\/es\/?s={search_term_string}\"},\"query-input\":{\"@type\":\"PropertyValueSpecification\",\"valueRequired\":true,\"valueName\":\"search_term_string\"}}],\"inLanguage\":\"es\"},{\"@type\":\"Organization\",\"@id\":\"https:\/\/test.booksfrommexico.com\/es\/#organization\",\"name\":\"Books From Mexico\",\"url\":\"https:\/\/test.booksfrommexico.com\/es\/\",\"logo\":{\"@type\":\"ImageObject\",\"inLanguage\":\"es\",\"@id\":\"https:\/\/test.booksfrommexico.com\/es\/#\/schema\/logo\/image\/\",\"url\":\"https:\/\/test.booksfrommexico.com\/app\/uploads\/2023\/05\/logo-booksfrommexico.svg\",\"contentUrl\":\"https:\/\/test.booksfrommexico.com\/app\/uploads\/2023\/05\/logo-booksfrommexico.svg\",\"width\":86,\"height\":56,\"caption\":\"Books From Mexico\"},\"image\":{\"@id\":\"https:\/\/test.booksfrommexico.com\/es\/#\/schema\/logo\/image\/\"}}]}<\/script>\n<!-- \/ Yoast SEO plugin. -->","yoast_head_json":{"title":"Temimilcingo Pueblo con historia y aroma a chocolate \/ - Books From Mexico","robots":{"index":"noindex","follow":"follow","max-snippet":"max-snippet:-1","max-image-preview":"max-image-preview:large","max-video-preview":"max-video-preview:-1"},"og_locale":"es_ES","og_type":"article","og_title":"Temimilcingo Pueblo con historia y aroma a chocolate \/ - Books From Mexico","og_description":"Blanca Dalia Anz\u00farez Portillo & Sa\u00fal V\u00e1zquez Rivera, compiladores. Cuernavaca, Morelos: Instituto de Cultura de Morelos, 2004. 80 pages : 23 cm. \"Convivencias y Desarrollo Integral de la Mujer\".","og_url":"https:\/\/test.booksfrommexico.com\/es\/producto\/temimilcingo-pueblo-con-historia-y-aroma-a-chocolate\/","og_site_name":"Books From Mexico","og_image":[{"width":388,"height":599,"url":"https:\/\/test.booksfrommexico.com\/app\/uploads\/2023\/05\/126253.jpeg","type":"image\/jpeg"}],"twitter_card":"summary_large_image","schema":{"@context":"https:\/\/schema.org","@graph":[{"@type":"WebPage","@id":"https:\/\/test.booksfrommexico.com\/es\/producto\/temimilcingo-pueblo-con-historia-y-aroma-a-chocolate\/","url":"https:\/\/test.booksfrommexico.com\/es\/producto\/temimilcingo-pueblo-con-historia-y-aroma-a-chocolate\/","name":"Temimilcingo Pueblo con historia y aroma a chocolate \/ - Books From Mexico","isPartOf":{"@id":"https:\/\/test.booksfrommexico.com\/es\/#website"},"primaryImageOfPage":{"@id":"https:\/\/test.booksfrommexico.com\/es\/producto\/temimilcingo-pueblo-con-historia-y-aroma-a-chocolate\/#primaryimage"},"image":{"@id":"https:\/\/test.booksfrommexico.com\/es\/producto\/temimilcingo-pueblo-con-historia-y-aroma-a-chocolate\/#primaryimage"},"thumbnailUrl":"https:\/\/test.booksfrommexico.com\/app\/uploads\/2023\/05\/126253.jpeg","datePublished":"2023-05-08T17:03:02+00:00","breadcrumb":{"@id":"https:\/\/test.booksfrommexico.com\/es\/producto\/temimilcingo-pueblo-con-historia-y-aroma-a-chocolate\/#breadcrumb"},"inLanguage":"es","potentialAction":[{"@type":"ReadAction","target":["https:\/\/test.booksfrommexico.com\/es\/producto\/temimilcingo-pueblo-con-historia-y-aroma-a-chocolate\/"]}]},{"@type":"ImageObject","inLanguage":"es","@id":"https:\/\/test.booksfrommexico.com\/es\/producto\/temimilcingo-pueblo-con-historia-y-aroma-a-chocolate\/#primaryimage","url":"https:\/\/test.booksfrommexico.com\/app\/uploads\/2023\/05\/126253.jpeg","contentUrl":"https:\/\/test.booksfrommexico.com\/app\/uploads\/2023\/05\/126253.jpeg","width":388,"height":599},{"@type":"BreadcrumbList","@id":"https:\/\/test.booksfrommexico.com\/es\/producto\/temimilcingo-pueblo-con-historia-y-aroma-a-chocolate\/#breadcrumb","itemListElement":[{"@type":"ListItem","position":1,"name":"Home","item":"https:\/\/test.booksfrommexico.com\/es\/"},{"@type":"ListItem","position":2,"name":"Libros","item":"https:\/\/test.booksfrommexico.com\/es\/libros\/"},{"@type":"ListItem","position":3,"name":"Temimilcingo Pueblo con historia y aroma a chocolate \/"}]},{"@type":"WebSite","@id":"https:\/\/test.booksfrommexico.com\/es\/#website","url":"https:\/\/test.booksfrommexico.com\/es\/","name":"Books From Mexico","description":"","publisher":{"@id":"https:\/\/test.booksfrommexico.com\/es\/#organization"},"potentialAction":[{"@type":"SearchAction","target":{"@type":"EntryPoint","urlTemplate":"https:\/\/test.booksfrommexico.com\/es\/?s={search_term_string}"},"query-input":{"@type":"PropertyValueSpecification","valueRequired":true,"valueName":"search_term_string"}}],"inLanguage":"es"},{"@type":"Organization","@id":"https:\/\/test.booksfrommexico.com\/es\/#organization","name":"Books From Mexico","url":"https:\/\/test.booksfrommexico.com\/es\/","logo":{"@type":"ImageObject","inLanguage":"es","@id":"https:\/\/test.booksfrommexico.com\/es\/#\/schema\/logo\/image\/","url":"https:\/\/test.booksfrommexico.com\/app\/uploads\/2023\/05\/logo-booksfrommexico.svg","contentUrl":"https:\/\/test.booksfrommexico.com\/app\/uploads\/2023\/05\/logo-booksfrommexico.svg","width":86,"height":56,"caption":"Books From Mexico"},"image":{"@id":"https:\/\/test.booksfrommexico.com\/es\/#\/schema\/logo\/image\/"}}]}},"_links":{"self":[{"href":"https:\/\/test.booksfrommexico.com\/es\/wp-json\/wp\/v2\/product\/487","targetHints":{"allow":["GET"]}}],"collection":[{"href":"https:\/\/test.booksfrommexico.com\/es\/wp-json\/wp\/v2\/product"}],"about":[{"href":"https:\/\/test.booksfrommexico.com\/es\/wp-json\/wp\/v2\/types\/product"}],"wp:featuredmedia":[{"embeddable":true,"href":"https:\/\/test.booksfrommexico.com\/es\/wp-json\/wp\/v2\/media\/486"}],"wp:attachment":[{"href":"https:\/\/test.booksfrommexico.com\/es\/wp-json\/wp\/v2\/media?parent=487"}],"wp:term":[{"taxonomy":"product_brand","embeddable":true,"href":"https:\/\/test.booksfrommexico.com\/es\/wp-json\/wp\/v2\/product_brand?post=487"},{"taxonomy":"product_cat","embeddable":true,"href":"https:\/\/test.booksfrommexico.com\/es\/wp-json\/wp\/v2\/product_cat?post=487"},{"taxonomy":"product_tag","embeddable":true,"href":"https:\/\/test.booksfrommexico.com\/es\/wp-json\/wp\/v2\/product_tag?post=487"}],"curies":[{"name":"wp","href":"https:\/\/api.w.org\/{rel}","templated":true}]}}