{"id":195,"date":"2023-05-08T16:16:35","date_gmt":"2023-05-08T16:16:35","guid":{"rendered":"http:\/\/test.booksfrommexico.com\/product\/jini-bajlum-woli-yal-seleccion-de-cuentos-chol\/"},"modified":"2023-05-08T16:16:35","modified_gmt":"2023-05-08T16:16:35","slug":"jini-bajlum-woli-yal-seleccion-de-cuentos-chol","status":"publish","type":"product","link":"https:\/\/test.booksfrommexico.com\/es\/producto\/jini-bajlum-woli-yal-seleccion-de-cuentos-chol\/","title":{"rendered":"Ji\u00f1i bajlum woli y\u00e4l Selecci\u00f3n de cuentos chol \/"},"content":{"rendered":"","protected":false},"excerpt":{"rendered":"<p>Chiapas: Consejo Estatal para las Culturas y las Artes de Chiapas, 2001. 83 pages : 19 cm. Biblioteca Popular de Chiapas, 14. ISBN: 9706970541<\/p>\n","protected":false},"featured_media":194,"template":"","meta":{"_acf_changed":false,"inline_featured_image":false},"product_brand":[],"product_cat":[25],"product_tag":[223,224],"class_list":{"0":"post-195","1":"product","2":"type-product","3":"status-publish","4":"has-post-thumbnail","6":"product_cat-literatura","7":"product_tag-short-stories-chol-translations-into-spanish-chol-fiction-21st-century","8":"product_tag-short-stories-chol","10":"first","11":"instock","12":"taxable","13":"shipping-taxable","14":"purchasable","15":"product-type-simple"},"acf":[],"yoast_head":"<!-- This site is optimized with the Yoast SEO plugin v27.2 - https:\/\/yoast.com\/product\/yoast-seo-wordpress\/ -->\n<title>Ji\u00f1i bajlum woli y\u00e4l Selecci\u00f3n de cuentos chol \/ - Books From Mexico<\/title>\n<meta name=\"robots\" content=\"noindex, follow, max-snippet:-1, max-image-preview:large, max-video-preview:-1\" \/>\n<meta property=\"og:locale\" content=\"es_ES\" \/>\n<meta property=\"og:type\" content=\"article\" \/>\n<meta property=\"og:title\" content=\"Ji\u00f1i bajlum woli y\u00e4l Selecci\u00f3n de cuentos chol \/ - Books From Mexico\" \/>\n<meta property=\"og:description\" content=\"Chiapas: Consejo Estatal para las Culturas y las Artes de Chiapas, 2001. 83 pages : 19 cm. Biblioteca Popular de Chiapas, 14. ISBN: 9706970541\" \/>\n<meta property=\"og:url\" content=\"https:\/\/test.booksfrommexico.com\/es\/producto\/jini-bajlum-woli-yal-seleccion-de-cuentos-chol\/\" \/>\n<meta property=\"og:site_name\" content=\"Books From Mexico\" \/>\n<meta property=\"og:image\" content=\"https:\/\/test.booksfrommexico.com\/app\/uploads\/2023\/05\/120385.jpeg\" \/>\n\t<meta property=\"og:image:width\" content=\"504\" \/>\n\t<meta property=\"og:image:height\" content=\"719\" \/>\n\t<meta property=\"og:image:type\" content=\"image\/jpeg\" \/>\n<meta name=\"twitter:card\" content=\"summary_large_image\" \/>\n<script type=\"application\/ld+json\" class=\"yoast-schema-graph\">{\"@context\":\"https:\/\/schema.org\",\"@graph\":[{\"@type\":\"WebPage\",\"@id\":\"https:\/\/test.booksfrommexico.com\/es\/producto\/jini-bajlum-woli-yal-seleccion-de-cuentos-chol\/\",\"url\":\"https:\/\/test.booksfrommexico.com\/es\/producto\/jini-bajlum-woli-yal-seleccion-de-cuentos-chol\/\",\"name\":\"Ji\u00f1i bajlum woli y\u00e4l Selecci\u00f3n de cuentos chol \/ - Books From Mexico\",\"isPartOf\":{\"@id\":\"https:\/\/test.booksfrommexico.com\/es\/#website\"},\"primaryImageOfPage\":{\"@id\":\"https:\/\/test.booksfrommexico.com\/es\/producto\/jini-bajlum-woli-yal-seleccion-de-cuentos-chol\/#primaryimage\"},\"image\":{\"@id\":\"https:\/\/test.booksfrommexico.com\/es\/producto\/jini-bajlum-woli-yal-seleccion-de-cuentos-chol\/#primaryimage\"},\"thumbnailUrl\":\"https:\/\/test.booksfrommexico.com\/app\/uploads\/2023\/05\/120385.jpeg\",\"datePublished\":\"2023-05-08T16:16:35+00:00\",\"breadcrumb\":{\"@id\":\"https:\/\/test.booksfrommexico.com\/es\/producto\/jini-bajlum-woli-yal-seleccion-de-cuentos-chol\/#breadcrumb\"},\"inLanguage\":\"es\",\"potentialAction\":[{\"@type\":\"ReadAction\",\"target\":[\"https:\/\/test.booksfrommexico.com\/es\/producto\/jini-bajlum-woli-yal-seleccion-de-cuentos-chol\/\"]}]},{\"@type\":\"ImageObject\",\"inLanguage\":\"es\",\"@id\":\"https:\/\/test.booksfrommexico.com\/es\/producto\/jini-bajlum-woli-yal-seleccion-de-cuentos-chol\/#primaryimage\",\"url\":\"https:\/\/test.booksfrommexico.com\/app\/uploads\/2023\/05\/120385.jpeg\",\"contentUrl\":\"https:\/\/test.booksfrommexico.com\/app\/uploads\/2023\/05\/120385.jpeg\",\"width\":504,\"height\":719},{\"@type\":\"BreadcrumbList\",\"@id\":\"https:\/\/test.booksfrommexico.com\/es\/producto\/jini-bajlum-woli-yal-seleccion-de-cuentos-chol\/#breadcrumb\",\"itemListElement\":[{\"@type\":\"ListItem\",\"position\":1,\"name\":\"Home\",\"item\":\"https:\/\/test.booksfrommexico.com\/es\/\"},{\"@type\":\"ListItem\",\"position\":2,\"name\":\"Libros\",\"item\":\"https:\/\/test.booksfrommexico.com\/es\/libros\/\"},{\"@type\":\"ListItem\",\"position\":3,\"name\":\"Ji\u00f1i bajlum woli y\u00e4l Selecci\u00f3n de cuentos chol \/\"}]},{\"@type\":\"WebSite\",\"@id\":\"https:\/\/test.booksfrommexico.com\/es\/#website\",\"url\":\"https:\/\/test.booksfrommexico.com\/es\/\",\"name\":\"Books From Mexico\",\"description\":\"\",\"publisher\":{\"@id\":\"https:\/\/test.booksfrommexico.com\/es\/#organization\"},\"potentialAction\":[{\"@type\":\"SearchAction\",\"target\":{\"@type\":\"EntryPoint\",\"urlTemplate\":\"https:\/\/test.booksfrommexico.com\/es\/?s={search_term_string}\"},\"query-input\":{\"@type\":\"PropertyValueSpecification\",\"valueRequired\":true,\"valueName\":\"search_term_string\"}}],\"inLanguage\":\"es\"},{\"@type\":\"Organization\",\"@id\":\"https:\/\/test.booksfrommexico.com\/es\/#organization\",\"name\":\"Books From Mexico\",\"url\":\"https:\/\/test.booksfrommexico.com\/es\/\",\"logo\":{\"@type\":\"ImageObject\",\"inLanguage\":\"es\",\"@id\":\"https:\/\/test.booksfrommexico.com\/es\/#\/schema\/logo\/image\/\",\"url\":\"https:\/\/test.booksfrommexico.com\/app\/uploads\/2023\/05\/logo-booksfrommexico.svg\",\"contentUrl\":\"https:\/\/test.booksfrommexico.com\/app\/uploads\/2023\/05\/logo-booksfrommexico.svg\",\"width\":86,\"height\":56,\"caption\":\"Books From Mexico\"},\"image\":{\"@id\":\"https:\/\/test.booksfrommexico.com\/es\/#\/schema\/logo\/image\/\"}}]}<\/script>\n<!-- \/ Yoast SEO plugin. -->","yoast_head_json":{"title":"Ji\u00f1i bajlum woli y\u00e4l Selecci\u00f3n de cuentos chol \/ - Books From Mexico","robots":{"index":"noindex","follow":"follow","max-snippet":"max-snippet:-1","max-image-preview":"max-image-preview:large","max-video-preview":"max-video-preview:-1"},"og_locale":"es_ES","og_type":"article","og_title":"Ji\u00f1i bajlum woli y\u00e4l Selecci\u00f3n de cuentos chol \/ - Books From Mexico","og_description":"Chiapas: Consejo Estatal para las Culturas y las Artes de Chiapas, 2001. 83 pages : 19 cm. Biblioteca Popular de Chiapas, 14. ISBN: 9706970541","og_url":"https:\/\/test.booksfrommexico.com\/es\/producto\/jini-bajlum-woli-yal-seleccion-de-cuentos-chol\/","og_site_name":"Books From Mexico","og_image":[{"width":504,"height":719,"url":"https:\/\/test.booksfrommexico.com\/app\/uploads\/2023\/05\/120385.jpeg","type":"image\/jpeg"}],"twitter_card":"summary_large_image","schema":{"@context":"https:\/\/schema.org","@graph":[{"@type":"WebPage","@id":"https:\/\/test.booksfrommexico.com\/es\/producto\/jini-bajlum-woli-yal-seleccion-de-cuentos-chol\/","url":"https:\/\/test.booksfrommexico.com\/es\/producto\/jini-bajlum-woli-yal-seleccion-de-cuentos-chol\/","name":"Ji\u00f1i bajlum woli y\u00e4l Selecci\u00f3n de cuentos chol \/ - Books From Mexico","isPartOf":{"@id":"https:\/\/test.booksfrommexico.com\/es\/#website"},"primaryImageOfPage":{"@id":"https:\/\/test.booksfrommexico.com\/es\/producto\/jini-bajlum-woli-yal-seleccion-de-cuentos-chol\/#primaryimage"},"image":{"@id":"https:\/\/test.booksfrommexico.com\/es\/producto\/jini-bajlum-woli-yal-seleccion-de-cuentos-chol\/#primaryimage"},"thumbnailUrl":"https:\/\/test.booksfrommexico.com\/app\/uploads\/2023\/05\/120385.jpeg","datePublished":"2023-05-08T16:16:35+00:00","breadcrumb":{"@id":"https:\/\/test.booksfrommexico.com\/es\/producto\/jini-bajlum-woli-yal-seleccion-de-cuentos-chol\/#breadcrumb"},"inLanguage":"es","potentialAction":[{"@type":"ReadAction","target":["https:\/\/test.booksfrommexico.com\/es\/producto\/jini-bajlum-woli-yal-seleccion-de-cuentos-chol\/"]}]},{"@type":"ImageObject","inLanguage":"es","@id":"https:\/\/test.booksfrommexico.com\/es\/producto\/jini-bajlum-woli-yal-seleccion-de-cuentos-chol\/#primaryimage","url":"https:\/\/test.booksfrommexico.com\/app\/uploads\/2023\/05\/120385.jpeg","contentUrl":"https:\/\/test.booksfrommexico.com\/app\/uploads\/2023\/05\/120385.jpeg","width":504,"height":719},{"@type":"BreadcrumbList","@id":"https:\/\/test.booksfrommexico.com\/es\/producto\/jini-bajlum-woli-yal-seleccion-de-cuentos-chol\/#breadcrumb","itemListElement":[{"@type":"ListItem","position":1,"name":"Home","item":"https:\/\/test.booksfrommexico.com\/es\/"},{"@type":"ListItem","position":2,"name":"Libros","item":"https:\/\/test.booksfrommexico.com\/es\/libros\/"},{"@type":"ListItem","position":3,"name":"Ji\u00f1i bajlum woli y\u00e4l Selecci\u00f3n de cuentos chol \/"}]},{"@type":"WebSite","@id":"https:\/\/test.booksfrommexico.com\/es\/#website","url":"https:\/\/test.booksfrommexico.com\/es\/","name":"Books From Mexico","description":"","publisher":{"@id":"https:\/\/test.booksfrommexico.com\/es\/#organization"},"potentialAction":[{"@type":"SearchAction","target":{"@type":"EntryPoint","urlTemplate":"https:\/\/test.booksfrommexico.com\/es\/?s={search_term_string}"},"query-input":{"@type":"PropertyValueSpecification","valueRequired":true,"valueName":"search_term_string"}}],"inLanguage":"es"},{"@type":"Organization","@id":"https:\/\/test.booksfrommexico.com\/es\/#organization","name":"Books From Mexico","url":"https:\/\/test.booksfrommexico.com\/es\/","logo":{"@type":"ImageObject","inLanguage":"es","@id":"https:\/\/test.booksfrommexico.com\/es\/#\/schema\/logo\/image\/","url":"https:\/\/test.booksfrommexico.com\/app\/uploads\/2023\/05\/logo-booksfrommexico.svg","contentUrl":"https:\/\/test.booksfrommexico.com\/app\/uploads\/2023\/05\/logo-booksfrommexico.svg","width":86,"height":56,"caption":"Books From Mexico"},"image":{"@id":"https:\/\/test.booksfrommexico.com\/es\/#\/schema\/logo\/image\/"}}]}},"_links":{"self":[{"href":"https:\/\/test.booksfrommexico.com\/es\/wp-json\/wp\/v2\/product\/195","targetHints":{"allow":["GET"]}}],"collection":[{"href":"https:\/\/test.booksfrommexico.com\/es\/wp-json\/wp\/v2\/product"}],"about":[{"href":"https:\/\/test.booksfrommexico.com\/es\/wp-json\/wp\/v2\/types\/product"}],"wp:featuredmedia":[{"embeddable":true,"href":"https:\/\/test.booksfrommexico.com\/es\/wp-json\/wp\/v2\/media\/194"}],"wp:attachment":[{"href":"https:\/\/test.booksfrommexico.com\/es\/wp-json\/wp\/v2\/media?parent=195"}],"wp:term":[{"taxonomy":"product_brand","embeddable":true,"href":"https:\/\/test.booksfrommexico.com\/es\/wp-json\/wp\/v2\/product_brand?post=195"},{"taxonomy":"product_cat","embeddable":true,"href":"https:\/\/test.booksfrommexico.com\/es\/wp-json\/wp\/v2\/product_cat?post=195"},{"taxonomy":"product_tag","embeddable":true,"href":"https:\/\/test.booksfrommexico.com\/es\/wp-json\/wp\/v2\/product_tag?post=195"}],"curies":[{"name":"wp","href":"https:\/\/api.w.org\/{rel}","templated":true}]}}