{"id":173,"date":"2023-05-08T16:15:35","date_gmt":"2023-05-08T16:15:35","guid":{"rendered":"http:\/\/test.booksfrommexico.com\/product\/los-payobispenses-identidad-poblacion-y-cultura-en-la-frontera-mexico-belice\/"},"modified":"2023-05-08T16:15:35","modified_gmt":"2023-05-08T16:15:35","slug":"los-payobispenses-identidad-poblacion-y-cultura-en-la-frontera-mexico-belice","status":"publish","type":"product","link":"https:\/\/test.booksfrommexico.com\/es\/producto\/los-payobispenses-identidad-poblacion-y-cultura-en-la-frontera-mexico-belice\/","title":{"rendered":"Los Payobispenses Identidad, poblaci\u00f3n y cultura en la frontera M\u00e9xico &#8211; Belice \/"},"content":{"rendered":"","protected":false},"excerpt":{"rendered":"<p>Vallarta V\u00e9lez, Luz del Carmen. LOS PAYOBISPENSES IDENTIDAD, POBLACI\u00d3N Y CULTURA EN LA FRONTERA M\u00c9XICO &#8211; BELICE \/ Luz del Carmen Vallarta V\u00e9lez.  Chetumal, Quintana Roo: Universidad de Quintana Roo, 2001.  451 pages: 19 cm. Bibl., bibl. notes, maps, tables. (Colecci\u00f3n: Sociedad y Cultura en la vida de Quintana Roo, 5) ISBN: 9687864052<\/p>\n","protected":false},"featured_media":172,"template":"","meta":{"_acf_changed":false,"inline_featured_image":false},"product_brand":[],"product_cat":[27],"product_tag":[193,194,195],"class_list":{"0":"post-173","1":"product","2":"type-product","3":"status-publish","4":"has-post-thumbnail","6":"product_cat-history","7":"product_tag-belize-history","8":"product_tag-chetumal-mexico-history","9":"product_tag-mexico-relations-belize","11":"first","12":"instock","13":"taxable","14":"shipping-taxable","15":"purchasable","16":"product-type-simple"},"acf":[],"yoast_head":"<!-- This site is optimized with the Yoast SEO plugin v27.2 - https:\/\/yoast.com\/product\/yoast-seo-wordpress\/ -->\n<title>Los Payobispenses Identidad, poblaci\u00f3n y cultura en la frontera M\u00e9xico - Belice \/ - Books From Mexico<\/title>\n<meta name=\"robots\" content=\"noindex, follow, max-snippet:-1, max-image-preview:large, max-video-preview:-1\" \/>\n<meta property=\"og:locale\" content=\"es_ES\" \/>\n<meta property=\"og:type\" content=\"article\" \/>\n<meta property=\"og:title\" content=\"Los Payobispenses Identidad, poblaci\u00f3n y cultura en la frontera M\u00e9xico - Belice \/ - Books From Mexico\" \/>\n<meta property=\"og:description\" content=\"Vallarta V\u00e9lez, Luz del Carmen. LOS PAYOBISPENSES IDENTIDAD, POBLACI\u00d3N Y CULTURA EN LA FRONTERA M\u00c9XICO - BELICE \/ Luz del Carmen Vallarta V\u00e9lez. Chetumal, Quintana Roo: Universidad de Quintana Roo, 2001. 451 pages: 19 cm. Bibl., bibl. notes, maps, tables. (Colecci\u00f3n: Sociedad y Cultura en la vida de Quintana Roo, 5) ISBN: 9687864052\" \/>\n<meta property=\"og:url\" content=\"https:\/\/test.booksfrommexico.com\/es\/producto\/los-payobispenses-identidad-poblacion-y-cultura-en-la-frontera-mexico-belice\/\" \/>\n<meta property=\"og:site_name\" content=\"Books From Mexico\" \/>\n<meta property=\"og:image\" content=\"https:\/\/test.booksfrommexico.com\/app\/uploads\/2023\/05\/119341.jpeg\" \/>\n\t<meta property=\"og:image:width\" content=\"524\" \/>\n\t<meta property=\"og:image:height\" content=\"809\" \/>\n\t<meta property=\"og:image:type\" content=\"image\/jpeg\" \/>\n<meta name=\"twitter:card\" content=\"summary_large_image\" \/>\n<script type=\"application\/ld+json\" class=\"yoast-schema-graph\">{\"@context\":\"https:\/\/schema.org\",\"@graph\":[{\"@type\":\"WebPage\",\"@id\":\"https:\/\/test.booksfrommexico.com\/es\/producto\/los-payobispenses-identidad-poblacion-y-cultura-en-la-frontera-mexico-belice\/\",\"url\":\"https:\/\/test.booksfrommexico.com\/es\/producto\/los-payobispenses-identidad-poblacion-y-cultura-en-la-frontera-mexico-belice\/\",\"name\":\"Los Payobispenses Identidad, poblaci\u00f3n y cultura en la frontera M\u00e9xico - Belice \/ - Books From Mexico\",\"isPartOf\":{\"@id\":\"https:\/\/test.booksfrommexico.com\/es\/#website\"},\"primaryImageOfPage\":{\"@id\":\"https:\/\/test.booksfrommexico.com\/es\/producto\/los-payobispenses-identidad-poblacion-y-cultura-en-la-frontera-mexico-belice\/#primaryimage\"},\"image\":{\"@id\":\"https:\/\/test.booksfrommexico.com\/es\/producto\/los-payobispenses-identidad-poblacion-y-cultura-en-la-frontera-mexico-belice\/#primaryimage\"},\"thumbnailUrl\":\"https:\/\/test.booksfrommexico.com\/app\/uploads\/2023\/05\/119341.jpeg\",\"datePublished\":\"2023-05-08T16:15:35+00:00\",\"breadcrumb\":{\"@id\":\"https:\/\/test.booksfrommexico.com\/es\/producto\/los-payobispenses-identidad-poblacion-y-cultura-en-la-frontera-mexico-belice\/#breadcrumb\"},\"inLanguage\":\"es\",\"potentialAction\":[{\"@type\":\"ReadAction\",\"target\":[\"https:\/\/test.booksfrommexico.com\/es\/producto\/los-payobispenses-identidad-poblacion-y-cultura-en-la-frontera-mexico-belice\/\"]}]},{\"@type\":\"ImageObject\",\"inLanguage\":\"es\",\"@id\":\"https:\/\/test.booksfrommexico.com\/es\/producto\/los-payobispenses-identidad-poblacion-y-cultura-en-la-frontera-mexico-belice\/#primaryimage\",\"url\":\"https:\/\/test.booksfrommexico.com\/app\/uploads\/2023\/05\/119341.jpeg\",\"contentUrl\":\"https:\/\/test.booksfrommexico.com\/app\/uploads\/2023\/05\/119341.jpeg\",\"width\":524,\"height\":809},{\"@type\":\"BreadcrumbList\",\"@id\":\"https:\/\/test.booksfrommexico.com\/es\/producto\/los-payobispenses-identidad-poblacion-y-cultura-en-la-frontera-mexico-belice\/#breadcrumb\",\"itemListElement\":[{\"@type\":\"ListItem\",\"position\":1,\"name\":\"Home\",\"item\":\"https:\/\/test.booksfrommexico.com\/es\/\"},{\"@type\":\"ListItem\",\"position\":2,\"name\":\"Libros\",\"item\":\"https:\/\/test.booksfrommexico.com\/es\/libros\/\"},{\"@type\":\"ListItem\",\"position\":3,\"name\":\"Los Payobispenses Identidad, poblaci\u00f3n y cultura en la frontera M\u00e9xico &#8211; Belice \/\"}]},{\"@type\":\"WebSite\",\"@id\":\"https:\/\/test.booksfrommexico.com\/es\/#website\",\"url\":\"https:\/\/test.booksfrommexico.com\/es\/\",\"name\":\"Books From Mexico\",\"description\":\"\",\"publisher\":{\"@id\":\"https:\/\/test.booksfrommexico.com\/es\/#organization\"},\"potentialAction\":[{\"@type\":\"SearchAction\",\"target\":{\"@type\":\"EntryPoint\",\"urlTemplate\":\"https:\/\/test.booksfrommexico.com\/es\/?s={search_term_string}\"},\"query-input\":{\"@type\":\"PropertyValueSpecification\",\"valueRequired\":true,\"valueName\":\"search_term_string\"}}],\"inLanguage\":\"es\"},{\"@type\":\"Organization\",\"@id\":\"https:\/\/test.booksfrommexico.com\/es\/#organization\",\"name\":\"Books From Mexico\",\"url\":\"https:\/\/test.booksfrommexico.com\/es\/\",\"logo\":{\"@type\":\"ImageObject\",\"inLanguage\":\"es\",\"@id\":\"https:\/\/test.booksfrommexico.com\/es\/#\/schema\/logo\/image\/\",\"url\":\"https:\/\/test.booksfrommexico.com\/app\/uploads\/2023\/05\/logo-booksfrommexico.svg\",\"contentUrl\":\"https:\/\/test.booksfrommexico.com\/app\/uploads\/2023\/05\/logo-booksfrommexico.svg\",\"width\":86,\"height\":56,\"caption\":\"Books From Mexico\"},\"image\":{\"@id\":\"https:\/\/test.booksfrommexico.com\/es\/#\/schema\/logo\/image\/\"}}]}<\/script>\n<!-- \/ Yoast SEO plugin. -->","yoast_head_json":{"title":"Los Payobispenses Identidad, poblaci\u00f3n y cultura en la frontera M\u00e9xico - Belice \/ - Books From Mexico","robots":{"index":"noindex","follow":"follow","max-snippet":"max-snippet:-1","max-image-preview":"max-image-preview:large","max-video-preview":"max-video-preview:-1"},"og_locale":"es_ES","og_type":"article","og_title":"Los Payobispenses Identidad, poblaci\u00f3n y cultura en la frontera M\u00e9xico - Belice \/ - Books From Mexico","og_description":"Vallarta V\u00e9lez, Luz del Carmen. LOS PAYOBISPENSES IDENTIDAD, POBLACI\u00d3N Y CULTURA EN LA FRONTERA M\u00c9XICO - BELICE \/ Luz del Carmen Vallarta V\u00e9lez. Chetumal, Quintana Roo: Universidad de Quintana Roo, 2001. 451 pages: 19 cm. Bibl., bibl. notes, maps, tables. (Colecci\u00f3n: Sociedad y Cultura en la vida de Quintana Roo, 5) ISBN: 9687864052","og_url":"https:\/\/test.booksfrommexico.com\/es\/producto\/los-payobispenses-identidad-poblacion-y-cultura-en-la-frontera-mexico-belice\/","og_site_name":"Books From Mexico","og_image":[{"width":524,"height":809,"url":"https:\/\/test.booksfrommexico.com\/app\/uploads\/2023\/05\/119341.jpeg","type":"image\/jpeg"}],"twitter_card":"summary_large_image","schema":{"@context":"https:\/\/schema.org","@graph":[{"@type":"WebPage","@id":"https:\/\/test.booksfrommexico.com\/es\/producto\/los-payobispenses-identidad-poblacion-y-cultura-en-la-frontera-mexico-belice\/","url":"https:\/\/test.booksfrommexico.com\/es\/producto\/los-payobispenses-identidad-poblacion-y-cultura-en-la-frontera-mexico-belice\/","name":"Los Payobispenses Identidad, poblaci\u00f3n y cultura en la frontera M\u00e9xico - Belice \/ - Books From Mexico","isPartOf":{"@id":"https:\/\/test.booksfrommexico.com\/es\/#website"},"primaryImageOfPage":{"@id":"https:\/\/test.booksfrommexico.com\/es\/producto\/los-payobispenses-identidad-poblacion-y-cultura-en-la-frontera-mexico-belice\/#primaryimage"},"image":{"@id":"https:\/\/test.booksfrommexico.com\/es\/producto\/los-payobispenses-identidad-poblacion-y-cultura-en-la-frontera-mexico-belice\/#primaryimage"},"thumbnailUrl":"https:\/\/test.booksfrommexico.com\/app\/uploads\/2023\/05\/119341.jpeg","datePublished":"2023-05-08T16:15:35+00:00","breadcrumb":{"@id":"https:\/\/test.booksfrommexico.com\/es\/producto\/los-payobispenses-identidad-poblacion-y-cultura-en-la-frontera-mexico-belice\/#breadcrumb"},"inLanguage":"es","potentialAction":[{"@type":"ReadAction","target":["https:\/\/test.booksfrommexico.com\/es\/producto\/los-payobispenses-identidad-poblacion-y-cultura-en-la-frontera-mexico-belice\/"]}]},{"@type":"ImageObject","inLanguage":"es","@id":"https:\/\/test.booksfrommexico.com\/es\/producto\/los-payobispenses-identidad-poblacion-y-cultura-en-la-frontera-mexico-belice\/#primaryimage","url":"https:\/\/test.booksfrommexico.com\/app\/uploads\/2023\/05\/119341.jpeg","contentUrl":"https:\/\/test.booksfrommexico.com\/app\/uploads\/2023\/05\/119341.jpeg","width":524,"height":809},{"@type":"BreadcrumbList","@id":"https:\/\/test.booksfrommexico.com\/es\/producto\/los-payobispenses-identidad-poblacion-y-cultura-en-la-frontera-mexico-belice\/#breadcrumb","itemListElement":[{"@type":"ListItem","position":1,"name":"Home","item":"https:\/\/test.booksfrommexico.com\/es\/"},{"@type":"ListItem","position":2,"name":"Libros","item":"https:\/\/test.booksfrommexico.com\/es\/libros\/"},{"@type":"ListItem","position":3,"name":"Los Payobispenses Identidad, poblaci\u00f3n y cultura en la frontera M\u00e9xico &#8211; Belice \/"}]},{"@type":"WebSite","@id":"https:\/\/test.booksfrommexico.com\/es\/#website","url":"https:\/\/test.booksfrommexico.com\/es\/","name":"Books From Mexico","description":"","publisher":{"@id":"https:\/\/test.booksfrommexico.com\/es\/#organization"},"potentialAction":[{"@type":"SearchAction","target":{"@type":"EntryPoint","urlTemplate":"https:\/\/test.booksfrommexico.com\/es\/?s={search_term_string}"},"query-input":{"@type":"PropertyValueSpecification","valueRequired":true,"valueName":"search_term_string"}}],"inLanguage":"es"},{"@type":"Organization","@id":"https:\/\/test.booksfrommexico.com\/es\/#organization","name":"Books From Mexico","url":"https:\/\/test.booksfrommexico.com\/es\/","logo":{"@type":"ImageObject","inLanguage":"es","@id":"https:\/\/test.booksfrommexico.com\/es\/#\/schema\/logo\/image\/","url":"https:\/\/test.booksfrommexico.com\/app\/uploads\/2023\/05\/logo-booksfrommexico.svg","contentUrl":"https:\/\/test.booksfrommexico.com\/app\/uploads\/2023\/05\/logo-booksfrommexico.svg","width":86,"height":56,"caption":"Books From Mexico"},"image":{"@id":"https:\/\/test.booksfrommexico.com\/es\/#\/schema\/logo\/image\/"}}]}},"_links":{"self":[{"href":"https:\/\/test.booksfrommexico.com\/es\/wp-json\/wp\/v2\/product\/173","targetHints":{"allow":["GET"]}}],"collection":[{"href":"https:\/\/test.booksfrommexico.com\/es\/wp-json\/wp\/v2\/product"}],"about":[{"href":"https:\/\/test.booksfrommexico.com\/es\/wp-json\/wp\/v2\/types\/product"}],"wp:featuredmedia":[{"embeddable":true,"href":"https:\/\/test.booksfrommexico.com\/es\/wp-json\/wp\/v2\/media\/172"}],"wp:attachment":[{"href":"https:\/\/test.booksfrommexico.com\/es\/wp-json\/wp\/v2\/media?parent=173"}],"wp:term":[{"taxonomy":"product_brand","embeddable":true,"href":"https:\/\/test.booksfrommexico.com\/es\/wp-json\/wp\/v2\/product_brand?post=173"},{"taxonomy":"product_cat","embeddable":true,"href":"https:\/\/test.booksfrommexico.com\/es\/wp-json\/wp\/v2\/product_cat?post=173"},{"taxonomy":"product_tag","embeddable":true,"href":"https:\/\/test.booksfrommexico.com\/es\/wp-json\/wp\/v2\/product_tag?post=173"}],"curies":[{"name":"wp","href":"https:\/\/api.w.org\/{rel}","templated":true}]}}