{"id":141,"date":"2023-05-08T16:13:26","date_gmt":"2023-05-08T16:13:26","guid":{"rendered":"http:\/\/test.booksfrommexico.com\/product\/miradas-y-voces-en-torno-a-la-educacion-bilingue-indigena\/"},"modified":"2023-05-08T16:13:26","modified_gmt":"2023-05-08T16:13:26","slug":"miradas-y-voces-en-torno-a-la-educacion-bilingue-indigena","status":"publish","type":"product","link":"https:\/\/test.booksfrommexico.com\/es\/producto\/miradas-y-voces-en-torno-a-la-educacion-bilingue-indigena\/","title":{"rendered":"Miradas y voces en torno a la educaci\u00f3n biling\u00fce ind\u00edgena \/"},"content":{"rendered":"","protected":false},"excerpt":{"rendered":"<p>Mu\u00f1oz Cruz, H\u00e9ctor. MIRADAS Y VOCES EN TORNO A LA EDUCACI\u00d3N BILING\u00dcE IND\u00cdGENA \/<br \/>\nH\u00e9ctor Mu\u00f1oz Cruz (Editor). Oaxaca: Universidad Pedag\u00f3gica Nacional Oaxaca; Rep\u00fablica de Chile:<br \/>\nMinisterio de Educaci\u00f3n, Rep\u00fablica de Chile, 2000. 273 p. 28 cm. Bibl., notes, tables. ISBN:<br \/>\n9687165464<\/p>\n","protected":false},"featured_media":140,"template":"","meta":{"_acf_changed":false,"inline_featured_image":false},"product_brand":[],"product_cat":[59],"product_tag":[],"class_list":{"0":"post-141","1":"product","2":"type-product","3":"status-publish","4":"has-post-thumbnail","6":"product_cat-education","8":"first","9":"instock","10":"taxable","11":"shipping-taxable","12":"purchasable","13":"product-type-simple"},"acf":[],"yoast_head":"<!-- This site is optimized with the Yoast SEO plugin v27.2 - https:\/\/yoast.com\/product\/yoast-seo-wordpress\/ -->\n<title>Miradas y voces en torno a la educaci\u00f3n biling\u00fce ind\u00edgena \/ - Books From Mexico<\/title>\n<meta name=\"robots\" content=\"noindex, follow, max-snippet:-1, max-image-preview:large, max-video-preview:-1\" \/>\n<meta property=\"og:locale\" content=\"es_ES\" \/>\n<meta property=\"og:type\" content=\"article\" \/>\n<meta property=\"og:title\" content=\"Miradas y voces en torno a la educaci\u00f3n biling\u00fce ind\u00edgena \/ - Books From Mexico\" \/>\n<meta property=\"og:description\" content=\"Mu\u00f1oz Cruz, H\u00e9ctor. MIRADAS Y VOCES EN TORNO A LA EDUCACI\u00d3N BILING\u00dcE IND\u00cdGENA \/ H\u00e9ctor Mu\u00f1oz Cruz (Editor). Oaxaca: Universidad Pedag\u00f3gica Nacional Oaxaca; Rep\u00fablica de Chile: Ministerio de Educaci\u00f3n, Rep\u00fablica de Chile, 2000. 273 p. 28 cm. Bibl., notes, tables. ISBN: 9687165464\" \/>\n<meta property=\"og:url\" content=\"https:\/\/test.booksfrommexico.com\/es\/producto\/miradas-y-voces-en-torno-a-la-educacion-bilingue-indigena\/\" \/>\n<meta property=\"og:site_name\" content=\"Books From Mexico\" \/>\n<meta property=\"og:image\" content=\"https:\/\/test.booksfrommexico.com\/app\/uploads\/2023\/05\/112048.jpeg\" \/>\n\t<meta property=\"og:image:width\" content=\"743\" \/>\n\t<meta property=\"og:image:height\" content=\"1042\" \/>\n\t<meta property=\"og:image:type\" content=\"image\/jpeg\" \/>\n<meta name=\"twitter:card\" content=\"summary_large_image\" \/>\n<script type=\"application\/ld+json\" class=\"yoast-schema-graph\">{\"@context\":\"https:\/\/schema.org\",\"@graph\":[{\"@type\":\"WebPage\",\"@id\":\"https:\/\/test.booksfrommexico.com\/es\/producto\/miradas-y-voces-en-torno-a-la-educacion-bilingue-indigena\/\",\"url\":\"https:\/\/test.booksfrommexico.com\/es\/producto\/miradas-y-voces-en-torno-a-la-educacion-bilingue-indigena\/\",\"name\":\"Miradas y voces en torno a la educaci\u00f3n biling\u00fce ind\u00edgena \/ - Books From Mexico\",\"isPartOf\":{\"@id\":\"https:\/\/test.booksfrommexico.com\/es\/#website\"},\"primaryImageOfPage\":{\"@id\":\"https:\/\/test.booksfrommexico.com\/es\/producto\/miradas-y-voces-en-torno-a-la-educacion-bilingue-indigena\/#primaryimage\"},\"image\":{\"@id\":\"https:\/\/test.booksfrommexico.com\/es\/producto\/miradas-y-voces-en-torno-a-la-educacion-bilingue-indigena\/#primaryimage\"},\"thumbnailUrl\":\"https:\/\/test.booksfrommexico.com\/app\/uploads\/2023\/05\/112048.jpeg\",\"datePublished\":\"2023-05-08T16:13:26+00:00\",\"breadcrumb\":{\"@id\":\"https:\/\/test.booksfrommexico.com\/es\/producto\/miradas-y-voces-en-torno-a-la-educacion-bilingue-indigena\/#breadcrumb\"},\"inLanguage\":\"es\",\"potentialAction\":[{\"@type\":\"ReadAction\",\"target\":[\"https:\/\/test.booksfrommexico.com\/es\/producto\/miradas-y-voces-en-torno-a-la-educacion-bilingue-indigena\/\"]}]},{\"@type\":\"ImageObject\",\"inLanguage\":\"es\",\"@id\":\"https:\/\/test.booksfrommexico.com\/es\/producto\/miradas-y-voces-en-torno-a-la-educacion-bilingue-indigena\/#primaryimage\",\"url\":\"https:\/\/test.booksfrommexico.com\/app\/uploads\/2023\/05\/112048.jpeg\",\"contentUrl\":\"https:\/\/test.booksfrommexico.com\/app\/uploads\/2023\/05\/112048.jpeg\",\"width\":743,\"height\":1042},{\"@type\":\"BreadcrumbList\",\"@id\":\"https:\/\/test.booksfrommexico.com\/es\/producto\/miradas-y-voces-en-torno-a-la-educacion-bilingue-indigena\/#breadcrumb\",\"itemListElement\":[{\"@type\":\"ListItem\",\"position\":1,\"name\":\"Home\",\"item\":\"https:\/\/test.booksfrommexico.com\/es\/\"},{\"@type\":\"ListItem\",\"position\":2,\"name\":\"Libros\",\"item\":\"https:\/\/test.booksfrommexico.com\/es\/libros\/\"},{\"@type\":\"ListItem\",\"position\":3,\"name\":\"Miradas y voces en torno a la educaci\u00f3n biling\u00fce ind\u00edgena \/\"}]},{\"@type\":\"WebSite\",\"@id\":\"https:\/\/test.booksfrommexico.com\/es\/#website\",\"url\":\"https:\/\/test.booksfrommexico.com\/es\/\",\"name\":\"Books From Mexico\",\"description\":\"\",\"publisher\":{\"@id\":\"https:\/\/test.booksfrommexico.com\/es\/#organization\"},\"potentialAction\":[{\"@type\":\"SearchAction\",\"target\":{\"@type\":\"EntryPoint\",\"urlTemplate\":\"https:\/\/test.booksfrommexico.com\/es\/?s={search_term_string}\"},\"query-input\":{\"@type\":\"PropertyValueSpecification\",\"valueRequired\":true,\"valueName\":\"search_term_string\"}}],\"inLanguage\":\"es\"},{\"@type\":\"Organization\",\"@id\":\"https:\/\/test.booksfrommexico.com\/es\/#organization\",\"name\":\"Books From Mexico\",\"url\":\"https:\/\/test.booksfrommexico.com\/es\/\",\"logo\":{\"@type\":\"ImageObject\",\"inLanguage\":\"es\",\"@id\":\"https:\/\/test.booksfrommexico.com\/es\/#\/schema\/logo\/image\/\",\"url\":\"https:\/\/test.booksfrommexico.com\/app\/uploads\/2023\/05\/logo-booksfrommexico.svg\",\"contentUrl\":\"https:\/\/test.booksfrommexico.com\/app\/uploads\/2023\/05\/logo-booksfrommexico.svg\",\"width\":86,\"height\":56,\"caption\":\"Books From Mexico\"},\"image\":{\"@id\":\"https:\/\/test.booksfrommexico.com\/es\/#\/schema\/logo\/image\/\"}}]}<\/script>\n<!-- \/ Yoast SEO plugin. -->","yoast_head_json":{"title":"Miradas y voces en torno a la educaci\u00f3n biling\u00fce ind\u00edgena \/ - Books From Mexico","robots":{"index":"noindex","follow":"follow","max-snippet":"max-snippet:-1","max-image-preview":"max-image-preview:large","max-video-preview":"max-video-preview:-1"},"og_locale":"es_ES","og_type":"article","og_title":"Miradas y voces en torno a la educaci\u00f3n biling\u00fce ind\u00edgena \/ - Books From Mexico","og_description":"Mu\u00f1oz Cruz, H\u00e9ctor. MIRADAS Y VOCES EN TORNO A LA EDUCACI\u00d3N BILING\u00dcE IND\u00cdGENA \/ H\u00e9ctor Mu\u00f1oz Cruz (Editor). Oaxaca: Universidad Pedag\u00f3gica Nacional Oaxaca; Rep\u00fablica de Chile: Ministerio de Educaci\u00f3n, Rep\u00fablica de Chile, 2000. 273 p. 28 cm. Bibl., notes, tables. ISBN: 9687165464","og_url":"https:\/\/test.booksfrommexico.com\/es\/producto\/miradas-y-voces-en-torno-a-la-educacion-bilingue-indigena\/","og_site_name":"Books From Mexico","og_image":[{"width":743,"height":1042,"url":"https:\/\/test.booksfrommexico.com\/app\/uploads\/2023\/05\/112048.jpeg","type":"image\/jpeg"}],"twitter_card":"summary_large_image","schema":{"@context":"https:\/\/schema.org","@graph":[{"@type":"WebPage","@id":"https:\/\/test.booksfrommexico.com\/es\/producto\/miradas-y-voces-en-torno-a-la-educacion-bilingue-indigena\/","url":"https:\/\/test.booksfrommexico.com\/es\/producto\/miradas-y-voces-en-torno-a-la-educacion-bilingue-indigena\/","name":"Miradas y voces en torno a la educaci\u00f3n biling\u00fce ind\u00edgena \/ - Books From Mexico","isPartOf":{"@id":"https:\/\/test.booksfrommexico.com\/es\/#website"},"primaryImageOfPage":{"@id":"https:\/\/test.booksfrommexico.com\/es\/producto\/miradas-y-voces-en-torno-a-la-educacion-bilingue-indigena\/#primaryimage"},"image":{"@id":"https:\/\/test.booksfrommexico.com\/es\/producto\/miradas-y-voces-en-torno-a-la-educacion-bilingue-indigena\/#primaryimage"},"thumbnailUrl":"https:\/\/test.booksfrommexico.com\/app\/uploads\/2023\/05\/112048.jpeg","datePublished":"2023-05-08T16:13:26+00:00","breadcrumb":{"@id":"https:\/\/test.booksfrommexico.com\/es\/producto\/miradas-y-voces-en-torno-a-la-educacion-bilingue-indigena\/#breadcrumb"},"inLanguage":"es","potentialAction":[{"@type":"ReadAction","target":["https:\/\/test.booksfrommexico.com\/es\/producto\/miradas-y-voces-en-torno-a-la-educacion-bilingue-indigena\/"]}]},{"@type":"ImageObject","inLanguage":"es","@id":"https:\/\/test.booksfrommexico.com\/es\/producto\/miradas-y-voces-en-torno-a-la-educacion-bilingue-indigena\/#primaryimage","url":"https:\/\/test.booksfrommexico.com\/app\/uploads\/2023\/05\/112048.jpeg","contentUrl":"https:\/\/test.booksfrommexico.com\/app\/uploads\/2023\/05\/112048.jpeg","width":743,"height":1042},{"@type":"BreadcrumbList","@id":"https:\/\/test.booksfrommexico.com\/es\/producto\/miradas-y-voces-en-torno-a-la-educacion-bilingue-indigena\/#breadcrumb","itemListElement":[{"@type":"ListItem","position":1,"name":"Home","item":"https:\/\/test.booksfrommexico.com\/es\/"},{"@type":"ListItem","position":2,"name":"Libros","item":"https:\/\/test.booksfrommexico.com\/es\/libros\/"},{"@type":"ListItem","position":3,"name":"Miradas y voces en torno a la educaci\u00f3n biling\u00fce ind\u00edgena \/"}]},{"@type":"WebSite","@id":"https:\/\/test.booksfrommexico.com\/es\/#website","url":"https:\/\/test.booksfrommexico.com\/es\/","name":"Books From Mexico","description":"","publisher":{"@id":"https:\/\/test.booksfrommexico.com\/es\/#organization"},"potentialAction":[{"@type":"SearchAction","target":{"@type":"EntryPoint","urlTemplate":"https:\/\/test.booksfrommexico.com\/es\/?s={search_term_string}"},"query-input":{"@type":"PropertyValueSpecification","valueRequired":true,"valueName":"search_term_string"}}],"inLanguage":"es"},{"@type":"Organization","@id":"https:\/\/test.booksfrommexico.com\/es\/#organization","name":"Books From Mexico","url":"https:\/\/test.booksfrommexico.com\/es\/","logo":{"@type":"ImageObject","inLanguage":"es","@id":"https:\/\/test.booksfrommexico.com\/es\/#\/schema\/logo\/image\/","url":"https:\/\/test.booksfrommexico.com\/app\/uploads\/2023\/05\/logo-booksfrommexico.svg","contentUrl":"https:\/\/test.booksfrommexico.com\/app\/uploads\/2023\/05\/logo-booksfrommexico.svg","width":86,"height":56,"caption":"Books From Mexico"},"image":{"@id":"https:\/\/test.booksfrommexico.com\/es\/#\/schema\/logo\/image\/"}}]}},"_links":{"self":[{"href":"https:\/\/test.booksfrommexico.com\/es\/wp-json\/wp\/v2\/product\/141","targetHints":{"allow":["GET"]}}],"collection":[{"href":"https:\/\/test.booksfrommexico.com\/es\/wp-json\/wp\/v2\/product"}],"about":[{"href":"https:\/\/test.booksfrommexico.com\/es\/wp-json\/wp\/v2\/types\/product"}],"wp:featuredmedia":[{"embeddable":true,"href":"https:\/\/test.booksfrommexico.com\/es\/wp-json\/wp\/v2\/media\/140"}],"wp:attachment":[{"href":"https:\/\/test.booksfrommexico.com\/es\/wp-json\/wp\/v2\/media?parent=141"}],"wp:term":[{"taxonomy":"product_brand","embeddable":true,"href":"https:\/\/test.booksfrommexico.com\/es\/wp-json\/wp\/v2\/product_brand?post=141"},{"taxonomy":"product_cat","embeddable":true,"href":"https:\/\/test.booksfrommexico.com\/es\/wp-json\/wp\/v2\/product_cat?post=141"},{"taxonomy":"product_tag","embeddable":true,"href":"https:\/\/test.booksfrommexico.com\/es\/wp-json\/wp\/v2\/product_tag?post=141"}],"curies":[{"name":"wp","href":"https:\/\/api.w.org\/{rel}","templated":true}]}}