{"id":133,"date":"2023-05-08T16:12:47","date_gmt":"2023-05-08T16:12:47","guid":{"rendered":"http:\/\/test.booksfrommexico.com\/product\/la-experiencia-migrante-iconografia-de-la-migracion-mexico-estados-unidos\/"},"modified":"2023-05-08T16:12:47","modified_gmt":"2023-05-08T16:12:47","slug":"la-experiencia-migrante-iconografia-de-la-migracion-mexico-estados-unidos","status":"publish","type":"product","link":"https:\/\/test.booksfrommexico.com\/es\/producto\/la-experiencia-migrante-iconografia-de-la-migracion-mexico-estados-unidos\/","title":{"rendered":"La Experiencia migrante Iconograf\u00eda de la migraci\u00f3n, M\u00e9xico-Estados Unidos \/"},"content":{"rendered":"","protected":false},"excerpt":{"rendered":"<p>Durand, Jorge. LA EXPERIENCIA MIGRANTE. ICONOGRAF\u00cdA DE LA MIGRACI\u00d3N, M\u00c9XICO-<br \/>\nESTADOS UNIDOS \/ Jorge Durand, Patricia Arias. Tlaquepaque, Jalisco: Instituto Tecnol\u00f3gico de<br \/>\nEstudios Superiores de Occidente; Aguascalientes, Ags.: Universidad Aut\u00f3noma de<br \/>\nAguascalientes;Tepic, Nayarit: Universidad Aut\u00f3noma de Nayarit; Zacatecas, Zac.: Universidad<br \/>\nAut\u00f3noma de Zacatecas; Colima, Col.: Universidad de Colima, 2000. 202 pages: 20 cm. Bibl., notes,<br \/>\nillus., maps, photos ISBN: 9688958832<\/p>\n","protected":false},"featured_media":132,"template":"","meta":{"_acf_changed":false,"inline_featured_image":false},"product_brand":[],"product_cat":[42],"product_tag":[135,136,137],"class_list":{"0":"post-133","1":"product","2":"type-product","3":"status-publish","4":"has-post-thumbnail","6":"product_cat-immigration-issues-and-human-migrations","7":"product_tag-estados-unidos-emigracion-e-inmigracion-historia","8":"product_tag-mexicanos-estados-unidos-historia","9":"product_tag-mexico-emigracion-e-inmigracion-historia","11":"first","12":"instock","13":"taxable","14":"shipping-taxable","15":"purchasable","16":"product-type-simple"},"acf":[],"yoast_head":"<!-- This site is optimized with the Yoast SEO plugin v27.2 - https:\/\/yoast.com\/product\/yoast-seo-wordpress\/ -->\n<title>La Experiencia migrante Iconograf\u00eda de la migraci\u00f3n, M\u00e9xico-Estados Unidos \/ - Books From Mexico<\/title>\n<meta name=\"robots\" content=\"noindex, follow, max-snippet:-1, max-image-preview:large, max-video-preview:-1\" \/>\n<meta property=\"og:locale\" content=\"es_ES\" \/>\n<meta property=\"og:type\" content=\"article\" \/>\n<meta property=\"og:title\" content=\"La Experiencia migrante Iconograf\u00eda de la migraci\u00f3n, M\u00e9xico-Estados Unidos \/ - Books From Mexico\" \/>\n<meta property=\"og:description\" content=\"Durand, Jorge. LA EXPERIENCIA MIGRANTE. ICONOGRAF\u00cdA DE LA MIGRACI\u00d3N, M\u00c9XICO- ESTADOS UNIDOS \/ Jorge Durand, Patricia Arias. Tlaquepaque, Jalisco: Instituto Tecnol\u00f3gico de Estudios Superiores de Occidente; Aguascalientes, Ags.: Universidad Aut\u00f3noma de Aguascalientes;Tepic, Nayarit: Universidad Aut\u00f3noma de Nayarit; Zacatecas, Zac.: Universidad Aut\u00f3noma de Zacatecas; Colima, Col.: Universidad de Colima, 2000. 202 pages: 20 cm. Bibl., notes, illus., maps, photos ISBN: 9688958832\" \/>\n<meta property=\"og:url\" content=\"https:\/\/test.booksfrommexico.com\/es\/producto\/la-experiencia-migrante-iconografia-de-la-migracion-mexico-estados-unidos\/\" \/>\n<meta property=\"og:site_name\" content=\"Books From Mexico\" \/>\n<meta property=\"og:image\" content=\"https:\/\/test.booksfrommexico.com\/app\/uploads\/2023\/05\/108784-e1637869474216.jpeg\" \/>\n\t<meta property=\"og:image:width\" content=\"655\" \/>\n\t<meta property=\"og:image:height\" content=\"795\" \/>\n\t<meta property=\"og:image:type\" content=\"image\/jpeg\" \/>\n<meta name=\"twitter:card\" content=\"summary_large_image\" \/>\n<script type=\"application\/ld+json\" class=\"yoast-schema-graph\">{\"@context\":\"https:\/\/schema.org\",\"@graph\":[{\"@type\":\"WebPage\",\"@id\":\"https:\/\/test.booksfrommexico.com\/es\/producto\/la-experiencia-migrante-iconografia-de-la-migracion-mexico-estados-unidos\/\",\"url\":\"https:\/\/test.booksfrommexico.com\/es\/producto\/la-experiencia-migrante-iconografia-de-la-migracion-mexico-estados-unidos\/\",\"name\":\"La Experiencia migrante Iconograf\u00eda de la migraci\u00f3n, M\u00e9xico-Estados Unidos \/ - Books From Mexico\",\"isPartOf\":{\"@id\":\"https:\/\/test.booksfrommexico.com\/es\/#website\"},\"primaryImageOfPage\":{\"@id\":\"https:\/\/test.booksfrommexico.com\/es\/producto\/la-experiencia-migrante-iconografia-de-la-migracion-mexico-estados-unidos\/#primaryimage\"},\"image\":{\"@id\":\"https:\/\/test.booksfrommexico.com\/es\/producto\/la-experiencia-migrante-iconografia-de-la-migracion-mexico-estados-unidos\/#primaryimage\"},\"thumbnailUrl\":\"https:\/\/test.booksfrommexico.com\/app\/uploads\/2023\/05\/108784-e1637869474216.jpeg\",\"datePublished\":\"2023-05-08T16:12:47+00:00\",\"breadcrumb\":{\"@id\":\"https:\/\/test.booksfrommexico.com\/es\/producto\/la-experiencia-migrante-iconografia-de-la-migracion-mexico-estados-unidos\/#breadcrumb\"},\"inLanguage\":\"es\",\"potentialAction\":[{\"@type\":\"ReadAction\",\"target\":[\"https:\/\/test.booksfrommexico.com\/es\/producto\/la-experiencia-migrante-iconografia-de-la-migracion-mexico-estados-unidos\/\"]}]},{\"@type\":\"ImageObject\",\"inLanguage\":\"es\",\"@id\":\"https:\/\/test.booksfrommexico.com\/es\/producto\/la-experiencia-migrante-iconografia-de-la-migracion-mexico-estados-unidos\/#primaryimage\",\"url\":\"https:\/\/test.booksfrommexico.com\/app\/uploads\/2023\/05\/108784-e1637869474216.jpeg\",\"contentUrl\":\"https:\/\/test.booksfrommexico.com\/app\/uploads\/2023\/05\/108784-e1637869474216.jpeg\",\"width\":655,\"height\":795},{\"@type\":\"BreadcrumbList\",\"@id\":\"https:\/\/test.booksfrommexico.com\/es\/producto\/la-experiencia-migrante-iconografia-de-la-migracion-mexico-estados-unidos\/#breadcrumb\",\"itemListElement\":[{\"@type\":\"ListItem\",\"position\":1,\"name\":\"Home\",\"item\":\"https:\/\/test.booksfrommexico.com\/es\/\"},{\"@type\":\"ListItem\",\"position\":2,\"name\":\"Libros\",\"item\":\"https:\/\/test.booksfrommexico.com\/es\/libros\/\"},{\"@type\":\"ListItem\",\"position\":3,\"name\":\"La Experiencia migrante Iconograf\u00eda de la migraci\u00f3n, M\u00e9xico-Estados Unidos \/\"}]},{\"@type\":\"WebSite\",\"@id\":\"https:\/\/test.booksfrommexico.com\/es\/#website\",\"url\":\"https:\/\/test.booksfrommexico.com\/es\/\",\"name\":\"Books From Mexico\",\"description\":\"\",\"publisher\":{\"@id\":\"https:\/\/test.booksfrommexico.com\/es\/#organization\"},\"potentialAction\":[{\"@type\":\"SearchAction\",\"target\":{\"@type\":\"EntryPoint\",\"urlTemplate\":\"https:\/\/test.booksfrommexico.com\/es\/?s={search_term_string}\"},\"query-input\":{\"@type\":\"PropertyValueSpecification\",\"valueRequired\":true,\"valueName\":\"search_term_string\"}}],\"inLanguage\":\"es\"},{\"@type\":\"Organization\",\"@id\":\"https:\/\/test.booksfrommexico.com\/es\/#organization\",\"name\":\"Books From Mexico\",\"url\":\"https:\/\/test.booksfrommexico.com\/es\/\",\"logo\":{\"@type\":\"ImageObject\",\"inLanguage\":\"es\",\"@id\":\"https:\/\/test.booksfrommexico.com\/es\/#\/schema\/logo\/image\/\",\"url\":\"https:\/\/test.booksfrommexico.com\/app\/uploads\/2023\/05\/logo-booksfrommexico.svg\",\"contentUrl\":\"https:\/\/test.booksfrommexico.com\/app\/uploads\/2023\/05\/logo-booksfrommexico.svg\",\"width\":86,\"height\":56,\"caption\":\"Books From Mexico\"},\"image\":{\"@id\":\"https:\/\/test.booksfrommexico.com\/es\/#\/schema\/logo\/image\/\"}}]}<\/script>\n<!-- \/ Yoast SEO plugin. -->","yoast_head_json":{"title":"La Experiencia migrante Iconograf\u00eda de la migraci\u00f3n, M\u00e9xico-Estados Unidos \/ - Books From Mexico","robots":{"index":"noindex","follow":"follow","max-snippet":"max-snippet:-1","max-image-preview":"max-image-preview:large","max-video-preview":"max-video-preview:-1"},"og_locale":"es_ES","og_type":"article","og_title":"La Experiencia migrante Iconograf\u00eda de la migraci\u00f3n, M\u00e9xico-Estados Unidos \/ - Books From Mexico","og_description":"Durand, Jorge. LA EXPERIENCIA MIGRANTE. ICONOGRAF\u00cdA DE LA MIGRACI\u00d3N, M\u00c9XICO- ESTADOS UNIDOS \/ Jorge Durand, Patricia Arias. Tlaquepaque, Jalisco: Instituto Tecnol\u00f3gico de Estudios Superiores de Occidente; Aguascalientes, Ags.: Universidad Aut\u00f3noma de Aguascalientes;Tepic, Nayarit: Universidad Aut\u00f3noma de Nayarit; Zacatecas, Zac.: Universidad Aut\u00f3noma de Zacatecas; Colima, Col.: Universidad de Colima, 2000. 202 pages: 20 cm. Bibl., notes, illus., maps, photos ISBN: 9688958832","og_url":"https:\/\/test.booksfrommexico.com\/es\/producto\/la-experiencia-migrante-iconografia-de-la-migracion-mexico-estados-unidos\/","og_site_name":"Books From Mexico","og_image":[{"width":655,"height":795,"url":"https:\/\/test.booksfrommexico.com\/app\/uploads\/2023\/05\/108784-e1637869474216.jpeg","type":"image\/jpeg"}],"twitter_card":"summary_large_image","schema":{"@context":"https:\/\/schema.org","@graph":[{"@type":"WebPage","@id":"https:\/\/test.booksfrommexico.com\/es\/producto\/la-experiencia-migrante-iconografia-de-la-migracion-mexico-estados-unidos\/","url":"https:\/\/test.booksfrommexico.com\/es\/producto\/la-experiencia-migrante-iconografia-de-la-migracion-mexico-estados-unidos\/","name":"La Experiencia migrante Iconograf\u00eda de la migraci\u00f3n, M\u00e9xico-Estados Unidos \/ - Books From Mexico","isPartOf":{"@id":"https:\/\/test.booksfrommexico.com\/es\/#website"},"primaryImageOfPage":{"@id":"https:\/\/test.booksfrommexico.com\/es\/producto\/la-experiencia-migrante-iconografia-de-la-migracion-mexico-estados-unidos\/#primaryimage"},"image":{"@id":"https:\/\/test.booksfrommexico.com\/es\/producto\/la-experiencia-migrante-iconografia-de-la-migracion-mexico-estados-unidos\/#primaryimage"},"thumbnailUrl":"https:\/\/test.booksfrommexico.com\/app\/uploads\/2023\/05\/108784-e1637869474216.jpeg","datePublished":"2023-05-08T16:12:47+00:00","breadcrumb":{"@id":"https:\/\/test.booksfrommexico.com\/es\/producto\/la-experiencia-migrante-iconografia-de-la-migracion-mexico-estados-unidos\/#breadcrumb"},"inLanguage":"es","potentialAction":[{"@type":"ReadAction","target":["https:\/\/test.booksfrommexico.com\/es\/producto\/la-experiencia-migrante-iconografia-de-la-migracion-mexico-estados-unidos\/"]}]},{"@type":"ImageObject","inLanguage":"es","@id":"https:\/\/test.booksfrommexico.com\/es\/producto\/la-experiencia-migrante-iconografia-de-la-migracion-mexico-estados-unidos\/#primaryimage","url":"https:\/\/test.booksfrommexico.com\/app\/uploads\/2023\/05\/108784-e1637869474216.jpeg","contentUrl":"https:\/\/test.booksfrommexico.com\/app\/uploads\/2023\/05\/108784-e1637869474216.jpeg","width":655,"height":795},{"@type":"BreadcrumbList","@id":"https:\/\/test.booksfrommexico.com\/es\/producto\/la-experiencia-migrante-iconografia-de-la-migracion-mexico-estados-unidos\/#breadcrumb","itemListElement":[{"@type":"ListItem","position":1,"name":"Home","item":"https:\/\/test.booksfrommexico.com\/es\/"},{"@type":"ListItem","position":2,"name":"Libros","item":"https:\/\/test.booksfrommexico.com\/es\/libros\/"},{"@type":"ListItem","position":3,"name":"La Experiencia migrante Iconograf\u00eda de la migraci\u00f3n, M\u00e9xico-Estados Unidos \/"}]},{"@type":"WebSite","@id":"https:\/\/test.booksfrommexico.com\/es\/#website","url":"https:\/\/test.booksfrommexico.com\/es\/","name":"Books From Mexico","description":"","publisher":{"@id":"https:\/\/test.booksfrommexico.com\/es\/#organization"},"potentialAction":[{"@type":"SearchAction","target":{"@type":"EntryPoint","urlTemplate":"https:\/\/test.booksfrommexico.com\/es\/?s={search_term_string}"},"query-input":{"@type":"PropertyValueSpecification","valueRequired":true,"valueName":"search_term_string"}}],"inLanguage":"es"},{"@type":"Organization","@id":"https:\/\/test.booksfrommexico.com\/es\/#organization","name":"Books From Mexico","url":"https:\/\/test.booksfrommexico.com\/es\/","logo":{"@type":"ImageObject","inLanguage":"es","@id":"https:\/\/test.booksfrommexico.com\/es\/#\/schema\/logo\/image\/","url":"https:\/\/test.booksfrommexico.com\/app\/uploads\/2023\/05\/logo-booksfrommexico.svg","contentUrl":"https:\/\/test.booksfrommexico.com\/app\/uploads\/2023\/05\/logo-booksfrommexico.svg","width":86,"height":56,"caption":"Books From Mexico"},"image":{"@id":"https:\/\/test.booksfrommexico.com\/es\/#\/schema\/logo\/image\/"}}]}},"_links":{"self":[{"href":"https:\/\/test.booksfrommexico.com\/es\/wp-json\/wp\/v2\/product\/133","targetHints":{"allow":["GET"]}}],"collection":[{"href":"https:\/\/test.booksfrommexico.com\/es\/wp-json\/wp\/v2\/product"}],"about":[{"href":"https:\/\/test.booksfrommexico.com\/es\/wp-json\/wp\/v2\/types\/product"}],"wp:featuredmedia":[{"embeddable":true,"href":"https:\/\/test.booksfrommexico.com\/es\/wp-json\/wp\/v2\/media\/132"}],"wp:attachment":[{"href":"https:\/\/test.booksfrommexico.com\/es\/wp-json\/wp\/v2\/media?parent=133"}],"wp:term":[{"taxonomy":"product_brand","embeddable":true,"href":"https:\/\/test.booksfrommexico.com\/es\/wp-json\/wp\/v2\/product_brand?post=133"},{"taxonomy":"product_cat","embeddable":true,"href":"https:\/\/test.booksfrommexico.com\/es\/wp-json\/wp\/v2\/product_cat?post=133"},{"taxonomy":"product_tag","embeddable":true,"href":"https:\/\/test.booksfrommexico.com\/es\/wp-json\/wp\/v2\/product_tag?post=133"}],"curies":[{"name":"wp","href":"https:\/\/api.w.org\/{rel}","templated":true}]}}