{"id":1250,"date":"2023-05-08T17:13:12","date_gmt":"2023-05-08T17:13:12","guid":{"rendered":"http:\/\/test.booksfrommexico.com\/product\/antologia-primer-concurso-de-cuento-breve-de-rock-parmenides-garcia-saldana\/"},"modified":"2023-09-13T16:31:17","modified_gmt":"2023-09-13T16:31:17","slug":"antologia-primer-concurso-de-cuento-breve-de-rock-parmenides-garcia-saldana","status":"publish","type":"product","link":"https:\/\/test.booksfrommexico.com\/es\/producto\/antologia-primer-concurso-de-cuento-breve-de-rock-parmenides-garcia-saldana\/","title":{"rendered":"Antolog\u00eda: Primer Concurso de Cuento Breve de Rock"},"content":{"rendered":"","protected":false},"excerpt":{"rendered":"<p>ANTOLOG\u00cdA : PRIMER CONCURSO DE CUENTO BREVE DE ROCK \u00abPARM\u00c9NIDES GARC\u00cdA SALDA\u00d1A\u00bb. \/ Isabel Jim\u00e9nez Camacho, dise\u00f1o. Puebla, Puebla, M\u00e9xico : Ediciones Aj\u00ed, [2018]. 94 pages; 23 cm.<\/p>\n","protected":false},"featured_media":1249,"template":"","meta":{"_acf_changed":false,"inline_featured_image":false},"product_brand":[],"product_cat":[25,37],"product_tag":[1560,1349,1563,233],"class_list":{"0":"post-1250","1":"product","2":"type-product","3":"status-publish","4":"has-post-thumbnail","6":"product_cat-literatura","7":"product_cat-short-story","8":"product_tag-fiction","9":"product_tag-rock-music","10":"product_tag-rock-music-mexico-fiction","11":"product_tag-short-stories-mexican","13":"first","14":"instock","15":"sale","16":"featured","17":"taxable","18":"shipping-taxable","19":"purchasable","20":"product-type-simple"},"acf":[],"yoast_head":"<!-- This site is optimized with the Yoast SEO plugin v27.2 - https:\/\/yoast.com\/product\/yoast-seo-wordpress\/ -->\n<title>Books From Mexico: Primer Concurso de Cuento Breve de Rock<\/title>\n<meta name=\"description\" content=\"Antolog\u00eda : Primer Concurso de Cuento Breve de Rock &quot;Parm\u00e9nides Garc\u00eda Salda\u00f1a&quot; \/ Isabel Jim\u00e9nez Camacho, dise\u00f1o. Puebla, Puebla, M\u00e9xico\" \/>\n<meta name=\"robots\" content=\"noindex, follow, max-snippet:-1, max-image-preview:large, max-video-preview:-1\" \/>\n<meta property=\"og:locale\" content=\"es_ES\" \/>\n<meta property=\"og:type\" content=\"article\" \/>\n<meta property=\"og:title\" content=\"Books From Mexico: Primer Concurso de Cuento Breve de Rock\" \/>\n<meta property=\"og:description\" content=\"Antolog\u00eda : Primer Concurso de Cuento Breve de Rock &quot;Parm\u00e9nides Garc\u00eda Salda\u00f1a&quot; \/ Isabel Jim\u00e9nez Camacho, dise\u00f1o. Puebla, Puebla, M\u00e9xico\" \/>\n<meta property=\"og:url\" content=\"https:\/\/test.booksfrommexico.com\/es\/producto\/antologia-primer-concurso-de-cuento-breve-de-rock-parmenides-garcia-saldana\/\" \/>\n<meta property=\"og:site_name\" content=\"Books From Mexico\" \/>\n<meta property=\"article:modified_time\" content=\"2023-09-13T16:31:17+00:00\" \/>\n<meta property=\"og:image\" content=\"https:\/\/test.booksfrommexico.com\/app\/uploads\/2023\/05\/186023.jpeg\" \/>\n\t<meta property=\"og:image:width\" content=\"402\" \/>\n\t<meta property=\"og:image:height\" content=\"647\" \/>\n\t<meta property=\"og:image:type\" content=\"image\/jpeg\" \/>\n<meta name=\"twitter:card\" content=\"summary_large_image\" \/>\n<script type=\"application\/ld+json\" class=\"yoast-schema-graph\">{\"@context\":\"https:\/\/schema.org\",\"@graph\":[{\"@type\":\"WebPage\",\"@id\":\"https:\/\/test.booksfrommexico.com\/es\/producto\/antologia-primer-concurso-de-cuento-breve-de-rock-parmenides-garcia-saldana\/\",\"url\":\"https:\/\/test.booksfrommexico.com\/es\/producto\/antologia-primer-concurso-de-cuento-breve-de-rock-parmenides-garcia-saldana\/\",\"name\":\"Books From Mexico: Primer Concurso de Cuento Breve de Rock\",\"isPartOf\":{\"@id\":\"https:\/\/test.booksfrommexico.com\/es\/#website\"},\"primaryImageOfPage\":{\"@id\":\"https:\/\/test.booksfrommexico.com\/es\/producto\/antologia-primer-concurso-de-cuento-breve-de-rock-parmenides-garcia-saldana\/#primaryimage\"},\"image\":{\"@id\":\"https:\/\/test.booksfrommexico.com\/es\/producto\/antologia-primer-concurso-de-cuento-breve-de-rock-parmenides-garcia-saldana\/#primaryimage\"},\"thumbnailUrl\":\"https:\/\/test.booksfrommexico.com\/app\/uploads\/2023\/05\/186023.jpeg\",\"datePublished\":\"2023-05-08T17:13:12+00:00\",\"dateModified\":\"2023-09-13T16:31:17+00:00\",\"description\":\"Antolog\u00eda : Primer Concurso de Cuento Breve de Rock \\\"Parm\u00e9nides Garc\u00eda Salda\u00f1a\\\" \/ Isabel Jim\u00e9nez Camacho, dise\u00f1o. Puebla, Puebla, M\u00e9xico\",\"breadcrumb\":{\"@id\":\"https:\/\/test.booksfrommexico.com\/es\/producto\/antologia-primer-concurso-de-cuento-breve-de-rock-parmenides-garcia-saldana\/#breadcrumb\"},\"inLanguage\":\"es\",\"potentialAction\":[{\"@type\":\"ReadAction\",\"target\":[\"https:\/\/test.booksfrommexico.com\/es\/producto\/antologia-primer-concurso-de-cuento-breve-de-rock-parmenides-garcia-saldana\/\"]}]},{\"@type\":\"ImageObject\",\"inLanguage\":\"es\",\"@id\":\"https:\/\/test.booksfrommexico.com\/es\/producto\/antologia-primer-concurso-de-cuento-breve-de-rock-parmenides-garcia-saldana\/#primaryimage\",\"url\":\"https:\/\/test.booksfrommexico.com\/app\/uploads\/2023\/05\/186023.jpeg\",\"contentUrl\":\"https:\/\/test.booksfrommexico.com\/app\/uploads\/2023\/05\/186023.jpeg\",\"width\":402,\"height\":647,\"caption\":\"Antolog\u00eda : Primer Concurso de Cuento Breve de Rock \/ Books From Mexico\"},{\"@type\":\"BreadcrumbList\",\"@id\":\"https:\/\/test.booksfrommexico.com\/es\/producto\/antologia-primer-concurso-de-cuento-breve-de-rock-parmenides-garcia-saldana\/#breadcrumb\",\"itemListElement\":[{\"@type\":\"ListItem\",\"position\":1,\"name\":\"Home\",\"item\":\"https:\/\/test.booksfrommexico.com\/es\/\"},{\"@type\":\"ListItem\",\"position\":2,\"name\":\"Libros\",\"item\":\"https:\/\/test.booksfrommexico.com\/es\/libros\/\"},{\"@type\":\"ListItem\",\"position\":3,\"name\":\"Antolog\u00eda: Primer Concurso de Cuento Breve de Rock\"}]},{\"@type\":\"WebSite\",\"@id\":\"https:\/\/test.booksfrommexico.com\/es\/#website\",\"url\":\"https:\/\/test.booksfrommexico.com\/es\/\",\"name\":\"Books From Mexico\",\"description\":\"\",\"publisher\":{\"@id\":\"https:\/\/test.booksfrommexico.com\/es\/#organization\"},\"potentialAction\":[{\"@type\":\"SearchAction\",\"target\":{\"@type\":\"EntryPoint\",\"urlTemplate\":\"https:\/\/test.booksfrommexico.com\/es\/?s={search_term_string}\"},\"query-input\":{\"@type\":\"PropertyValueSpecification\",\"valueRequired\":true,\"valueName\":\"search_term_string\"}}],\"inLanguage\":\"es\"},{\"@type\":\"Organization\",\"@id\":\"https:\/\/test.booksfrommexico.com\/es\/#organization\",\"name\":\"Books From Mexico\",\"url\":\"https:\/\/test.booksfrommexico.com\/es\/\",\"logo\":{\"@type\":\"ImageObject\",\"inLanguage\":\"es\",\"@id\":\"https:\/\/test.booksfrommexico.com\/es\/#\/schema\/logo\/image\/\",\"url\":\"https:\/\/test.booksfrommexico.com\/app\/uploads\/2023\/05\/logo-booksfrommexico.svg\",\"contentUrl\":\"https:\/\/test.booksfrommexico.com\/app\/uploads\/2023\/05\/logo-booksfrommexico.svg\",\"width\":86,\"height\":56,\"caption\":\"Books From Mexico\"},\"image\":{\"@id\":\"https:\/\/test.booksfrommexico.com\/es\/#\/schema\/logo\/image\/\"}}]}<\/script>\n<!-- \/ Yoast SEO plugin. -->","yoast_head_json":{"title":"Books From Mexico: Primer Concurso de Cuento Breve de Rock","description":"Antolog\u00eda : Primer Concurso de Cuento Breve de Rock \"Parm\u00e9nides Garc\u00eda Salda\u00f1a\" \/ Isabel Jim\u00e9nez Camacho, dise\u00f1o. Puebla, Puebla, M\u00e9xico","robots":{"index":"noindex","follow":"follow","max-snippet":"max-snippet:-1","max-image-preview":"max-image-preview:large","max-video-preview":"max-video-preview:-1"},"og_locale":"es_ES","og_type":"article","og_title":"Books From Mexico: Primer Concurso de Cuento Breve de Rock","og_description":"Antolog\u00eda : Primer Concurso de Cuento Breve de Rock \"Parm\u00e9nides Garc\u00eda Salda\u00f1a\" \/ Isabel Jim\u00e9nez Camacho, dise\u00f1o. Puebla, Puebla, M\u00e9xico","og_url":"https:\/\/test.booksfrommexico.com\/es\/producto\/antologia-primer-concurso-de-cuento-breve-de-rock-parmenides-garcia-saldana\/","og_site_name":"Books From Mexico","article_modified_time":"2023-09-13T16:31:17+00:00","og_image":[{"width":402,"height":647,"url":"https:\/\/test.booksfrommexico.com\/app\/uploads\/2023\/05\/186023.jpeg","type":"image\/jpeg"}],"twitter_card":"summary_large_image","schema":{"@context":"https:\/\/schema.org","@graph":[{"@type":"WebPage","@id":"https:\/\/test.booksfrommexico.com\/es\/producto\/antologia-primer-concurso-de-cuento-breve-de-rock-parmenides-garcia-saldana\/","url":"https:\/\/test.booksfrommexico.com\/es\/producto\/antologia-primer-concurso-de-cuento-breve-de-rock-parmenides-garcia-saldana\/","name":"Books From Mexico: Primer Concurso de Cuento Breve de Rock","isPartOf":{"@id":"https:\/\/test.booksfrommexico.com\/es\/#website"},"primaryImageOfPage":{"@id":"https:\/\/test.booksfrommexico.com\/es\/producto\/antologia-primer-concurso-de-cuento-breve-de-rock-parmenides-garcia-saldana\/#primaryimage"},"image":{"@id":"https:\/\/test.booksfrommexico.com\/es\/producto\/antologia-primer-concurso-de-cuento-breve-de-rock-parmenides-garcia-saldana\/#primaryimage"},"thumbnailUrl":"https:\/\/test.booksfrommexico.com\/app\/uploads\/2023\/05\/186023.jpeg","datePublished":"2023-05-08T17:13:12+00:00","dateModified":"2023-09-13T16:31:17+00:00","description":"Antolog\u00eda : Primer Concurso de Cuento Breve de Rock \"Parm\u00e9nides Garc\u00eda Salda\u00f1a\" \/ Isabel Jim\u00e9nez Camacho, dise\u00f1o. Puebla, Puebla, M\u00e9xico","breadcrumb":{"@id":"https:\/\/test.booksfrommexico.com\/es\/producto\/antologia-primer-concurso-de-cuento-breve-de-rock-parmenides-garcia-saldana\/#breadcrumb"},"inLanguage":"es","potentialAction":[{"@type":"ReadAction","target":["https:\/\/test.booksfrommexico.com\/es\/producto\/antologia-primer-concurso-de-cuento-breve-de-rock-parmenides-garcia-saldana\/"]}]},{"@type":"ImageObject","inLanguage":"es","@id":"https:\/\/test.booksfrommexico.com\/es\/producto\/antologia-primer-concurso-de-cuento-breve-de-rock-parmenides-garcia-saldana\/#primaryimage","url":"https:\/\/test.booksfrommexico.com\/app\/uploads\/2023\/05\/186023.jpeg","contentUrl":"https:\/\/test.booksfrommexico.com\/app\/uploads\/2023\/05\/186023.jpeg","width":402,"height":647,"caption":"Antolog\u00eda : Primer Concurso de Cuento Breve de Rock \/ Books From Mexico"},{"@type":"BreadcrumbList","@id":"https:\/\/test.booksfrommexico.com\/es\/producto\/antologia-primer-concurso-de-cuento-breve-de-rock-parmenides-garcia-saldana\/#breadcrumb","itemListElement":[{"@type":"ListItem","position":1,"name":"Home","item":"https:\/\/test.booksfrommexico.com\/es\/"},{"@type":"ListItem","position":2,"name":"Libros","item":"https:\/\/test.booksfrommexico.com\/es\/libros\/"},{"@type":"ListItem","position":3,"name":"Antolog\u00eda: Primer Concurso de Cuento Breve de Rock"}]},{"@type":"WebSite","@id":"https:\/\/test.booksfrommexico.com\/es\/#website","url":"https:\/\/test.booksfrommexico.com\/es\/","name":"Books From Mexico","description":"","publisher":{"@id":"https:\/\/test.booksfrommexico.com\/es\/#organization"},"potentialAction":[{"@type":"SearchAction","target":{"@type":"EntryPoint","urlTemplate":"https:\/\/test.booksfrommexico.com\/es\/?s={search_term_string}"},"query-input":{"@type":"PropertyValueSpecification","valueRequired":true,"valueName":"search_term_string"}}],"inLanguage":"es"},{"@type":"Organization","@id":"https:\/\/test.booksfrommexico.com\/es\/#organization","name":"Books From Mexico","url":"https:\/\/test.booksfrommexico.com\/es\/","logo":{"@type":"ImageObject","inLanguage":"es","@id":"https:\/\/test.booksfrommexico.com\/es\/#\/schema\/logo\/image\/","url":"https:\/\/test.booksfrommexico.com\/app\/uploads\/2023\/05\/logo-booksfrommexico.svg","contentUrl":"https:\/\/test.booksfrommexico.com\/app\/uploads\/2023\/05\/logo-booksfrommexico.svg","width":86,"height":56,"caption":"Books From Mexico"},"image":{"@id":"https:\/\/test.booksfrommexico.com\/es\/#\/schema\/logo\/image\/"}}]}},"_links":{"self":[{"href":"https:\/\/test.booksfrommexico.com\/es\/wp-json\/wp\/v2\/product\/1250","targetHints":{"allow":["GET"]}}],"collection":[{"href":"https:\/\/test.booksfrommexico.com\/es\/wp-json\/wp\/v2\/product"}],"about":[{"href":"https:\/\/test.booksfrommexico.com\/es\/wp-json\/wp\/v2\/types\/product"}],"wp:featuredmedia":[{"embeddable":true,"href":"https:\/\/test.booksfrommexico.com\/es\/wp-json\/wp\/v2\/media\/1249"}],"wp:attachment":[{"href":"https:\/\/test.booksfrommexico.com\/es\/wp-json\/wp\/v2\/media?parent=1250"}],"wp:term":[{"taxonomy":"product_brand","embeddable":true,"href":"https:\/\/test.booksfrommexico.com\/es\/wp-json\/wp\/v2\/product_brand?post=1250"},{"taxonomy":"product_cat","embeddable":true,"href":"https:\/\/test.booksfrommexico.com\/es\/wp-json\/wp\/v2\/product_cat?post=1250"},{"taxonomy":"product_tag","embeddable":true,"href":"https:\/\/test.booksfrommexico.com\/es\/wp-json\/wp\/v2\/product_tag?post=1250"}],"curies":[{"name":"wp","href":"https:\/\/api.w.org\/{rel}","templated":true}]}}