{"id":1198,"date":"2023-05-08T17:12:26","date_gmt":"2023-05-08T17:12:26","guid":{"rendered":"http:\/\/test.booksfrommexico.com\/product\/dialogos-entre-la-fotografia-y-la-historia-social\/"},"modified":"2023-09-14T08:21:30","modified_gmt":"2023-09-14T08:21:30","slug":"dialogos-entre-la-fotografia-y-la-historia-social","status":"publish","type":"product","link":"https:\/\/test.booksfrommexico.com\/es\/producto\/dialogos-entre-la-fotografia-y-la-historia-social\/","title":{"rendered":"Di\u00e1logos entre la fotograf\u00eda y la historia social"},"content":{"rendered":"","protected":false},"excerpt":{"rendered":"<p>Di\u00e1logos entre la fotograf\u00eda y la historia social \/ Mar\u00eda Guadalupe Ch\u00e1vez Carbajal, Mart\u00edn P\u00e9rez Acevedo (coordinadores). Morelia, Michoac\u00e1n, M\u00e9xico. Universidad Michoacana de San Nicol\u00e1s de Hidalgo, Instituto de Investigaciones Hist\u00f3ricas, 2020. 171 pages. illustrations y photos. 23 cm. ISBN: 9786075421704<\/p>\n","protected":false},"featured_media":1197,"template":"","meta":{"_acf_changed":false,"inline_featured_image":false},"product_brand":[],"product_cat":[27,73,213],"product_tag":[1452,1453],"class_list":{"0":"post-1198","1":"product","2":"type-product","3":"status-publish","4":"has-post-thumbnail","6":"product_cat-history","7":"product_cat-revolution","8":"product_cat-social-history-revolution","9":"product_tag-photographs-as-information-resources","10":"product_tag-photography-mexico-history","12":"first","13":"instock","14":"taxable","15":"shipping-taxable","16":"purchasable","17":"product-type-simple"},"acf":[],"yoast_head":"<!-- This site is optimized with the Yoast SEO plugin v27.2 - https:\/\/yoast.com\/product\/yoast-seo-wordpress\/ -->\n<title>Books from M\u00e9xico: Di\u00e1logos entre la fotograf\u00eda y la historia social<\/title>\n<meta name=\"description\" content=\"Di\u00e1logos entre la fotograf\u00eda y la historia social por Mar\u00eda Guadalupe Ch\u00e1vez Carbajal, Mart\u00edn P\u00e9rez Acevedo (coordinadores). Morelia, Michoac\u00e1n, M\u00e9xico\" \/>\n<meta name=\"robots\" content=\"noindex, follow, max-snippet:-1, max-image-preview:large, max-video-preview:-1\" \/>\n<meta property=\"og:locale\" content=\"es_ES\" \/>\n<meta property=\"og:type\" content=\"article\" \/>\n<meta property=\"og:title\" content=\"Books from M\u00e9xico: Di\u00e1logos entre la fotograf\u00eda y la historia social\" \/>\n<meta property=\"og:description\" content=\"Di\u00e1logos entre la fotograf\u00eda y la historia social por Mar\u00eda Guadalupe Ch\u00e1vez Carbajal, Mart\u00edn P\u00e9rez Acevedo (coordinadores). Morelia, Michoac\u00e1n, M\u00e9xico\" \/>\n<meta property=\"og:url\" content=\"https:\/\/test.booksfrommexico.com\/es\/producto\/dialogos-entre-la-fotografia-y-la-historia-social\/\" \/>\n<meta property=\"og:site_name\" content=\"Books From Mexico\" \/>\n<meta property=\"article:modified_time\" content=\"2023-09-14T08:21:30+00:00\" \/>\n<meta property=\"og:image\" content=\"https:\/\/test.booksfrommexico.com\/app\/uploads\/2023\/05\/197374.jpeg\" \/>\n\t<meta property=\"og:image:width\" content=\"632\" \/>\n\t<meta property=\"og:image:height\" content=\"666\" \/>\n\t<meta property=\"og:image:type\" content=\"image\/jpeg\" \/>\n<meta name=\"twitter:card\" content=\"summary_large_image\" \/>\n<script type=\"application\/ld+json\" class=\"yoast-schema-graph\">{\"@context\":\"https:\/\/schema.org\",\"@graph\":[{\"@type\":\"WebPage\",\"@id\":\"https:\/\/test.booksfrommexico.com\/es\/producto\/dialogos-entre-la-fotografia-y-la-historia-social\/\",\"url\":\"https:\/\/test.booksfrommexico.com\/es\/producto\/dialogos-entre-la-fotografia-y-la-historia-social\/\",\"name\":\"Books from M\u00e9xico: Di\u00e1logos entre la fotograf\u00eda y la historia social\",\"isPartOf\":{\"@id\":\"https:\/\/test.booksfrommexico.com\/es\/#website\"},\"primaryImageOfPage\":{\"@id\":\"https:\/\/test.booksfrommexico.com\/es\/producto\/dialogos-entre-la-fotografia-y-la-historia-social\/#primaryimage\"},\"image\":{\"@id\":\"https:\/\/test.booksfrommexico.com\/es\/producto\/dialogos-entre-la-fotografia-y-la-historia-social\/#primaryimage\"},\"thumbnailUrl\":\"https:\/\/test.booksfrommexico.com\/app\/uploads\/2023\/05\/197374.jpeg\",\"datePublished\":\"2023-05-08T17:12:26+00:00\",\"dateModified\":\"2023-09-14T08:21:30+00:00\",\"description\":\"Di\u00e1logos entre la fotograf\u00eda y la historia social por Mar\u00eda Guadalupe Ch\u00e1vez Carbajal, Mart\u00edn P\u00e9rez Acevedo (coordinadores). Morelia, Michoac\u00e1n, M\u00e9xico\",\"breadcrumb\":{\"@id\":\"https:\/\/test.booksfrommexico.com\/es\/producto\/dialogos-entre-la-fotografia-y-la-historia-social\/#breadcrumb\"},\"inLanguage\":\"es\",\"potentialAction\":[{\"@type\":\"ReadAction\",\"target\":[\"https:\/\/test.booksfrommexico.com\/es\/producto\/dialogos-entre-la-fotografia-y-la-historia-social\/\"]}]},{\"@type\":\"ImageObject\",\"inLanguage\":\"es\",\"@id\":\"https:\/\/test.booksfrommexico.com\/es\/producto\/dialogos-entre-la-fotografia-y-la-historia-social\/#primaryimage\",\"url\":\"https:\/\/test.booksfrommexico.com\/app\/uploads\/2023\/05\/197374.jpeg\",\"contentUrl\":\"https:\/\/test.booksfrommexico.com\/app\/uploads\/2023\/05\/197374.jpeg\",\"width\":632,\"height\":666,\"caption\":\"Books From M\u00e9xico. Di\u00e1logos entre la fotograf\u00eda y la historia social\"},{\"@type\":\"BreadcrumbList\",\"@id\":\"https:\/\/test.booksfrommexico.com\/es\/producto\/dialogos-entre-la-fotografia-y-la-historia-social\/#breadcrumb\",\"itemListElement\":[{\"@type\":\"ListItem\",\"position\":1,\"name\":\"Home\",\"item\":\"https:\/\/test.booksfrommexico.com\/es\/\"},{\"@type\":\"ListItem\",\"position\":2,\"name\":\"Libros\",\"item\":\"https:\/\/test.booksfrommexico.com\/es\/libros\/\"},{\"@type\":\"ListItem\",\"position\":3,\"name\":\"Di\u00e1logos entre la fotograf\u00eda y la historia social\"}]},{\"@type\":\"WebSite\",\"@id\":\"https:\/\/test.booksfrommexico.com\/es\/#website\",\"url\":\"https:\/\/test.booksfrommexico.com\/es\/\",\"name\":\"Books From Mexico\",\"description\":\"\",\"publisher\":{\"@id\":\"https:\/\/test.booksfrommexico.com\/es\/#organization\"},\"potentialAction\":[{\"@type\":\"SearchAction\",\"target\":{\"@type\":\"EntryPoint\",\"urlTemplate\":\"https:\/\/test.booksfrommexico.com\/es\/?s={search_term_string}\"},\"query-input\":{\"@type\":\"PropertyValueSpecification\",\"valueRequired\":true,\"valueName\":\"search_term_string\"}}],\"inLanguage\":\"es\"},{\"@type\":\"Organization\",\"@id\":\"https:\/\/test.booksfrommexico.com\/es\/#organization\",\"name\":\"Books From Mexico\",\"url\":\"https:\/\/test.booksfrommexico.com\/es\/\",\"logo\":{\"@type\":\"ImageObject\",\"inLanguage\":\"es\",\"@id\":\"https:\/\/test.booksfrommexico.com\/es\/#\/schema\/logo\/image\/\",\"url\":\"https:\/\/test.booksfrommexico.com\/app\/uploads\/2023\/05\/logo-booksfrommexico.svg\",\"contentUrl\":\"https:\/\/test.booksfrommexico.com\/app\/uploads\/2023\/05\/logo-booksfrommexico.svg\",\"width\":86,\"height\":56,\"caption\":\"Books From Mexico\"},\"image\":{\"@id\":\"https:\/\/test.booksfrommexico.com\/es\/#\/schema\/logo\/image\/\"}}]}<\/script>\n<!-- \/ Yoast SEO plugin. -->","yoast_head_json":{"title":"Books from M\u00e9xico: Di\u00e1logos entre la fotograf\u00eda y la historia social","description":"Di\u00e1logos entre la fotograf\u00eda y la historia social por Mar\u00eda Guadalupe Ch\u00e1vez Carbajal, Mart\u00edn P\u00e9rez Acevedo (coordinadores). Morelia, Michoac\u00e1n, M\u00e9xico","robots":{"index":"noindex","follow":"follow","max-snippet":"max-snippet:-1","max-image-preview":"max-image-preview:large","max-video-preview":"max-video-preview:-1"},"og_locale":"es_ES","og_type":"article","og_title":"Books from M\u00e9xico: Di\u00e1logos entre la fotograf\u00eda y la historia social","og_description":"Di\u00e1logos entre la fotograf\u00eda y la historia social por Mar\u00eda Guadalupe Ch\u00e1vez Carbajal, Mart\u00edn P\u00e9rez Acevedo (coordinadores). Morelia, Michoac\u00e1n, M\u00e9xico","og_url":"https:\/\/test.booksfrommexico.com\/es\/producto\/dialogos-entre-la-fotografia-y-la-historia-social\/","og_site_name":"Books From Mexico","article_modified_time":"2023-09-14T08:21:30+00:00","og_image":[{"width":632,"height":666,"url":"https:\/\/test.booksfrommexico.com\/app\/uploads\/2023\/05\/197374.jpeg","type":"image\/jpeg"}],"twitter_card":"summary_large_image","schema":{"@context":"https:\/\/schema.org","@graph":[{"@type":"WebPage","@id":"https:\/\/test.booksfrommexico.com\/es\/producto\/dialogos-entre-la-fotografia-y-la-historia-social\/","url":"https:\/\/test.booksfrommexico.com\/es\/producto\/dialogos-entre-la-fotografia-y-la-historia-social\/","name":"Books from M\u00e9xico: Di\u00e1logos entre la fotograf\u00eda y la historia social","isPartOf":{"@id":"https:\/\/test.booksfrommexico.com\/es\/#website"},"primaryImageOfPage":{"@id":"https:\/\/test.booksfrommexico.com\/es\/producto\/dialogos-entre-la-fotografia-y-la-historia-social\/#primaryimage"},"image":{"@id":"https:\/\/test.booksfrommexico.com\/es\/producto\/dialogos-entre-la-fotografia-y-la-historia-social\/#primaryimage"},"thumbnailUrl":"https:\/\/test.booksfrommexico.com\/app\/uploads\/2023\/05\/197374.jpeg","datePublished":"2023-05-08T17:12:26+00:00","dateModified":"2023-09-14T08:21:30+00:00","description":"Di\u00e1logos entre la fotograf\u00eda y la historia social por Mar\u00eda Guadalupe Ch\u00e1vez Carbajal, Mart\u00edn P\u00e9rez Acevedo (coordinadores). Morelia, Michoac\u00e1n, M\u00e9xico","breadcrumb":{"@id":"https:\/\/test.booksfrommexico.com\/es\/producto\/dialogos-entre-la-fotografia-y-la-historia-social\/#breadcrumb"},"inLanguage":"es","potentialAction":[{"@type":"ReadAction","target":["https:\/\/test.booksfrommexico.com\/es\/producto\/dialogos-entre-la-fotografia-y-la-historia-social\/"]}]},{"@type":"ImageObject","inLanguage":"es","@id":"https:\/\/test.booksfrommexico.com\/es\/producto\/dialogos-entre-la-fotografia-y-la-historia-social\/#primaryimage","url":"https:\/\/test.booksfrommexico.com\/app\/uploads\/2023\/05\/197374.jpeg","contentUrl":"https:\/\/test.booksfrommexico.com\/app\/uploads\/2023\/05\/197374.jpeg","width":632,"height":666,"caption":"Books From M\u00e9xico. Di\u00e1logos entre la fotograf\u00eda y la historia social"},{"@type":"BreadcrumbList","@id":"https:\/\/test.booksfrommexico.com\/es\/producto\/dialogos-entre-la-fotografia-y-la-historia-social\/#breadcrumb","itemListElement":[{"@type":"ListItem","position":1,"name":"Home","item":"https:\/\/test.booksfrommexico.com\/es\/"},{"@type":"ListItem","position":2,"name":"Libros","item":"https:\/\/test.booksfrommexico.com\/es\/libros\/"},{"@type":"ListItem","position":3,"name":"Di\u00e1logos entre la fotograf\u00eda y la historia social"}]},{"@type":"WebSite","@id":"https:\/\/test.booksfrommexico.com\/es\/#website","url":"https:\/\/test.booksfrommexico.com\/es\/","name":"Books From Mexico","description":"","publisher":{"@id":"https:\/\/test.booksfrommexico.com\/es\/#organization"},"potentialAction":[{"@type":"SearchAction","target":{"@type":"EntryPoint","urlTemplate":"https:\/\/test.booksfrommexico.com\/es\/?s={search_term_string}"},"query-input":{"@type":"PropertyValueSpecification","valueRequired":true,"valueName":"search_term_string"}}],"inLanguage":"es"},{"@type":"Organization","@id":"https:\/\/test.booksfrommexico.com\/es\/#organization","name":"Books From Mexico","url":"https:\/\/test.booksfrommexico.com\/es\/","logo":{"@type":"ImageObject","inLanguage":"es","@id":"https:\/\/test.booksfrommexico.com\/es\/#\/schema\/logo\/image\/","url":"https:\/\/test.booksfrommexico.com\/app\/uploads\/2023\/05\/logo-booksfrommexico.svg","contentUrl":"https:\/\/test.booksfrommexico.com\/app\/uploads\/2023\/05\/logo-booksfrommexico.svg","width":86,"height":56,"caption":"Books From Mexico"},"image":{"@id":"https:\/\/test.booksfrommexico.com\/es\/#\/schema\/logo\/image\/"}}]}},"_links":{"self":[{"href":"https:\/\/test.booksfrommexico.com\/es\/wp-json\/wp\/v2\/product\/1198","targetHints":{"allow":["GET"]}}],"collection":[{"href":"https:\/\/test.booksfrommexico.com\/es\/wp-json\/wp\/v2\/product"}],"about":[{"href":"https:\/\/test.booksfrommexico.com\/es\/wp-json\/wp\/v2\/types\/product"}],"wp:featuredmedia":[{"embeddable":true,"href":"https:\/\/test.booksfrommexico.com\/es\/wp-json\/wp\/v2\/media\/1197"}],"wp:attachment":[{"href":"https:\/\/test.booksfrommexico.com\/es\/wp-json\/wp\/v2\/media?parent=1198"}],"wp:term":[{"taxonomy":"product_brand","embeddable":true,"href":"https:\/\/test.booksfrommexico.com\/es\/wp-json\/wp\/v2\/product_brand?post=1198"},{"taxonomy":"product_cat","embeddable":true,"href":"https:\/\/test.booksfrommexico.com\/es\/wp-json\/wp\/v2\/product_cat?post=1198"},{"taxonomy":"product_tag","embeddable":true,"href":"https:\/\/test.booksfrommexico.com\/es\/wp-json\/wp\/v2\/product_tag?post=1198"}],"curies":[{"name":"wp","href":"https:\/\/api.w.org\/{rel}","templated":true}]}}