{"id":1184,"date":"2023-05-08T17:12:14","date_gmt":"2023-05-08T17:12:14","guid":{"rendered":"http:\/\/test.booksfrommexico.com\/product\/la-fortaleza-de-san-carlos-la-mas-destacada-obra-defensiva-de-tierra-adentro-en-el-territorio-nacional\/"},"modified":"2023-09-14T09:06:54","modified_gmt":"2023-09-14T09:06:54","slug":"la-fortaleza-de-san-carlos-la-mas-destacada-obra-defensiva-de-tierra-adentro-en-el-territorio-nacional","status":"publish","type":"product","link":"https:\/\/test.booksfrommexico.com\/es\/producto\/la-fortaleza-de-san-carlos-la-mas-destacada-obra-defensiva-de-tierra-adentro-en-el-territorio-nacional\/","title":{"rendered":"La Fortaleza de San Carlos"},"content":{"rendered":"<p style=\"text-align: center;\">The Fortress of San Carlos in Perote, also called Castillo de Perote, Castillo de San Carlos, Fuerte de San Carlos or Prison of Perote is an 18th century military building located in the town of Perote in the State of Veracruz. Author Broca Castillo explains the fundamental architectural elements of the old military building with a detailed account of each of the historical moments of the fortress, from serving as military garrison and school (the origin of the Heroico Colegio Militar), its transformation into internment camp of Nazi agents in Mexico, during the World War II and serving as a prison from the early 20th century until 2007. On June 20, 2007 the Governor of Veracruz gives custody of the Fortress of San Carlos to the H. Ayuntamiento de Perote for safekeeping, leaving it open to the public and as a tourist attraction.<\/p>\n<p style=\"text-align: center;\">Table of contents<\/p>\n<p style=\"text-align: center;\">Pr\u00f3logo &#8212; Introducci\u00f3n &#8212; Glosario de t\u00e9rminos de arquitectura militar &#8212; Antecedentes de las fortificaciones &#8212; Las v\u00edas de comunicaci\u00f3n terrestre &#8212; Impronta arquitect\u00f3nica de la fortaleza de San Carlos &#8212; Sistema constructivo &#8212; Funci\u00f3n estrat\u00e9gica militar &#8212; Destinos de uso seg\u00fan la \u00e9poca &#8212; Val\u00eda cultural de la fortaleza con bien patrimonial &#8212; La fortaleza como bien patrimonial &#8212; Legislaci\u00f3n internacional aplicable a la fortaleza de San Carlos &#8212; A manera de conclusi\u00f3n.<\/p>\n","protected":false},"excerpt":{"rendered":"<p>Broca Castillo, Abraham, LA FORTALEZA DE SAN CARLOS. LA M\u00c1S DESTACADA OBRA DEFENSIVA DE TIERRA ADENTRO EN EL TERRITORIO NACIONAL.\u00a0 Abraham Broca Castillo. Veracruz, M\u00e9xico : Gobierno del Estado de Veracruz, 2017. 179 page. illustrations; 30 cm. Bibliography: pages 163-165. Includes bibliographical references and index. ISBN 9786078489275 ; 6078489275.<\/p>\n","protected":false},"featured_media":1183,"template":"","meta":{"_acf_changed":false,"inline_featured_image":false},"product_brand":[],"product_cat":[27,1118],"product_tag":[3188,1339],"class_list":{"0":"post-1184","1":"product","2":"type-product","3":"status-publish","4":"has-post-thumbnail","6":"product_cat-history","7":"product_cat-military-history","8":"product_tag-fortification-military-installations","9":"product_tag-history","11":"first","12":"instock","13":"sale","14":"taxable","15":"shipping-taxable","16":"purchasable","17":"product-type-simple"},"acf":[],"yoast_head":"<!-- This site is optimized with the Yoast SEO plugin v27.2 - https:\/\/yoast.com\/product\/yoast-seo-wordpress\/ -->\n<title>Books From M\u00e9xico: La Fortaleza de San Carlos<\/title>\n<meta name=\"description\" content=\"La Fortaleza de San Carlos. LA M\u00c1S DESTACADA OBRA DEFENSIVA DE TIERRA ADENTRO EN EL TERRITORIO NACIONAL. \/ Abraham Broca Castillo. Veracruz, M\u00e9xico\" \/>\n<meta name=\"robots\" content=\"noindex, follow, max-snippet:-1, max-image-preview:large, max-video-preview:-1\" \/>\n<meta property=\"og:locale\" content=\"es_ES\" \/>\n<meta property=\"og:type\" content=\"article\" \/>\n<meta property=\"og:title\" content=\"Books From M\u00e9xico: La Fortaleza de San Carlos\" \/>\n<meta property=\"og:description\" content=\"La Fortaleza de San Carlos. LA M\u00c1S DESTACADA OBRA DEFENSIVA DE TIERRA ADENTRO EN EL TERRITORIO NACIONAL. \/ Abraham Broca Castillo. Veracruz, M\u00e9xico\" \/>\n<meta property=\"og:url\" content=\"https:\/\/test.booksfrommexico.com\/es\/producto\/la-fortaleza-de-san-carlos-la-mas-destacada-obra-defensiva-de-tierra-adentro-en-el-territorio-nacional\/\" \/>\n<meta property=\"og:site_name\" content=\"Books From Mexico\" \/>\n<meta property=\"article:modified_time\" content=\"2023-09-14T09:06:54+00:00\" \/>\n<meta property=\"og:image\" content=\"https:\/\/test.booksfrommexico.com\/app\/uploads\/2023\/05\/184698.jpeg\" \/>\n\t<meta property=\"og:image:width\" content=\"633\" \/>\n\t<meta property=\"og:image:height\" content=\"792\" \/>\n\t<meta property=\"og:image:type\" content=\"image\/jpeg\" \/>\n<meta name=\"twitter:card\" content=\"summary_large_image\" \/>\n<meta name=\"twitter:label1\" content=\"Tiempo de lectura\" \/>\n\t<meta name=\"twitter:data1\" content=\"1 minuto\" \/>\n<script type=\"application\/ld+json\" class=\"yoast-schema-graph\">{\"@context\":\"https:\/\/schema.org\",\"@graph\":[{\"@type\":\"WebPage\",\"@id\":\"https:\/\/test.booksfrommexico.com\/es\/producto\/la-fortaleza-de-san-carlos-la-mas-destacada-obra-defensiva-de-tierra-adentro-en-el-territorio-nacional\/\",\"url\":\"https:\/\/test.booksfrommexico.com\/es\/producto\/la-fortaleza-de-san-carlos-la-mas-destacada-obra-defensiva-de-tierra-adentro-en-el-territorio-nacional\/\",\"name\":\"Books From M\u00e9xico: La Fortaleza de San Carlos\",\"isPartOf\":{\"@id\":\"https:\/\/test.booksfrommexico.com\/es\/#website\"},\"primaryImageOfPage\":{\"@id\":\"https:\/\/test.booksfrommexico.com\/es\/producto\/la-fortaleza-de-san-carlos-la-mas-destacada-obra-defensiva-de-tierra-adentro-en-el-territorio-nacional\/#primaryimage\"},\"image\":{\"@id\":\"https:\/\/test.booksfrommexico.com\/es\/producto\/la-fortaleza-de-san-carlos-la-mas-destacada-obra-defensiva-de-tierra-adentro-en-el-territorio-nacional\/#primaryimage\"},\"thumbnailUrl\":\"https:\/\/test.booksfrommexico.com\/app\/uploads\/2023\/05\/184698.jpeg\",\"datePublished\":\"2023-05-08T17:12:14+00:00\",\"dateModified\":\"2023-09-14T09:06:54+00:00\",\"description\":\"La Fortaleza de San Carlos. LA M\u00c1S DESTACADA OBRA DEFENSIVA DE TIERRA ADENTRO EN EL TERRITORIO NACIONAL. \/ Abraham Broca Castillo. Veracruz, M\u00e9xico\",\"breadcrumb\":{\"@id\":\"https:\/\/test.booksfrommexico.com\/es\/producto\/la-fortaleza-de-san-carlos-la-mas-destacada-obra-defensiva-de-tierra-adentro-en-el-territorio-nacional\/#breadcrumb\"},\"inLanguage\":\"es\",\"potentialAction\":[{\"@type\":\"ReadAction\",\"target\":[\"https:\/\/test.booksfrommexico.com\/es\/producto\/la-fortaleza-de-san-carlos-la-mas-destacada-obra-defensiva-de-tierra-adentro-en-el-territorio-nacional\/\"]}]},{\"@type\":\"ImageObject\",\"inLanguage\":\"es\",\"@id\":\"https:\/\/test.booksfrommexico.com\/es\/producto\/la-fortaleza-de-san-carlos-la-mas-destacada-obra-defensiva-de-tierra-adentro-en-el-territorio-nacional\/#primaryimage\",\"url\":\"https:\/\/test.booksfrommexico.com\/app\/uploads\/2023\/05\/184698.jpeg\",\"contentUrl\":\"https:\/\/test.booksfrommexico.com\/app\/uploads\/2023\/05\/184698.jpeg\",\"width\":633,\"height\":792,\"caption\":\"Books From M\u00e9xico. La Fortaleza de San Carlos\"},{\"@type\":\"BreadcrumbList\",\"@id\":\"https:\/\/test.booksfrommexico.com\/es\/producto\/la-fortaleza-de-san-carlos-la-mas-destacada-obra-defensiva-de-tierra-adentro-en-el-territorio-nacional\/#breadcrumb\",\"itemListElement\":[{\"@type\":\"ListItem\",\"position\":1,\"name\":\"Home\",\"item\":\"https:\/\/test.booksfrommexico.com\/es\/\"},{\"@type\":\"ListItem\",\"position\":2,\"name\":\"Libros\",\"item\":\"https:\/\/test.booksfrommexico.com\/es\/libros\/\"},{\"@type\":\"ListItem\",\"position\":3,\"name\":\"La Fortaleza de San Carlos\"}]},{\"@type\":\"WebSite\",\"@id\":\"https:\/\/test.booksfrommexico.com\/es\/#website\",\"url\":\"https:\/\/test.booksfrommexico.com\/es\/\",\"name\":\"Books From Mexico\",\"description\":\"\",\"publisher\":{\"@id\":\"https:\/\/test.booksfrommexico.com\/es\/#organization\"},\"potentialAction\":[{\"@type\":\"SearchAction\",\"target\":{\"@type\":\"EntryPoint\",\"urlTemplate\":\"https:\/\/test.booksfrommexico.com\/es\/?s={search_term_string}\"},\"query-input\":{\"@type\":\"PropertyValueSpecification\",\"valueRequired\":true,\"valueName\":\"search_term_string\"}}],\"inLanguage\":\"es\"},{\"@type\":\"Organization\",\"@id\":\"https:\/\/test.booksfrommexico.com\/es\/#organization\",\"name\":\"Books From Mexico\",\"url\":\"https:\/\/test.booksfrommexico.com\/es\/\",\"logo\":{\"@type\":\"ImageObject\",\"inLanguage\":\"es\",\"@id\":\"https:\/\/test.booksfrommexico.com\/es\/#\/schema\/logo\/image\/\",\"url\":\"https:\/\/test.booksfrommexico.com\/app\/uploads\/2023\/05\/logo-booksfrommexico.svg\",\"contentUrl\":\"https:\/\/test.booksfrommexico.com\/app\/uploads\/2023\/05\/logo-booksfrommexico.svg\",\"width\":86,\"height\":56,\"caption\":\"Books From Mexico\"},\"image\":{\"@id\":\"https:\/\/test.booksfrommexico.com\/es\/#\/schema\/logo\/image\/\"}}]}<\/script>\n<!-- \/ Yoast SEO plugin. -->","yoast_head_json":{"title":"Books From M\u00e9xico: La Fortaleza de San Carlos","description":"La Fortaleza de San Carlos. LA M\u00c1S DESTACADA OBRA DEFENSIVA DE TIERRA ADENTRO EN EL TERRITORIO NACIONAL. \/ Abraham Broca Castillo. Veracruz, M\u00e9xico","robots":{"index":"noindex","follow":"follow","max-snippet":"max-snippet:-1","max-image-preview":"max-image-preview:large","max-video-preview":"max-video-preview:-1"},"og_locale":"es_ES","og_type":"article","og_title":"Books From M\u00e9xico: La Fortaleza de San Carlos","og_description":"La Fortaleza de San Carlos. LA M\u00c1S DESTACADA OBRA DEFENSIVA DE TIERRA ADENTRO EN EL TERRITORIO NACIONAL. \/ Abraham Broca Castillo. Veracruz, M\u00e9xico","og_url":"https:\/\/test.booksfrommexico.com\/es\/producto\/la-fortaleza-de-san-carlos-la-mas-destacada-obra-defensiva-de-tierra-adentro-en-el-territorio-nacional\/","og_site_name":"Books From Mexico","article_modified_time":"2023-09-14T09:06:54+00:00","og_image":[{"width":633,"height":792,"url":"https:\/\/test.booksfrommexico.com\/app\/uploads\/2023\/05\/184698.jpeg","type":"image\/jpeg"}],"twitter_card":"summary_large_image","twitter_misc":{"Tiempo de lectura":"1 minuto"},"schema":{"@context":"https:\/\/schema.org","@graph":[{"@type":"WebPage","@id":"https:\/\/test.booksfrommexico.com\/es\/producto\/la-fortaleza-de-san-carlos-la-mas-destacada-obra-defensiva-de-tierra-adentro-en-el-territorio-nacional\/","url":"https:\/\/test.booksfrommexico.com\/es\/producto\/la-fortaleza-de-san-carlos-la-mas-destacada-obra-defensiva-de-tierra-adentro-en-el-territorio-nacional\/","name":"Books From M\u00e9xico: La Fortaleza de San Carlos","isPartOf":{"@id":"https:\/\/test.booksfrommexico.com\/es\/#website"},"primaryImageOfPage":{"@id":"https:\/\/test.booksfrommexico.com\/es\/producto\/la-fortaleza-de-san-carlos-la-mas-destacada-obra-defensiva-de-tierra-adentro-en-el-territorio-nacional\/#primaryimage"},"image":{"@id":"https:\/\/test.booksfrommexico.com\/es\/producto\/la-fortaleza-de-san-carlos-la-mas-destacada-obra-defensiva-de-tierra-adentro-en-el-territorio-nacional\/#primaryimage"},"thumbnailUrl":"https:\/\/test.booksfrommexico.com\/app\/uploads\/2023\/05\/184698.jpeg","datePublished":"2023-05-08T17:12:14+00:00","dateModified":"2023-09-14T09:06:54+00:00","description":"La Fortaleza de San Carlos. LA M\u00c1S DESTACADA OBRA DEFENSIVA DE TIERRA ADENTRO EN EL TERRITORIO NACIONAL. \/ Abraham Broca Castillo. Veracruz, M\u00e9xico","breadcrumb":{"@id":"https:\/\/test.booksfrommexico.com\/es\/producto\/la-fortaleza-de-san-carlos-la-mas-destacada-obra-defensiva-de-tierra-adentro-en-el-territorio-nacional\/#breadcrumb"},"inLanguage":"es","potentialAction":[{"@type":"ReadAction","target":["https:\/\/test.booksfrommexico.com\/es\/producto\/la-fortaleza-de-san-carlos-la-mas-destacada-obra-defensiva-de-tierra-adentro-en-el-territorio-nacional\/"]}]},{"@type":"ImageObject","inLanguage":"es","@id":"https:\/\/test.booksfrommexico.com\/es\/producto\/la-fortaleza-de-san-carlos-la-mas-destacada-obra-defensiva-de-tierra-adentro-en-el-territorio-nacional\/#primaryimage","url":"https:\/\/test.booksfrommexico.com\/app\/uploads\/2023\/05\/184698.jpeg","contentUrl":"https:\/\/test.booksfrommexico.com\/app\/uploads\/2023\/05\/184698.jpeg","width":633,"height":792,"caption":"Books From M\u00e9xico. La Fortaleza de San Carlos"},{"@type":"BreadcrumbList","@id":"https:\/\/test.booksfrommexico.com\/es\/producto\/la-fortaleza-de-san-carlos-la-mas-destacada-obra-defensiva-de-tierra-adentro-en-el-territorio-nacional\/#breadcrumb","itemListElement":[{"@type":"ListItem","position":1,"name":"Home","item":"https:\/\/test.booksfrommexico.com\/es\/"},{"@type":"ListItem","position":2,"name":"Libros","item":"https:\/\/test.booksfrommexico.com\/es\/libros\/"},{"@type":"ListItem","position":3,"name":"La Fortaleza de San Carlos"}]},{"@type":"WebSite","@id":"https:\/\/test.booksfrommexico.com\/es\/#website","url":"https:\/\/test.booksfrommexico.com\/es\/","name":"Books From Mexico","description":"","publisher":{"@id":"https:\/\/test.booksfrommexico.com\/es\/#organization"},"potentialAction":[{"@type":"SearchAction","target":{"@type":"EntryPoint","urlTemplate":"https:\/\/test.booksfrommexico.com\/es\/?s={search_term_string}"},"query-input":{"@type":"PropertyValueSpecification","valueRequired":true,"valueName":"search_term_string"}}],"inLanguage":"es"},{"@type":"Organization","@id":"https:\/\/test.booksfrommexico.com\/es\/#organization","name":"Books From Mexico","url":"https:\/\/test.booksfrommexico.com\/es\/","logo":{"@type":"ImageObject","inLanguage":"es","@id":"https:\/\/test.booksfrommexico.com\/es\/#\/schema\/logo\/image\/","url":"https:\/\/test.booksfrommexico.com\/app\/uploads\/2023\/05\/logo-booksfrommexico.svg","contentUrl":"https:\/\/test.booksfrommexico.com\/app\/uploads\/2023\/05\/logo-booksfrommexico.svg","width":86,"height":56,"caption":"Books From Mexico"},"image":{"@id":"https:\/\/test.booksfrommexico.com\/es\/#\/schema\/logo\/image\/"}}]}},"_links":{"self":[{"href":"https:\/\/test.booksfrommexico.com\/es\/wp-json\/wp\/v2\/product\/1184","targetHints":{"allow":["GET"]}}],"collection":[{"href":"https:\/\/test.booksfrommexico.com\/es\/wp-json\/wp\/v2\/product"}],"about":[{"href":"https:\/\/test.booksfrommexico.com\/es\/wp-json\/wp\/v2\/types\/product"}],"wp:featuredmedia":[{"embeddable":true,"href":"https:\/\/test.booksfrommexico.com\/es\/wp-json\/wp\/v2\/media\/1183"}],"wp:attachment":[{"href":"https:\/\/test.booksfrommexico.com\/es\/wp-json\/wp\/v2\/media?parent=1184"}],"wp:term":[{"taxonomy":"product_brand","embeddable":true,"href":"https:\/\/test.booksfrommexico.com\/es\/wp-json\/wp\/v2\/product_brand?post=1184"},{"taxonomy":"product_cat","embeddable":true,"href":"https:\/\/test.booksfrommexico.com\/es\/wp-json\/wp\/v2\/product_cat?post=1184"},{"taxonomy":"product_tag","embeddable":true,"href":"https:\/\/test.booksfrommexico.com\/es\/wp-json\/wp\/v2\/product_tag?post=1184"}],"curies":[{"name":"wp","href":"https:\/\/api.w.org\/{rel}","templated":true}]}}