{"id":1140,"date":"2023-05-08T17:11:37","date_gmt":"2023-05-08T17:11:37","guid":{"rendered":"http:\/\/test.booksfrommexico.com\/product\/yo-estuve-en-avandaro\/"},"modified":"2023-08-21T17:33:39","modified_gmt":"2023-08-21T17:33:39","slug":"yo-estuve-en-avandaro","status":"publish","type":"product","link":"https:\/\/test.booksfrommexico.com\/es\/producto\/yo-estuve-en-avandaro\/","title":{"rendered":"Yo estuve en Av\u00e1ndaro"},"content":{"rendered":"<p>Two-part evocation of historic 1971 open-air rock festival in state of Mexico, often compared to Woodstock because of its scale, counter-culture atmosphere and its chaotic and muddy aftermath. First part is large-format portfolio of images captured by then-unknown photographer Graciela Iturbide, who happened upon festival by accident and knew little about rock music. Second is history of event by journalist and rock critic, Federico Rubli, that punctures myths and clarifies long-obscure details. Includes reproductions of poster and flyers for festival. Some of these photos appeared in book Avandaro, published in 1971.<\/p>\n","protected":false},"excerpt":{"rendered":"<p>Iturbide, Graciela, YO ESTUVE EN AV\u00c1NDARO. \/ Graciela Iturbide, fotograf\u00eda; Federico Rubli, texto; Luis de Llano, pr\u00f3logo. Rubli K., Federico author of added text. Ciudad de M\u00e9xico : Trilce Ediciones : [Toluca de Lerdo] : Universidad Nacional Aut\u00f3noma de M\u00e9xico, Direcci\u00f3n General de Publicaciones y Fomento Editorial; Fondo Editorial Estado de M\u00e9xico, 2016. 2 volumes (128 unnumbered pages and 39 pages) : chiefly illustrations (some color); 44 cm. ISBN 9786078460168 (Trilce) ; 9786070286070 (UNAM).<\/p>\n","protected":false},"featured_media":1139,"template":"","meta":{"_acf_changed":false,"inline_featured_image":false},"product_brand":[],"product_cat":[645,325],"product_tag":[1348,1349,1350],"class_list":{"0":"post-1140","1":"product","2":"type-product","3":"status-publish","4":"has-post-thumbnail","6":"product_cat-biographies-of-musicians","7":"product_cat-music","8":"product_tag-pictorial-works","9":"product_tag-rock-music","10":"product_tag-rock-music-festivals","12":"first","13":"instock","14":"sale","15":"taxable","16":"shipping-taxable","17":"purchasable","18":"product-type-simple"},"acf":[],"yoast_head":"<!-- This site is optimized with the Yoast SEO plugin v27.2 - https:\/\/yoast.com\/product\/yoast-seo-wordpress\/ -->\n<title>Yo estuve en Av\u00e1ndaro - Books From Mexico<\/title>\n<meta name=\"description\" content=\"YO ESTUVE EN AV\u00c1NDARO. \/ Graciela Iturbide, fotograf\u00eda; Federico Rubli, texto; Luis de Llano, pr\u00f3logo. Ciudad de M\u00e9xico Trilce 9786078460168\" \/>\n<meta name=\"robots\" content=\"noindex, follow, max-snippet:-1, max-image-preview:large, max-video-preview:-1\" \/>\n<meta property=\"og:locale\" content=\"es_ES\" \/>\n<meta property=\"og:type\" content=\"article\" \/>\n<meta property=\"og:title\" content=\"Yo estuve en Av\u00e1ndaro - Books From Mexico\" \/>\n<meta property=\"og:description\" content=\"YO ESTUVE EN AV\u00c1NDARO. \/ Graciela Iturbide, fotograf\u00eda; Federico Rubli, texto; Luis de Llano, pr\u00f3logo. Ciudad de M\u00e9xico Trilce 9786078460168\" \/>\n<meta property=\"og:url\" content=\"https:\/\/test.booksfrommexico.com\/es\/producto\/yo-estuve-en-avandaro\/\" \/>\n<meta property=\"og:site_name\" content=\"Books From Mexico\" \/>\n<meta property=\"article:modified_time\" content=\"2023-08-21T17:33:39+00:00\" \/>\n<meta property=\"og:image\" content=\"https:\/\/test.booksfrommexico.com\/app\/uploads\/2023\/05\/182128.jpeg\" \/>\n\t<meta property=\"og:image:width\" content=\"636\" \/>\n\t<meta property=\"og:image:height\" content=\"621\" \/>\n\t<meta property=\"og:image:type\" content=\"image\/jpeg\" \/>\n<meta name=\"twitter:card\" content=\"summary_large_image\" \/>\n<meta name=\"twitter:label1\" content=\"Tiempo de lectura\" \/>\n\t<meta name=\"twitter:data1\" content=\"1 minuto\" \/>\n<script type=\"application\/ld+json\" class=\"yoast-schema-graph\">{\"@context\":\"https:\/\/schema.org\",\"@graph\":[{\"@type\":\"WebPage\",\"@id\":\"https:\/\/test.booksfrommexico.com\/es\/producto\/yo-estuve-en-avandaro\/\",\"url\":\"https:\/\/test.booksfrommexico.com\/es\/producto\/yo-estuve-en-avandaro\/\",\"name\":\"Yo estuve en Av\u00e1ndaro - Books From Mexico\",\"isPartOf\":{\"@id\":\"https:\/\/test.booksfrommexico.com\/es\/#website\"},\"primaryImageOfPage\":{\"@id\":\"https:\/\/test.booksfrommexico.com\/es\/producto\/yo-estuve-en-avandaro\/#primaryimage\"},\"image\":{\"@id\":\"https:\/\/test.booksfrommexico.com\/es\/producto\/yo-estuve-en-avandaro\/#primaryimage\"},\"thumbnailUrl\":\"https:\/\/test.booksfrommexico.com\/app\/uploads\/2023\/05\/182128.jpeg\",\"datePublished\":\"2023-05-08T17:11:37+00:00\",\"dateModified\":\"2023-08-21T17:33:39+00:00\",\"description\":\"YO ESTUVE EN AV\u00c1NDARO. \/ Graciela Iturbide, fotograf\u00eda; Federico Rubli, texto; Luis de Llano, pr\u00f3logo. Ciudad de M\u00e9xico Trilce 9786078460168\",\"breadcrumb\":{\"@id\":\"https:\/\/test.booksfrommexico.com\/es\/producto\/yo-estuve-en-avandaro\/#breadcrumb\"},\"inLanguage\":\"es\",\"potentialAction\":[{\"@type\":\"ReadAction\",\"target\":[\"https:\/\/test.booksfrommexico.com\/es\/producto\/yo-estuve-en-avandaro\/\"]}]},{\"@type\":\"ImageObject\",\"inLanguage\":\"es\",\"@id\":\"https:\/\/test.booksfrommexico.com\/es\/producto\/yo-estuve-en-avandaro\/#primaryimage\",\"url\":\"https:\/\/test.booksfrommexico.com\/app\/uploads\/2023\/05\/182128.jpeg\",\"contentUrl\":\"https:\/\/test.booksfrommexico.com\/app\/uploads\/2023\/05\/182128.jpeg\",\"width\":636,\"height\":621},{\"@type\":\"BreadcrumbList\",\"@id\":\"https:\/\/test.booksfrommexico.com\/es\/producto\/yo-estuve-en-avandaro\/#breadcrumb\",\"itemListElement\":[{\"@type\":\"ListItem\",\"position\":1,\"name\":\"Home\",\"item\":\"https:\/\/test.booksfrommexico.com\/es\/\"},{\"@type\":\"ListItem\",\"position\":2,\"name\":\"Libros\",\"item\":\"https:\/\/test.booksfrommexico.com\/es\/libros\/\"},{\"@type\":\"ListItem\",\"position\":3,\"name\":\"Yo estuve en Av\u00e1ndaro\"}]},{\"@type\":\"WebSite\",\"@id\":\"https:\/\/test.booksfrommexico.com\/es\/#website\",\"url\":\"https:\/\/test.booksfrommexico.com\/es\/\",\"name\":\"Books From Mexico\",\"description\":\"\",\"publisher\":{\"@id\":\"https:\/\/test.booksfrommexico.com\/es\/#organization\"},\"potentialAction\":[{\"@type\":\"SearchAction\",\"target\":{\"@type\":\"EntryPoint\",\"urlTemplate\":\"https:\/\/test.booksfrommexico.com\/es\/?s={search_term_string}\"},\"query-input\":{\"@type\":\"PropertyValueSpecification\",\"valueRequired\":true,\"valueName\":\"search_term_string\"}}],\"inLanguage\":\"es\"},{\"@type\":\"Organization\",\"@id\":\"https:\/\/test.booksfrommexico.com\/es\/#organization\",\"name\":\"Books From Mexico\",\"url\":\"https:\/\/test.booksfrommexico.com\/es\/\",\"logo\":{\"@type\":\"ImageObject\",\"inLanguage\":\"es\",\"@id\":\"https:\/\/test.booksfrommexico.com\/es\/#\/schema\/logo\/image\/\",\"url\":\"https:\/\/test.booksfrommexico.com\/app\/uploads\/2023\/05\/logo-booksfrommexico.svg\",\"contentUrl\":\"https:\/\/test.booksfrommexico.com\/app\/uploads\/2023\/05\/logo-booksfrommexico.svg\",\"width\":86,\"height\":56,\"caption\":\"Books From Mexico\"},\"image\":{\"@id\":\"https:\/\/test.booksfrommexico.com\/es\/#\/schema\/logo\/image\/\"}}]}<\/script>\n<!-- \/ Yoast SEO plugin. -->","yoast_head_json":{"title":"Yo estuve en Av\u00e1ndaro - Books From Mexico","description":"YO ESTUVE EN AV\u00c1NDARO. \/ Graciela Iturbide, fotograf\u00eda; Federico Rubli, texto; Luis de Llano, pr\u00f3logo. Ciudad de M\u00e9xico Trilce 9786078460168","robots":{"index":"noindex","follow":"follow","max-snippet":"max-snippet:-1","max-image-preview":"max-image-preview:large","max-video-preview":"max-video-preview:-1"},"og_locale":"es_ES","og_type":"article","og_title":"Yo estuve en Av\u00e1ndaro - Books From Mexico","og_description":"YO ESTUVE EN AV\u00c1NDARO. \/ Graciela Iturbide, fotograf\u00eda; Federico Rubli, texto; Luis de Llano, pr\u00f3logo. Ciudad de M\u00e9xico Trilce 9786078460168","og_url":"https:\/\/test.booksfrommexico.com\/es\/producto\/yo-estuve-en-avandaro\/","og_site_name":"Books From Mexico","article_modified_time":"2023-08-21T17:33:39+00:00","og_image":[{"width":636,"height":621,"url":"https:\/\/test.booksfrommexico.com\/app\/uploads\/2023\/05\/182128.jpeg","type":"image\/jpeg"}],"twitter_card":"summary_large_image","twitter_misc":{"Tiempo de lectura":"1 minuto"},"schema":{"@context":"https:\/\/schema.org","@graph":[{"@type":"WebPage","@id":"https:\/\/test.booksfrommexico.com\/es\/producto\/yo-estuve-en-avandaro\/","url":"https:\/\/test.booksfrommexico.com\/es\/producto\/yo-estuve-en-avandaro\/","name":"Yo estuve en Av\u00e1ndaro - Books From Mexico","isPartOf":{"@id":"https:\/\/test.booksfrommexico.com\/es\/#website"},"primaryImageOfPage":{"@id":"https:\/\/test.booksfrommexico.com\/es\/producto\/yo-estuve-en-avandaro\/#primaryimage"},"image":{"@id":"https:\/\/test.booksfrommexico.com\/es\/producto\/yo-estuve-en-avandaro\/#primaryimage"},"thumbnailUrl":"https:\/\/test.booksfrommexico.com\/app\/uploads\/2023\/05\/182128.jpeg","datePublished":"2023-05-08T17:11:37+00:00","dateModified":"2023-08-21T17:33:39+00:00","description":"YO ESTUVE EN AV\u00c1NDARO. \/ Graciela Iturbide, fotograf\u00eda; Federico Rubli, texto; Luis de Llano, pr\u00f3logo. Ciudad de M\u00e9xico Trilce 9786078460168","breadcrumb":{"@id":"https:\/\/test.booksfrommexico.com\/es\/producto\/yo-estuve-en-avandaro\/#breadcrumb"},"inLanguage":"es","potentialAction":[{"@type":"ReadAction","target":["https:\/\/test.booksfrommexico.com\/es\/producto\/yo-estuve-en-avandaro\/"]}]},{"@type":"ImageObject","inLanguage":"es","@id":"https:\/\/test.booksfrommexico.com\/es\/producto\/yo-estuve-en-avandaro\/#primaryimage","url":"https:\/\/test.booksfrommexico.com\/app\/uploads\/2023\/05\/182128.jpeg","contentUrl":"https:\/\/test.booksfrommexico.com\/app\/uploads\/2023\/05\/182128.jpeg","width":636,"height":621},{"@type":"BreadcrumbList","@id":"https:\/\/test.booksfrommexico.com\/es\/producto\/yo-estuve-en-avandaro\/#breadcrumb","itemListElement":[{"@type":"ListItem","position":1,"name":"Home","item":"https:\/\/test.booksfrommexico.com\/es\/"},{"@type":"ListItem","position":2,"name":"Libros","item":"https:\/\/test.booksfrommexico.com\/es\/libros\/"},{"@type":"ListItem","position":3,"name":"Yo estuve en Av\u00e1ndaro"}]},{"@type":"WebSite","@id":"https:\/\/test.booksfrommexico.com\/es\/#website","url":"https:\/\/test.booksfrommexico.com\/es\/","name":"Books From Mexico","description":"","publisher":{"@id":"https:\/\/test.booksfrommexico.com\/es\/#organization"},"potentialAction":[{"@type":"SearchAction","target":{"@type":"EntryPoint","urlTemplate":"https:\/\/test.booksfrommexico.com\/es\/?s={search_term_string}"},"query-input":{"@type":"PropertyValueSpecification","valueRequired":true,"valueName":"search_term_string"}}],"inLanguage":"es"},{"@type":"Organization","@id":"https:\/\/test.booksfrommexico.com\/es\/#organization","name":"Books From Mexico","url":"https:\/\/test.booksfrommexico.com\/es\/","logo":{"@type":"ImageObject","inLanguage":"es","@id":"https:\/\/test.booksfrommexico.com\/es\/#\/schema\/logo\/image\/","url":"https:\/\/test.booksfrommexico.com\/app\/uploads\/2023\/05\/logo-booksfrommexico.svg","contentUrl":"https:\/\/test.booksfrommexico.com\/app\/uploads\/2023\/05\/logo-booksfrommexico.svg","width":86,"height":56,"caption":"Books From Mexico"},"image":{"@id":"https:\/\/test.booksfrommexico.com\/es\/#\/schema\/logo\/image\/"}}]}},"_links":{"self":[{"href":"https:\/\/test.booksfrommexico.com\/es\/wp-json\/wp\/v2\/product\/1140","targetHints":{"allow":["GET"]}}],"collection":[{"href":"https:\/\/test.booksfrommexico.com\/es\/wp-json\/wp\/v2\/product"}],"about":[{"href":"https:\/\/test.booksfrommexico.com\/es\/wp-json\/wp\/v2\/types\/product"}],"wp:featuredmedia":[{"embeddable":true,"href":"https:\/\/test.booksfrommexico.com\/es\/wp-json\/wp\/v2\/media\/1139"}],"wp:attachment":[{"href":"https:\/\/test.booksfrommexico.com\/es\/wp-json\/wp\/v2\/media?parent=1140"}],"wp:term":[{"taxonomy":"product_brand","embeddable":true,"href":"https:\/\/test.booksfrommexico.com\/es\/wp-json\/wp\/v2\/product_brand?post=1140"},{"taxonomy":"product_cat","embeddable":true,"href":"https:\/\/test.booksfrommexico.com\/es\/wp-json\/wp\/v2\/product_cat?post=1140"},{"taxonomy":"product_tag","embeddable":true,"href":"https:\/\/test.booksfrommexico.com\/es\/wp-json\/wp\/v2\/product_tag?post=1140"}],"curies":[{"name":"wp","href":"https:\/\/api.w.org\/{rel}","templated":true}]}}