{"id":1126,"date":"2023-05-08T17:11:26","date_gmt":"2023-05-08T17:11:26","guid":{"rendered":"http:\/\/test.booksfrommexico.com\/product\/el-juego-de-las-apariencias-la-alquimia-de-los-mestizajes-y-las-jerarquias-sociales-en-lima-siglo-xix\/"},"modified":"2023-08-22T03:14:19","modified_gmt":"2023-08-22T03:14:19","slug":"el-juego-de-las-apariencias-la-alquimia-de-los-mestizajes-y-las-jerarquias-sociales-en-lima-siglo-xix","status":"publish","type":"product","link":"https:\/\/test.booksfrommexico.com\/es\/producto\/el-juego-de-las-apariencias-la-alquimia-de-los-mestizajes-y-las-jerarquias-sociales-en-lima-siglo-xix\/","title":{"rendered":"El juego de las apariencias"},"content":{"rendered":"<p>Studies construction of social hierarchies in Lima during period in which nation gradually recognized citizenship based on principle of equality before law. Details material elements used by individuals and families of indigenous, Asian, African and other ethnic descent to gain social mobility in age of veiled racism, pointing to economic activities stratified by race that substituted legal restriction.<\/p>\n","protected":false},"excerpt":{"rendered":"<p>Cosamal\u00f3n Aguilar, Jes\u00fas A, EL JUEGO DE LAS APARIENCIAS : LA ALQUIMIA DE LOS MESTIZAJES Y LAS JERARQU\u00cdAS SOCIALES EN LIMA, SIGLO XIX. \/ Jes\u00fas A. Cosamal\u00f3n Aguilar. Ciudad de M\u00e9xico, M\u00e9xico : El Colegio de M\u00e9xico, Centro de Estudios Hist\u00f3ricos; Lima : Instituto de Estudios Peruanos, 2017. 430 pages : illustrations, maps; 22 cm. Bibliography: pages 391-430. Includes bibliographical references. ISBN 9786076281703.<\/p>\n","protected":false},"featured_media":1125,"template":"","meta":{"_acf_changed":false,"inline_featured_image":false},"product_brand":[],"product_cat":[27,213],"product_tag":[3240,3239],"class_list":{"0":"post-1126","1":"product","2":"type-product","3":"status-publish","4":"has-post-thumbnail","6":"product_cat-history","7":"product_cat-social-history-revolution","8":"product_tag-race-relations","9":"product_tag-social-classes","11":"first","12":"instock","13":"taxable","14":"shipping-taxable","15":"purchasable","16":"product-type-simple"},"acf":[],"yoast_head":"<!-- This site is optimized with the Yoast SEO plugin v27.2 - https:\/\/yoast.com\/product\/yoast-seo-wordpress\/ -->\n<title>El juego de las apariencias - Books From Mexico<\/title>\n<meta name=\"description\" content=\"EL JUEGO DE LAS APARIENCIAS : LA ALQUIMIA DE LOS MESTIZAJES Y LAS JERARQU\u00cdAS SOCIALES EN LIMA, SIGLO XIX. 9786076281703 Jes\u00fas A. Cosamal\u00f3n Aguilar\" \/>\n<meta name=\"robots\" content=\"noindex, follow, max-snippet:-1, max-image-preview:large, max-video-preview:-1\" \/>\n<meta property=\"og:locale\" content=\"es_ES\" \/>\n<meta property=\"og:type\" content=\"article\" \/>\n<meta property=\"og:title\" content=\"El juego de las apariencias - Books From Mexico\" \/>\n<meta property=\"og:description\" content=\"EL JUEGO DE LAS APARIENCIAS : LA ALQUIMIA DE LOS MESTIZAJES Y LAS JERARQU\u00cdAS SOCIALES EN LIMA, SIGLO XIX. 9786076281703 Jes\u00fas A. Cosamal\u00f3n Aguilar\" \/>\n<meta property=\"og:url\" content=\"https:\/\/test.booksfrommexico.com\/es\/producto\/el-juego-de-las-apariencias-la-alquimia-de-los-mestizajes-y-las-jerarquias-sociales-en-lima-siglo-xix\/\" \/>\n<meta property=\"og:site_name\" content=\"Books From Mexico\" \/>\n<meta property=\"article:modified_time\" content=\"2023-08-22T03:14:19+00:00\" \/>\n<meta property=\"og:image\" content=\"https:\/\/test.booksfrommexico.com\/app\/uploads\/2023\/05\/181871.jpeg\" \/>\n\t<meta property=\"og:image:width\" content=\"428\" \/>\n\t<meta property=\"og:image:height\" content=\"638\" \/>\n\t<meta property=\"og:image:type\" content=\"image\/jpeg\" \/>\n<meta name=\"twitter:card\" content=\"summary_large_image\" \/>\n<meta name=\"twitter:label1\" content=\"Tiempo de lectura\" \/>\n\t<meta name=\"twitter:data1\" content=\"1 minuto\" \/>\n<script type=\"application\/ld+json\" class=\"yoast-schema-graph\">{\"@context\":\"https:\/\/schema.org\",\"@graph\":[{\"@type\":\"WebPage\",\"@id\":\"https:\/\/test.booksfrommexico.com\/es\/producto\/el-juego-de-las-apariencias-la-alquimia-de-los-mestizajes-y-las-jerarquias-sociales-en-lima-siglo-xix\/\",\"url\":\"https:\/\/test.booksfrommexico.com\/es\/producto\/el-juego-de-las-apariencias-la-alquimia-de-los-mestizajes-y-las-jerarquias-sociales-en-lima-siglo-xix\/\",\"name\":\"El juego de las apariencias - Books From Mexico\",\"isPartOf\":{\"@id\":\"https:\/\/test.booksfrommexico.com\/es\/#website\"},\"primaryImageOfPage\":{\"@id\":\"https:\/\/test.booksfrommexico.com\/es\/producto\/el-juego-de-las-apariencias-la-alquimia-de-los-mestizajes-y-las-jerarquias-sociales-en-lima-siglo-xix\/#primaryimage\"},\"image\":{\"@id\":\"https:\/\/test.booksfrommexico.com\/es\/producto\/el-juego-de-las-apariencias-la-alquimia-de-los-mestizajes-y-las-jerarquias-sociales-en-lima-siglo-xix\/#primaryimage\"},\"thumbnailUrl\":\"https:\/\/test.booksfrommexico.com\/app\/uploads\/2023\/05\/181871.jpeg\",\"datePublished\":\"2023-05-08T17:11:26+00:00\",\"dateModified\":\"2023-08-22T03:14:19+00:00\",\"description\":\"EL JUEGO DE LAS APARIENCIAS : LA ALQUIMIA DE LOS MESTIZAJES Y LAS JERARQU\u00cdAS SOCIALES EN LIMA, SIGLO XIX. 9786076281703 Jes\u00fas A. Cosamal\u00f3n Aguilar\",\"breadcrumb\":{\"@id\":\"https:\/\/test.booksfrommexico.com\/es\/producto\/el-juego-de-las-apariencias-la-alquimia-de-los-mestizajes-y-las-jerarquias-sociales-en-lima-siglo-xix\/#breadcrumb\"},\"inLanguage\":\"es\",\"potentialAction\":[{\"@type\":\"ReadAction\",\"target\":[\"https:\/\/test.booksfrommexico.com\/es\/producto\/el-juego-de-las-apariencias-la-alquimia-de-los-mestizajes-y-las-jerarquias-sociales-en-lima-siglo-xix\/\"]}]},{\"@type\":\"ImageObject\",\"inLanguage\":\"es\",\"@id\":\"https:\/\/test.booksfrommexico.com\/es\/producto\/el-juego-de-las-apariencias-la-alquimia-de-los-mestizajes-y-las-jerarquias-sociales-en-lima-siglo-xix\/#primaryimage\",\"url\":\"https:\/\/test.booksfrommexico.com\/app\/uploads\/2023\/05\/181871.jpeg\",\"contentUrl\":\"https:\/\/test.booksfrommexico.com\/app\/uploads\/2023\/05\/181871.jpeg\",\"width\":428,\"height\":638},{\"@type\":\"BreadcrumbList\",\"@id\":\"https:\/\/test.booksfrommexico.com\/es\/producto\/el-juego-de-las-apariencias-la-alquimia-de-los-mestizajes-y-las-jerarquias-sociales-en-lima-siglo-xix\/#breadcrumb\",\"itemListElement\":[{\"@type\":\"ListItem\",\"position\":1,\"name\":\"Home\",\"item\":\"https:\/\/test.booksfrommexico.com\/es\/\"},{\"@type\":\"ListItem\",\"position\":2,\"name\":\"Libros\",\"item\":\"https:\/\/test.booksfrommexico.com\/es\/libros\/\"},{\"@type\":\"ListItem\",\"position\":3,\"name\":\"El juego de las apariencias\"}]},{\"@type\":\"WebSite\",\"@id\":\"https:\/\/test.booksfrommexico.com\/es\/#website\",\"url\":\"https:\/\/test.booksfrommexico.com\/es\/\",\"name\":\"Books From Mexico\",\"description\":\"\",\"publisher\":{\"@id\":\"https:\/\/test.booksfrommexico.com\/es\/#organization\"},\"potentialAction\":[{\"@type\":\"SearchAction\",\"target\":{\"@type\":\"EntryPoint\",\"urlTemplate\":\"https:\/\/test.booksfrommexico.com\/es\/?s={search_term_string}\"},\"query-input\":{\"@type\":\"PropertyValueSpecification\",\"valueRequired\":true,\"valueName\":\"search_term_string\"}}],\"inLanguage\":\"es\"},{\"@type\":\"Organization\",\"@id\":\"https:\/\/test.booksfrommexico.com\/es\/#organization\",\"name\":\"Books From Mexico\",\"url\":\"https:\/\/test.booksfrommexico.com\/es\/\",\"logo\":{\"@type\":\"ImageObject\",\"inLanguage\":\"es\",\"@id\":\"https:\/\/test.booksfrommexico.com\/es\/#\/schema\/logo\/image\/\",\"url\":\"https:\/\/test.booksfrommexico.com\/app\/uploads\/2023\/05\/logo-booksfrommexico.svg\",\"contentUrl\":\"https:\/\/test.booksfrommexico.com\/app\/uploads\/2023\/05\/logo-booksfrommexico.svg\",\"width\":86,\"height\":56,\"caption\":\"Books From Mexico\"},\"image\":{\"@id\":\"https:\/\/test.booksfrommexico.com\/es\/#\/schema\/logo\/image\/\"}}]}<\/script>\n<!-- \/ Yoast SEO plugin. -->","yoast_head_json":{"title":"El juego de las apariencias - Books From Mexico","description":"EL JUEGO DE LAS APARIENCIAS : LA ALQUIMIA DE LOS MESTIZAJES Y LAS JERARQU\u00cdAS SOCIALES EN LIMA, SIGLO XIX. 9786076281703 Jes\u00fas A. Cosamal\u00f3n Aguilar","robots":{"index":"noindex","follow":"follow","max-snippet":"max-snippet:-1","max-image-preview":"max-image-preview:large","max-video-preview":"max-video-preview:-1"},"og_locale":"es_ES","og_type":"article","og_title":"El juego de las apariencias - Books From Mexico","og_description":"EL JUEGO DE LAS APARIENCIAS : LA ALQUIMIA DE LOS MESTIZAJES Y LAS JERARQU\u00cdAS SOCIALES EN LIMA, SIGLO XIX. 9786076281703 Jes\u00fas A. Cosamal\u00f3n Aguilar","og_url":"https:\/\/test.booksfrommexico.com\/es\/producto\/el-juego-de-las-apariencias-la-alquimia-de-los-mestizajes-y-las-jerarquias-sociales-en-lima-siglo-xix\/","og_site_name":"Books From Mexico","article_modified_time":"2023-08-22T03:14:19+00:00","og_image":[{"width":428,"height":638,"url":"https:\/\/test.booksfrommexico.com\/app\/uploads\/2023\/05\/181871.jpeg","type":"image\/jpeg"}],"twitter_card":"summary_large_image","twitter_misc":{"Tiempo de lectura":"1 minuto"},"schema":{"@context":"https:\/\/schema.org","@graph":[{"@type":"WebPage","@id":"https:\/\/test.booksfrommexico.com\/es\/producto\/el-juego-de-las-apariencias-la-alquimia-de-los-mestizajes-y-las-jerarquias-sociales-en-lima-siglo-xix\/","url":"https:\/\/test.booksfrommexico.com\/es\/producto\/el-juego-de-las-apariencias-la-alquimia-de-los-mestizajes-y-las-jerarquias-sociales-en-lima-siglo-xix\/","name":"El juego de las apariencias - Books From Mexico","isPartOf":{"@id":"https:\/\/test.booksfrommexico.com\/es\/#website"},"primaryImageOfPage":{"@id":"https:\/\/test.booksfrommexico.com\/es\/producto\/el-juego-de-las-apariencias-la-alquimia-de-los-mestizajes-y-las-jerarquias-sociales-en-lima-siglo-xix\/#primaryimage"},"image":{"@id":"https:\/\/test.booksfrommexico.com\/es\/producto\/el-juego-de-las-apariencias-la-alquimia-de-los-mestizajes-y-las-jerarquias-sociales-en-lima-siglo-xix\/#primaryimage"},"thumbnailUrl":"https:\/\/test.booksfrommexico.com\/app\/uploads\/2023\/05\/181871.jpeg","datePublished":"2023-05-08T17:11:26+00:00","dateModified":"2023-08-22T03:14:19+00:00","description":"EL JUEGO DE LAS APARIENCIAS : LA ALQUIMIA DE LOS MESTIZAJES Y LAS JERARQU\u00cdAS SOCIALES EN LIMA, SIGLO XIX. 9786076281703 Jes\u00fas A. Cosamal\u00f3n Aguilar","breadcrumb":{"@id":"https:\/\/test.booksfrommexico.com\/es\/producto\/el-juego-de-las-apariencias-la-alquimia-de-los-mestizajes-y-las-jerarquias-sociales-en-lima-siglo-xix\/#breadcrumb"},"inLanguage":"es","potentialAction":[{"@type":"ReadAction","target":["https:\/\/test.booksfrommexico.com\/es\/producto\/el-juego-de-las-apariencias-la-alquimia-de-los-mestizajes-y-las-jerarquias-sociales-en-lima-siglo-xix\/"]}]},{"@type":"ImageObject","inLanguage":"es","@id":"https:\/\/test.booksfrommexico.com\/es\/producto\/el-juego-de-las-apariencias-la-alquimia-de-los-mestizajes-y-las-jerarquias-sociales-en-lima-siglo-xix\/#primaryimage","url":"https:\/\/test.booksfrommexico.com\/app\/uploads\/2023\/05\/181871.jpeg","contentUrl":"https:\/\/test.booksfrommexico.com\/app\/uploads\/2023\/05\/181871.jpeg","width":428,"height":638},{"@type":"BreadcrumbList","@id":"https:\/\/test.booksfrommexico.com\/es\/producto\/el-juego-de-las-apariencias-la-alquimia-de-los-mestizajes-y-las-jerarquias-sociales-en-lima-siglo-xix\/#breadcrumb","itemListElement":[{"@type":"ListItem","position":1,"name":"Home","item":"https:\/\/test.booksfrommexico.com\/es\/"},{"@type":"ListItem","position":2,"name":"Libros","item":"https:\/\/test.booksfrommexico.com\/es\/libros\/"},{"@type":"ListItem","position":3,"name":"El juego de las apariencias"}]},{"@type":"WebSite","@id":"https:\/\/test.booksfrommexico.com\/es\/#website","url":"https:\/\/test.booksfrommexico.com\/es\/","name":"Books From Mexico","description":"","publisher":{"@id":"https:\/\/test.booksfrommexico.com\/es\/#organization"},"potentialAction":[{"@type":"SearchAction","target":{"@type":"EntryPoint","urlTemplate":"https:\/\/test.booksfrommexico.com\/es\/?s={search_term_string}"},"query-input":{"@type":"PropertyValueSpecification","valueRequired":true,"valueName":"search_term_string"}}],"inLanguage":"es"},{"@type":"Organization","@id":"https:\/\/test.booksfrommexico.com\/es\/#organization","name":"Books From Mexico","url":"https:\/\/test.booksfrommexico.com\/es\/","logo":{"@type":"ImageObject","inLanguage":"es","@id":"https:\/\/test.booksfrommexico.com\/es\/#\/schema\/logo\/image\/","url":"https:\/\/test.booksfrommexico.com\/app\/uploads\/2023\/05\/logo-booksfrommexico.svg","contentUrl":"https:\/\/test.booksfrommexico.com\/app\/uploads\/2023\/05\/logo-booksfrommexico.svg","width":86,"height":56,"caption":"Books From Mexico"},"image":{"@id":"https:\/\/test.booksfrommexico.com\/es\/#\/schema\/logo\/image\/"}}]}},"_links":{"self":[{"href":"https:\/\/test.booksfrommexico.com\/es\/wp-json\/wp\/v2\/product\/1126","targetHints":{"allow":["GET"]}}],"collection":[{"href":"https:\/\/test.booksfrommexico.com\/es\/wp-json\/wp\/v2\/product"}],"about":[{"href":"https:\/\/test.booksfrommexico.com\/es\/wp-json\/wp\/v2\/types\/product"}],"wp:featuredmedia":[{"embeddable":true,"href":"https:\/\/test.booksfrommexico.com\/es\/wp-json\/wp\/v2\/media\/1125"}],"wp:attachment":[{"href":"https:\/\/test.booksfrommexico.com\/es\/wp-json\/wp\/v2\/media?parent=1126"}],"wp:term":[{"taxonomy":"product_brand","embeddable":true,"href":"https:\/\/test.booksfrommexico.com\/es\/wp-json\/wp\/v2\/product_brand?post=1126"},{"taxonomy":"product_cat","embeddable":true,"href":"https:\/\/test.booksfrommexico.com\/es\/wp-json\/wp\/v2\/product_cat?post=1126"},{"taxonomy":"product_tag","embeddable":true,"href":"https:\/\/test.booksfrommexico.com\/es\/wp-json\/wp\/v2\/product_tag?post=1126"}],"curies":[{"name":"wp","href":"https:\/\/api.w.org\/{rel}","templated":true}]}}