{"id":1122,"date":"2023-05-08T17:11:23","date_gmt":"2023-05-08T17:11:23","guid":{"rendered":"http:\/\/test.booksfrommexico.com\/product\/la-construccion-del-pasado-indigena-de-tezcoco-de-nezahualcoyotl-a-alva-ixtlixochitl\/"},"modified":"2023-08-22T03:26:18","modified_gmt":"2023-08-22T03:26:18","slug":"la-construccion-del-pasado-indigena-de-tezcoco-de-nezahualcoyotl-a-alva-ixtlixochitl","status":"publish","type":"product","link":"https:\/\/test.booksfrommexico.com\/es\/producto\/la-construccion-del-pasado-indigena-de-tezcoco-de-nezahualcoyotl-a-alva-ixtlixochitl\/","title":{"rendered":"La construcci\u00f3n del pasado ind\u00edgena de Tezcoco"},"content":{"rendered":"","protected":false},"excerpt":{"rendered":"<p>Lesbre, Patrick, LA CONSTRUCCI\u00d3N DEL PASADO IND\u00cdGENA DE TEZCOCO : DE NEZAHUALC\u00d3YOTL A ALVA IXTLIX\u00d3CHITL. \/ Patrick Lesbre; Mario Zamudio Vega, traductor. M\u00e9xico, D.F. : Instituto Nacional de Antropolog\u00eda e Historia; Zamora, Michoac\u00e1n : El Colegio de Michoac\u00e1n; Ciudad de M\u00e9xico : Centro de Estudios Mexicanos y Centroamericanos, 2016. 537 pages : illustrations; 28 cm. Bibliography: pages 471-506. Includes bibliographical references. ISBN 9786074847888 (INAH) ; 9786079470401 (COLMICH) ; 9782111389205 (CEMCA).<\/p>\n","protected":false},"featured_media":1121,"template":"","meta":{"_acf_changed":false,"inline_featured_image":false},"product_brand":[],"product_cat":[27],"product_tag":[],"class_list":{"0":"post-1122","1":"product","2":"type-product","3":"status-publish","4":"has-post-thumbnail","6":"product_cat-history","8":"first","9":"instock","10":"taxable","11":"shipping-taxable","12":"purchasable","13":"product-type-simple"},"acf":[],"yoast_head":"<!-- This site is optimized with the Yoast SEO plugin v27.2 - https:\/\/yoast.com\/product\/yoast-seo-wordpress\/ -->\n<title>La construcci\u00f3n del pasado ind\u00edgena de Tezcoco - Books From Mexico<\/title>\n<meta name=\"description\" content=\"LA CONSTRUCCI\u00d3N DEL PASADO IND\u00cdGENA DE TEZCOCO : DE NEZAHUALC\u00d3YOTL A ALVA IXTLIX\u00d3CHITL. \/ Patrick Lesbre Mario Zamudio Vega, traductor 9786074847888\" \/>\n<meta name=\"robots\" content=\"noindex, follow, max-snippet:-1, max-image-preview:large, max-video-preview:-1\" \/>\n<meta property=\"og:locale\" content=\"es_ES\" \/>\n<meta property=\"og:type\" content=\"article\" \/>\n<meta property=\"og:title\" content=\"La construcci\u00f3n del pasado ind\u00edgena de Tezcoco - Books From Mexico\" \/>\n<meta property=\"og:description\" content=\"LA CONSTRUCCI\u00d3N DEL PASADO IND\u00cdGENA DE TEZCOCO : DE NEZAHUALC\u00d3YOTL A ALVA IXTLIX\u00d3CHITL. \/ Patrick Lesbre Mario Zamudio Vega, traductor 9786074847888\" \/>\n<meta property=\"og:url\" content=\"https:\/\/test.booksfrommexico.com\/es\/producto\/la-construccion-del-pasado-indigena-de-tezcoco-de-nezahualcoyotl-a-alva-ixtlixochitl\/\" \/>\n<meta property=\"og:site_name\" content=\"Books From Mexico\" \/>\n<meta property=\"article:modified_time\" content=\"2023-08-22T03:26:18+00:00\" \/>\n<meta property=\"og:image\" content=\"https:\/\/test.booksfrommexico.com\/app\/uploads\/2023\/05\/181953.jpeg\" \/>\n\t<meta property=\"og:image:width\" content=\"601\" \/>\n\t<meta property=\"og:image:height\" content=\"797\" \/>\n\t<meta property=\"og:image:type\" content=\"image\/jpeg\" \/>\n<meta name=\"twitter:card\" content=\"summary_large_image\" \/>\n<script type=\"application\/ld+json\" class=\"yoast-schema-graph\">{\"@context\":\"https:\/\/schema.org\",\"@graph\":[{\"@type\":\"WebPage\",\"@id\":\"https:\/\/test.booksfrommexico.com\/es\/producto\/la-construccion-del-pasado-indigena-de-tezcoco-de-nezahualcoyotl-a-alva-ixtlixochitl\/\",\"url\":\"https:\/\/test.booksfrommexico.com\/es\/producto\/la-construccion-del-pasado-indigena-de-tezcoco-de-nezahualcoyotl-a-alva-ixtlixochitl\/\",\"name\":\"La construcci\u00f3n del pasado ind\u00edgena de Tezcoco - Books From Mexico\",\"isPartOf\":{\"@id\":\"https:\/\/test.booksfrommexico.com\/es\/#website\"},\"primaryImageOfPage\":{\"@id\":\"https:\/\/test.booksfrommexico.com\/es\/producto\/la-construccion-del-pasado-indigena-de-tezcoco-de-nezahualcoyotl-a-alva-ixtlixochitl\/#primaryimage\"},\"image\":{\"@id\":\"https:\/\/test.booksfrommexico.com\/es\/producto\/la-construccion-del-pasado-indigena-de-tezcoco-de-nezahualcoyotl-a-alva-ixtlixochitl\/#primaryimage\"},\"thumbnailUrl\":\"https:\/\/test.booksfrommexico.com\/app\/uploads\/2023\/05\/181953.jpeg\",\"datePublished\":\"2023-05-08T17:11:23+00:00\",\"dateModified\":\"2023-08-22T03:26:18+00:00\",\"description\":\"LA CONSTRUCCI\u00d3N DEL PASADO IND\u00cdGENA DE TEZCOCO : DE NEZAHUALC\u00d3YOTL A ALVA IXTLIX\u00d3CHITL. \/ Patrick Lesbre Mario Zamudio Vega, traductor 9786074847888\",\"breadcrumb\":{\"@id\":\"https:\/\/test.booksfrommexico.com\/es\/producto\/la-construccion-del-pasado-indigena-de-tezcoco-de-nezahualcoyotl-a-alva-ixtlixochitl\/#breadcrumb\"},\"inLanguage\":\"es\",\"potentialAction\":[{\"@type\":\"ReadAction\",\"target\":[\"https:\/\/test.booksfrommexico.com\/es\/producto\/la-construccion-del-pasado-indigena-de-tezcoco-de-nezahualcoyotl-a-alva-ixtlixochitl\/\"]}]},{\"@type\":\"ImageObject\",\"inLanguage\":\"es\",\"@id\":\"https:\/\/test.booksfrommexico.com\/es\/producto\/la-construccion-del-pasado-indigena-de-tezcoco-de-nezahualcoyotl-a-alva-ixtlixochitl\/#primaryimage\",\"url\":\"https:\/\/test.booksfrommexico.com\/app\/uploads\/2023\/05\/181953.jpeg\",\"contentUrl\":\"https:\/\/test.booksfrommexico.com\/app\/uploads\/2023\/05\/181953.jpeg\",\"width\":601,\"height\":797},{\"@type\":\"BreadcrumbList\",\"@id\":\"https:\/\/test.booksfrommexico.com\/es\/producto\/la-construccion-del-pasado-indigena-de-tezcoco-de-nezahualcoyotl-a-alva-ixtlixochitl\/#breadcrumb\",\"itemListElement\":[{\"@type\":\"ListItem\",\"position\":1,\"name\":\"Home\",\"item\":\"https:\/\/test.booksfrommexico.com\/es\/\"},{\"@type\":\"ListItem\",\"position\":2,\"name\":\"Libros\",\"item\":\"https:\/\/test.booksfrommexico.com\/es\/libros\/\"},{\"@type\":\"ListItem\",\"position\":3,\"name\":\"La construcci\u00f3n del pasado ind\u00edgena de Tezcoco\"}]},{\"@type\":\"WebSite\",\"@id\":\"https:\/\/test.booksfrommexico.com\/es\/#website\",\"url\":\"https:\/\/test.booksfrommexico.com\/es\/\",\"name\":\"Books From Mexico\",\"description\":\"\",\"publisher\":{\"@id\":\"https:\/\/test.booksfrommexico.com\/es\/#organization\"},\"potentialAction\":[{\"@type\":\"SearchAction\",\"target\":{\"@type\":\"EntryPoint\",\"urlTemplate\":\"https:\/\/test.booksfrommexico.com\/es\/?s={search_term_string}\"},\"query-input\":{\"@type\":\"PropertyValueSpecification\",\"valueRequired\":true,\"valueName\":\"search_term_string\"}}],\"inLanguage\":\"es\"},{\"@type\":\"Organization\",\"@id\":\"https:\/\/test.booksfrommexico.com\/es\/#organization\",\"name\":\"Books From Mexico\",\"url\":\"https:\/\/test.booksfrommexico.com\/es\/\",\"logo\":{\"@type\":\"ImageObject\",\"inLanguage\":\"es\",\"@id\":\"https:\/\/test.booksfrommexico.com\/es\/#\/schema\/logo\/image\/\",\"url\":\"https:\/\/test.booksfrommexico.com\/app\/uploads\/2023\/05\/logo-booksfrommexico.svg\",\"contentUrl\":\"https:\/\/test.booksfrommexico.com\/app\/uploads\/2023\/05\/logo-booksfrommexico.svg\",\"width\":86,\"height\":56,\"caption\":\"Books From Mexico\"},\"image\":{\"@id\":\"https:\/\/test.booksfrommexico.com\/es\/#\/schema\/logo\/image\/\"}}]}<\/script>\n<!-- \/ Yoast SEO plugin. -->","yoast_head_json":{"title":"La construcci\u00f3n del pasado ind\u00edgena de Tezcoco - Books From Mexico","description":"LA CONSTRUCCI\u00d3N DEL PASADO IND\u00cdGENA DE TEZCOCO : DE NEZAHUALC\u00d3YOTL A ALVA IXTLIX\u00d3CHITL. \/ Patrick Lesbre Mario Zamudio Vega, traductor 9786074847888","robots":{"index":"noindex","follow":"follow","max-snippet":"max-snippet:-1","max-image-preview":"max-image-preview:large","max-video-preview":"max-video-preview:-1"},"og_locale":"es_ES","og_type":"article","og_title":"La construcci\u00f3n del pasado ind\u00edgena de Tezcoco - Books From Mexico","og_description":"LA CONSTRUCCI\u00d3N DEL PASADO IND\u00cdGENA DE TEZCOCO : DE NEZAHUALC\u00d3YOTL A ALVA IXTLIX\u00d3CHITL. \/ Patrick Lesbre Mario Zamudio Vega, traductor 9786074847888","og_url":"https:\/\/test.booksfrommexico.com\/es\/producto\/la-construccion-del-pasado-indigena-de-tezcoco-de-nezahualcoyotl-a-alva-ixtlixochitl\/","og_site_name":"Books From Mexico","article_modified_time":"2023-08-22T03:26:18+00:00","og_image":[{"width":601,"height":797,"url":"https:\/\/test.booksfrommexico.com\/app\/uploads\/2023\/05\/181953.jpeg","type":"image\/jpeg"}],"twitter_card":"summary_large_image","schema":{"@context":"https:\/\/schema.org","@graph":[{"@type":"WebPage","@id":"https:\/\/test.booksfrommexico.com\/es\/producto\/la-construccion-del-pasado-indigena-de-tezcoco-de-nezahualcoyotl-a-alva-ixtlixochitl\/","url":"https:\/\/test.booksfrommexico.com\/es\/producto\/la-construccion-del-pasado-indigena-de-tezcoco-de-nezahualcoyotl-a-alva-ixtlixochitl\/","name":"La construcci\u00f3n del pasado ind\u00edgena de Tezcoco - Books From Mexico","isPartOf":{"@id":"https:\/\/test.booksfrommexico.com\/es\/#website"},"primaryImageOfPage":{"@id":"https:\/\/test.booksfrommexico.com\/es\/producto\/la-construccion-del-pasado-indigena-de-tezcoco-de-nezahualcoyotl-a-alva-ixtlixochitl\/#primaryimage"},"image":{"@id":"https:\/\/test.booksfrommexico.com\/es\/producto\/la-construccion-del-pasado-indigena-de-tezcoco-de-nezahualcoyotl-a-alva-ixtlixochitl\/#primaryimage"},"thumbnailUrl":"https:\/\/test.booksfrommexico.com\/app\/uploads\/2023\/05\/181953.jpeg","datePublished":"2023-05-08T17:11:23+00:00","dateModified":"2023-08-22T03:26:18+00:00","description":"LA CONSTRUCCI\u00d3N DEL PASADO IND\u00cdGENA DE TEZCOCO : DE NEZAHUALC\u00d3YOTL A ALVA IXTLIX\u00d3CHITL. \/ Patrick Lesbre Mario Zamudio Vega, traductor 9786074847888","breadcrumb":{"@id":"https:\/\/test.booksfrommexico.com\/es\/producto\/la-construccion-del-pasado-indigena-de-tezcoco-de-nezahualcoyotl-a-alva-ixtlixochitl\/#breadcrumb"},"inLanguage":"es","potentialAction":[{"@type":"ReadAction","target":["https:\/\/test.booksfrommexico.com\/es\/producto\/la-construccion-del-pasado-indigena-de-tezcoco-de-nezahualcoyotl-a-alva-ixtlixochitl\/"]}]},{"@type":"ImageObject","inLanguage":"es","@id":"https:\/\/test.booksfrommexico.com\/es\/producto\/la-construccion-del-pasado-indigena-de-tezcoco-de-nezahualcoyotl-a-alva-ixtlixochitl\/#primaryimage","url":"https:\/\/test.booksfrommexico.com\/app\/uploads\/2023\/05\/181953.jpeg","contentUrl":"https:\/\/test.booksfrommexico.com\/app\/uploads\/2023\/05\/181953.jpeg","width":601,"height":797},{"@type":"BreadcrumbList","@id":"https:\/\/test.booksfrommexico.com\/es\/producto\/la-construccion-del-pasado-indigena-de-tezcoco-de-nezahualcoyotl-a-alva-ixtlixochitl\/#breadcrumb","itemListElement":[{"@type":"ListItem","position":1,"name":"Home","item":"https:\/\/test.booksfrommexico.com\/es\/"},{"@type":"ListItem","position":2,"name":"Libros","item":"https:\/\/test.booksfrommexico.com\/es\/libros\/"},{"@type":"ListItem","position":3,"name":"La construcci\u00f3n del pasado ind\u00edgena de Tezcoco"}]},{"@type":"WebSite","@id":"https:\/\/test.booksfrommexico.com\/es\/#website","url":"https:\/\/test.booksfrommexico.com\/es\/","name":"Books From Mexico","description":"","publisher":{"@id":"https:\/\/test.booksfrommexico.com\/es\/#organization"},"potentialAction":[{"@type":"SearchAction","target":{"@type":"EntryPoint","urlTemplate":"https:\/\/test.booksfrommexico.com\/es\/?s={search_term_string}"},"query-input":{"@type":"PropertyValueSpecification","valueRequired":true,"valueName":"search_term_string"}}],"inLanguage":"es"},{"@type":"Organization","@id":"https:\/\/test.booksfrommexico.com\/es\/#organization","name":"Books From Mexico","url":"https:\/\/test.booksfrommexico.com\/es\/","logo":{"@type":"ImageObject","inLanguage":"es","@id":"https:\/\/test.booksfrommexico.com\/es\/#\/schema\/logo\/image\/","url":"https:\/\/test.booksfrommexico.com\/app\/uploads\/2023\/05\/logo-booksfrommexico.svg","contentUrl":"https:\/\/test.booksfrommexico.com\/app\/uploads\/2023\/05\/logo-booksfrommexico.svg","width":86,"height":56,"caption":"Books From Mexico"},"image":{"@id":"https:\/\/test.booksfrommexico.com\/es\/#\/schema\/logo\/image\/"}}]}},"_links":{"self":[{"href":"https:\/\/test.booksfrommexico.com\/es\/wp-json\/wp\/v2\/product\/1122","targetHints":{"allow":["GET"]}}],"collection":[{"href":"https:\/\/test.booksfrommexico.com\/es\/wp-json\/wp\/v2\/product"}],"about":[{"href":"https:\/\/test.booksfrommexico.com\/es\/wp-json\/wp\/v2\/types\/product"}],"wp:featuredmedia":[{"embeddable":true,"href":"https:\/\/test.booksfrommexico.com\/es\/wp-json\/wp\/v2\/media\/1121"}],"wp:attachment":[{"href":"https:\/\/test.booksfrommexico.com\/es\/wp-json\/wp\/v2\/media?parent=1122"}],"wp:term":[{"taxonomy":"product_brand","embeddable":true,"href":"https:\/\/test.booksfrommexico.com\/es\/wp-json\/wp\/v2\/product_brand?post=1122"},{"taxonomy":"product_cat","embeddable":true,"href":"https:\/\/test.booksfrommexico.com\/es\/wp-json\/wp\/v2\/product_cat?post=1122"},{"taxonomy":"product_tag","embeddable":true,"href":"https:\/\/test.booksfrommexico.com\/es\/wp-json\/wp\/v2\/product_tag?post=1122"}],"curies":[{"name":"wp","href":"https:\/\/api.w.org\/{rel}","templated":true}]}}