{"id":1094,"date":"2023-05-08T17:11:01","date_gmt":"2023-05-08T17:11:01","guid":{"rendered":"http:\/\/test.booksfrommexico.com\/product\/cartografias-del-libro-arte-transiciones-y-relatos-de-una-practica-liminal\/"},"modified":"2023-08-23T21:40:58","modified_gmt":"2023-08-23T21:40:58","slug":"cartografias-del-libro-arte-transiciones-y-relatos-de-una-practica-liminal","status":"publish","type":"product","link":"https:\/\/test.booksfrommexico.com\/es\/producto\/cartografias-del-libro-arte-transiciones-y-relatos-de-una-practica-liminal\/","title":{"rendered":"Cartograf\u00edas del libro-arte"},"content":{"rendered":"<p>Essays about artist&#8217;s book genre, also known as book-object, and its theoretical, technological, and artistic aspects. Texts discuss numerous characteristics and paradoxes of genre, accompanied by reproductions showing book forms by Mexican and international artists, displaying varying degrees of abstraction and inventive variation.<\/p>\n","protected":false},"excerpt":{"rendered":"<p><strong>CARTOGRAF\u00cdAS DEL LIBRO-ARTE : TRANSICIONES Y RELATOS DE UNA PR\u00c1CTICA LIMINAL<\/strong>. \/ Hortensia M\u00ednguez Garc\u00eda, coordinadora. Ciudad Ju\u00e1rez, Chih., M\u00e9xico : Universidad Aut\u00f3noma de Ciudad Ju\u00e1rez, 2017. 273 pages : illustrations (chiefly color); 26 cm. Bibliography at the end of each chapter. Includes bibliographical references. ISBN 9786075202334.<\/p>\n","protected":false},"featured_media":1093,"template":"","meta":{"_acf_changed":false,"inline_featured_image":false},"product_brand":[],"product_cat":[87],"product_tag":[508],"class_list":{"0":"post-1094","1":"product","2":"type-product","3":"status-publish","4":"has-post-thumbnail","6":"product_cat-art","7":"product_tag-artists-books","9":"first","10":"instock","11":"taxable","12":"shipping-taxable","13":"purchasable","14":"product-type-simple"},"acf":[],"yoast_head":"<!-- This site is optimized with the Yoast SEO plugin v27.2 - https:\/\/yoast.com\/product\/yoast-seo-wordpress\/ -->\n<title>Cartograf\u00edas del libro-arte - Books From Mexico<\/title>\n<meta name=\"description\" content=\"CARTOGRAF\u00cdAS DEL LIBRO-ARTE : TRANSICIONES Y RELATOS DE UNA PR\u00c1CTICA LIMINAL. \/ Hortensia M\u00ednguez Garc\u00eda, coordinadora. ISBN 9786075202334.\" \/>\n<meta name=\"robots\" content=\"noindex, follow, max-snippet:-1, max-image-preview:large, max-video-preview:-1\" \/>\n<meta property=\"og:locale\" content=\"es_ES\" \/>\n<meta property=\"og:type\" content=\"article\" \/>\n<meta property=\"og:title\" content=\"Cartograf\u00edas del libro-arte - Books From Mexico\" \/>\n<meta property=\"og:description\" content=\"CARTOGRAF\u00cdAS DEL LIBRO-ARTE : TRANSICIONES Y RELATOS DE UNA PR\u00c1CTICA LIMINAL. \/ Hortensia M\u00ednguez Garc\u00eda, coordinadora. ISBN 9786075202334.\" \/>\n<meta property=\"og:url\" content=\"https:\/\/test.booksfrommexico.com\/es\/producto\/cartografias-del-libro-arte-transiciones-y-relatos-de-una-practica-liminal\/\" \/>\n<meta property=\"og:site_name\" content=\"Books From Mexico\" \/>\n<meta property=\"article:modified_time\" content=\"2023-08-23T21:40:58+00:00\" \/>\n<meta property=\"og:image\" content=\"https:\/\/test.booksfrommexico.com\/app\/uploads\/2023\/05\/182719.jpeg\" \/>\n\t<meta property=\"og:image:width\" content=\"569\" \/>\n\t<meta property=\"og:image:height\" content=\"750\" \/>\n\t<meta property=\"og:image:type\" content=\"image\/jpeg\" \/>\n<meta name=\"twitter:card\" content=\"summary_large_image\" \/>\n<meta name=\"twitter:label1\" content=\"Tiempo de lectura\" \/>\n\t<meta name=\"twitter:data1\" content=\"1 minuto\" \/>\n<script type=\"application\/ld+json\" class=\"yoast-schema-graph\">{\"@context\":\"https:\/\/schema.org\",\"@graph\":[{\"@type\":\"WebPage\",\"@id\":\"https:\/\/test.booksfrommexico.com\/es\/producto\/cartografias-del-libro-arte-transiciones-y-relatos-de-una-practica-liminal\/\",\"url\":\"https:\/\/test.booksfrommexico.com\/es\/producto\/cartografias-del-libro-arte-transiciones-y-relatos-de-una-practica-liminal\/\",\"name\":\"Cartograf\u00edas del libro-arte - Books From Mexico\",\"isPartOf\":{\"@id\":\"https:\/\/test.booksfrommexico.com\/es\/#website\"},\"primaryImageOfPage\":{\"@id\":\"https:\/\/test.booksfrommexico.com\/es\/producto\/cartografias-del-libro-arte-transiciones-y-relatos-de-una-practica-liminal\/#primaryimage\"},\"image\":{\"@id\":\"https:\/\/test.booksfrommexico.com\/es\/producto\/cartografias-del-libro-arte-transiciones-y-relatos-de-una-practica-liminal\/#primaryimage\"},\"thumbnailUrl\":\"https:\/\/test.booksfrommexico.com\/app\/uploads\/2023\/05\/182719.jpeg\",\"datePublished\":\"2023-05-08T17:11:01+00:00\",\"dateModified\":\"2023-08-23T21:40:58+00:00\",\"description\":\"CARTOGRAF\u00cdAS DEL LIBRO-ARTE : TRANSICIONES Y RELATOS DE UNA PR\u00c1CTICA LIMINAL. \/ Hortensia M\u00ednguez Garc\u00eda, coordinadora. ISBN 9786075202334.\",\"breadcrumb\":{\"@id\":\"https:\/\/test.booksfrommexico.com\/es\/producto\/cartografias-del-libro-arte-transiciones-y-relatos-de-una-practica-liminal\/#breadcrumb\"},\"inLanguage\":\"es\",\"potentialAction\":[{\"@type\":\"ReadAction\",\"target\":[\"https:\/\/test.booksfrommexico.com\/es\/producto\/cartografias-del-libro-arte-transiciones-y-relatos-de-una-practica-liminal\/\"]}]},{\"@type\":\"ImageObject\",\"inLanguage\":\"es\",\"@id\":\"https:\/\/test.booksfrommexico.com\/es\/producto\/cartografias-del-libro-arte-transiciones-y-relatos-de-una-practica-liminal\/#primaryimage\",\"url\":\"https:\/\/test.booksfrommexico.com\/app\/uploads\/2023\/05\/182719.jpeg\",\"contentUrl\":\"https:\/\/test.booksfrommexico.com\/app\/uploads\/2023\/05\/182719.jpeg\",\"width\":569,\"height\":750},{\"@type\":\"BreadcrumbList\",\"@id\":\"https:\/\/test.booksfrommexico.com\/es\/producto\/cartografias-del-libro-arte-transiciones-y-relatos-de-una-practica-liminal\/#breadcrumb\",\"itemListElement\":[{\"@type\":\"ListItem\",\"position\":1,\"name\":\"Home\",\"item\":\"https:\/\/test.booksfrommexico.com\/es\/\"},{\"@type\":\"ListItem\",\"position\":2,\"name\":\"Libros\",\"item\":\"https:\/\/test.booksfrommexico.com\/es\/libros\/\"},{\"@type\":\"ListItem\",\"position\":3,\"name\":\"Cartograf\u00edas del libro-arte\"}]},{\"@type\":\"WebSite\",\"@id\":\"https:\/\/test.booksfrommexico.com\/es\/#website\",\"url\":\"https:\/\/test.booksfrommexico.com\/es\/\",\"name\":\"Books From Mexico\",\"description\":\"\",\"publisher\":{\"@id\":\"https:\/\/test.booksfrommexico.com\/es\/#organization\"},\"potentialAction\":[{\"@type\":\"SearchAction\",\"target\":{\"@type\":\"EntryPoint\",\"urlTemplate\":\"https:\/\/test.booksfrommexico.com\/es\/?s={search_term_string}\"},\"query-input\":{\"@type\":\"PropertyValueSpecification\",\"valueRequired\":true,\"valueName\":\"search_term_string\"}}],\"inLanguage\":\"es\"},{\"@type\":\"Organization\",\"@id\":\"https:\/\/test.booksfrommexico.com\/es\/#organization\",\"name\":\"Books From Mexico\",\"url\":\"https:\/\/test.booksfrommexico.com\/es\/\",\"logo\":{\"@type\":\"ImageObject\",\"inLanguage\":\"es\",\"@id\":\"https:\/\/test.booksfrommexico.com\/es\/#\/schema\/logo\/image\/\",\"url\":\"https:\/\/test.booksfrommexico.com\/app\/uploads\/2023\/05\/logo-booksfrommexico.svg\",\"contentUrl\":\"https:\/\/test.booksfrommexico.com\/app\/uploads\/2023\/05\/logo-booksfrommexico.svg\",\"width\":86,\"height\":56,\"caption\":\"Books From Mexico\"},\"image\":{\"@id\":\"https:\/\/test.booksfrommexico.com\/es\/#\/schema\/logo\/image\/\"}}]}<\/script>\n<!-- \/ Yoast SEO plugin. -->","yoast_head_json":{"title":"Cartograf\u00edas del libro-arte - Books From Mexico","description":"CARTOGRAF\u00cdAS DEL LIBRO-ARTE : TRANSICIONES Y RELATOS DE UNA PR\u00c1CTICA LIMINAL. \/ Hortensia M\u00ednguez Garc\u00eda, coordinadora. ISBN 9786075202334.","robots":{"index":"noindex","follow":"follow","max-snippet":"max-snippet:-1","max-image-preview":"max-image-preview:large","max-video-preview":"max-video-preview:-1"},"og_locale":"es_ES","og_type":"article","og_title":"Cartograf\u00edas del libro-arte - Books From Mexico","og_description":"CARTOGRAF\u00cdAS DEL LIBRO-ARTE : TRANSICIONES Y RELATOS DE UNA PR\u00c1CTICA LIMINAL. \/ Hortensia M\u00ednguez Garc\u00eda, coordinadora. ISBN 9786075202334.","og_url":"https:\/\/test.booksfrommexico.com\/es\/producto\/cartografias-del-libro-arte-transiciones-y-relatos-de-una-practica-liminal\/","og_site_name":"Books From Mexico","article_modified_time":"2023-08-23T21:40:58+00:00","og_image":[{"width":569,"height":750,"url":"https:\/\/test.booksfrommexico.com\/app\/uploads\/2023\/05\/182719.jpeg","type":"image\/jpeg"}],"twitter_card":"summary_large_image","twitter_misc":{"Tiempo de lectura":"1 minuto"},"schema":{"@context":"https:\/\/schema.org","@graph":[{"@type":"WebPage","@id":"https:\/\/test.booksfrommexico.com\/es\/producto\/cartografias-del-libro-arte-transiciones-y-relatos-de-una-practica-liminal\/","url":"https:\/\/test.booksfrommexico.com\/es\/producto\/cartografias-del-libro-arte-transiciones-y-relatos-de-una-practica-liminal\/","name":"Cartograf\u00edas del libro-arte - Books From Mexico","isPartOf":{"@id":"https:\/\/test.booksfrommexico.com\/es\/#website"},"primaryImageOfPage":{"@id":"https:\/\/test.booksfrommexico.com\/es\/producto\/cartografias-del-libro-arte-transiciones-y-relatos-de-una-practica-liminal\/#primaryimage"},"image":{"@id":"https:\/\/test.booksfrommexico.com\/es\/producto\/cartografias-del-libro-arte-transiciones-y-relatos-de-una-practica-liminal\/#primaryimage"},"thumbnailUrl":"https:\/\/test.booksfrommexico.com\/app\/uploads\/2023\/05\/182719.jpeg","datePublished":"2023-05-08T17:11:01+00:00","dateModified":"2023-08-23T21:40:58+00:00","description":"CARTOGRAF\u00cdAS DEL LIBRO-ARTE : TRANSICIONES Y RELATOS DE UNA PR\u00c1CTICA LIMINAL. \/ Hortensia M\u00ednguez Garc\u00eda, coordinadora. ISBN 9786075202334.","breadcrumb":{"@id":"https:\/\/test.booksfrommexico.com\/es\/producto\/cartografias-del-libro-arte-transiciones-y-relatos-de-una-practica-liminal\/#breadcrumb"},"inLanguage":"es","potentialAction":[{"@type":"ReadAction","target":["https:\/\/test.booksfrommexico.com\/es\/producto\/cartografias-del-libro-arte-transiciones-y-relatos-de-una-practica-liminal\/"]}]},{"@type":"ImageObject","inLanguage":"es","@id":"https:\/\/test.booksfrommexico.com\/es\/producto\/cartografias-del-libro-arte-transiciones-y-relatos-de-una-practica-liminal\/#primaryimage","url":"https:\/\/test.booksfrommexico.com\/app\/uploads\/2023\/05\/182719.jpeg","contentUrl":"https:\/\/test.booksfrommexico.com\/app\/uploads\/2023\/05\/182719.jpeg","width":569,"height":750},{"@type":"BreadcrumbList","@id":"https:\/\/test.booksfrommexico.com\/es\/producto\/cartografias-del-libro-arte-transiciones-y-relatos-de-una-practica-liminal\/#breadcrumb","itemListElement":[{"@type":"ListItem","position":1,"name":"Home","item":"https:\/\/test.booksfrommexico.com\/es\/"},{"@type":"ListItem","position":2,"name":"Libros","item":"https:\/\/test.booksfrommexico.com\/es\/libros\/"},{"@type":"ListItem","position":3,"name":"Cartograf\u00edas del libro-arte"}]},{"@type":"WebSite","@id":"https:\/\/test.booksfrommexico.com\/es\/#website","url":"https:\/\/test.booksfrommexico.com\/es\/","name":"Books From Mexico","description":"","publisher":{"@id":"https:\/\/test.booksfrommexico.com\/es\/#organization"},"potentialAction":[{"@type":"SearchAction","target":{"@type":"EntryPoint","urlTemplate":"https:\/\/test.booksfrommexico.com\/es\/?s={search_term_string}"},"query-input":{"@type":"PropertyValueSpecification","valueRequired":true,"valueName":"search_term_string"}}],"inLanguage":"es"},{"@type":"Organization","@id":"https:\/\/test.booksfrommexico.com\/es\/#organization","name":"Books From Mexico","url":"https:\/\/test.booksfrommexico.com\/es\/","logo":{"@type":"ImageObject","inLanguage":"es","@id":"https:\/\/test.booksfrommexico.com\/es\/#\/schema\/logo\/image\/","url":"https:\/\/test.booksfrommexico.com\/app\/uploads\/2023\/05\/logo-booksfrommexico.svg","contentUrl":"https:\/\/test.booksfrommexico.com\/app\/uploads\/2023\/05\/logo-booksfrommexico.svg","width":86,"height":56,"caption":"Books From Mexico"},"image":{"@id":"https:\/\/test.booksfrommexico.com\/es\/#\/schema\/logo\/image\/"}}]}},"_links":{"self":[{"href":"https:\/\/test.booksfrommexico.com\/es\/wp-json\/wp\/v2\/product\/1094","targetHints":{"allow":["GET"]}}],"collection":[{"href":"https:\/\/test.booksfrommexico.com\/es\/wp-json\/wp\/v2\/product"}],"about":[{"href":"https:\/\/test.booksfrommexico.com\/es\/wp-json\/wp\/v2\/types\/product"}],"wp:featuredmedia":[{"embeddable":true,"href":"https:\/\/test.booksfrommexico.com\/es\/wp-json\/wp\/v2\/media\/1093"}],"wp:attachment":[{"href":"https:\/\/test.booksfrommexico.com\/es\/wp-json\/wp\/v2\/media?parent=1094"}],"wp:term":[{"taxonomy":"product_brand","embeddable":true,"href":"https:\/\/test.booksfrommexico.com\/es\/wp-json\/wp\/v2\/product_brand?post=1094"},{"taxonomy":"product_cat","embeddable":true,"href":"https:\/\/test.booksfrommexico.com\/es\/wp-json\/wp\/v2\/product_cat?post=1094"},{"taxonomy":"product_tag","embeddable":true,"href":"https:\/\/test.booksfrommexico.com\/es\/wp-json\/wp\/v2\/product_tag?post=1094"}],"curies":[{"name":"wp","href":"https:\/\/api.w.org\/{rel}","templated":true}]}}