{"id":107,"date":"2023-05-08T16:11:03","date_gmt":"2023-05-08T16:11:03","guid":{"rendered":"http:\/\/test.booksfrommexico.com\/product\/diego-rivera-y-la-experiencia-en-la-urss\/"},"modified":"2023-09-25T22:52:52","modified_gmt":"2023-09-25T22:52:52","slug":"diego-rivera-y-la-experiencia-en-la-urss","status":"publish","type":"product","link":"https:\/\/test.booksfrommexico.com\/es\/producto\/diego-rivera-y-la-experiencia-en-la-urss\/","title":{"rendered":"Diego Rivera y la experiencia en la URSS"},"content":{"rendered":"<p>A revision of the artistic production during the two stays (1927 and 1955-1956) of the noted muralist in the extinct Soviet Union. Under the curatorship of Maria Estela Duarte and Mariano Meza Marroquin, the exhibition brings together 289 pieces including manuscripts, drawings, oil paintings, watercolors, photographs, posters, objects, video and complementary material. Diego Rivera&#8217;s relationship with the Soviet Union throughout his life has been a subject of study in a great amount of research focused on his diverse political positions, however, little or nothing has been studied about the enormous influence that the Soviet Union had in the plastic work of Rivera, which shaped an aesthetic at the service of Marxist ideology aimed at progress, where work would be the redeeming element that would dignify man and produce a strong state. In August of 1955 Diego Rivera accompanied by his fourth wife Emma Hurtado moved to the city of Moscow with the idea of treating a cancer that had been diagnosed months ago. During his stay he made a large number of sketches by way of which the artist narrated his journey through Moscow and later on his trip to Berlin. The edition is a clear and precise study on the work that Rivera generated in the URSS, a clear artistic period Riveriano-Russian, full of references to communism: the man-machine structure &#8211; work as a generator of capital. The exhibition was divided into two venues: The Diego Rivera and Frida Kahlo Museum, where the works referring to his first encounters with Russian painters and intellectuals in Montparnasse are exhibited, as well as the works produced in his first stay in Moscow between 1927-1928. While the Museo Mural Diego Rivera presents the work pertaining to the trip of 1955- 1956.<\/p>\n","protected":false},"excerpt":{"rendered":"<p><strong>DIEGO RIVERA Y LA EXPERIENCIA EN LA URSS<\/strong>. \/ textos, Juan Hurtado y Santacruz, Juan Rafael Coronel Rivera, Mar\u00eda Estela Duarte S\u00e1nchez, Xavier Guzm\u00e1n Urbiola, Larissa Iv\u00e1nova, Mariano Meza Marroquin, Tony Wood; fotograf\u00eda, Michel Zab\u00e9 Thiriat, Gerardo Landa Rojano, Francisco Kochen, Peggy Tenison, Rick Hall; traducciones, Viveka Gonz\u00e1lez Duncan, Mauricio L\u00f3pez Vald\u00e9s, Diana M. Topete Vargas. Hurtado y Santacruz, Juan, contributor. M\u00e9xico, D.F. : Instituto Nacional de Bellas Artes y Literatura : Banco de M\u00e9xico, 2017. 232, 16 unnumbered pages : illustrations (chiefly color); 30 cm. Includes bibliographical references. ISBN 9786076055106 (paperback) ; 6076055103 (paperback).<\/p>\n","protected":false},"featured_media":106,"template":"","meta":{"_acf_changed":false,"inline_featured_image":false},"product_brand":[],"product_cat":[87,88],"product_tag":[89,90,91,92,93],"class_list":{"0":"post-107","1":"product","2":"type-product","3":"status-publish","4":"has-post-thumbnail","6":"product_cat-art","7":"product_cat-art-criticism","8":"product_tag-1886-1957","9":"product_tag-diego","10":"product_tag-rivera","11":"product_tag-soviet-union","12":"product_tag-travel","14":"first","15":"instock","16":"taxable","17":"shipping-taxable","18":"purchasable","19":"product-type-simple"},"acf":[],"yoast_head":"<!-- This site is optimized with the Yoast SEO plugin v27.2 - https:\/\/yoast.com\/product\/yoast-seo-wordpress\/ -->\n<title>Diego Rivera y la experiencia en la URSS - Books From Mexico<\/title>\n<meta name=\"description\" content=\"DIEGO RIVERA Y LA EXPERIENCIA EN LA URSS. \/ Juan Hurtado y Santacruz ; Instituto Nacional de Bellas Artes y Literatura : Banco de M\u00e9xico,ISBN 9786076055106.\" \/>\n<meta name=\"robots\" content=\"noindex, follow, max-snippet:-1, max-image-preview:large, max-video-preview:-1\" \/>\n<meta property=\"og:locale\" content=\"es_ES\" \/>\n<meta property=\"og:type\" content=\"article\" \/>\n<meta property=\"og:title\" content=\"Diego Rivera y la experiencia en la URSS - Books From Mexico\" \/>\n<meta property=\"og:description\" content=\"DIEGO RIVERA Y LA EXPERIENCIA EN LA URSS. \/ Juan Hurtado y Santacruz ; Instituto Nacional de Bellas Artes y Literatura : Banco de M\u00e9xico,ISBN 9786076055106.\" \/>\n<meta property=\"og:url\" content=\"https:\/\/test.booksfrommexico.com\/es\/producto\/diego-rivera-y-la-experiencia-en-la-urss\/\" \/>\n<meta property=\"og:site_name\" content=\"Books From Mexico\" \/>\n<meta property=\"article:modified_time\" content=\"2023-09-25T22:52:52+00:00\" \/>\n<meta property=\"og:image\" content=\"https:\/\/test.booksfrommexico.com\/app\/uploads\/2023\/05\/189720.jpg\" \/>\n\t<meta property=\"og:image:width\" content=\"834\" \/>\n\t<meta property=\"og:image:height\" content=\"1154\" \/>\n\t<meta property=\"og:image:type\" content=\"image\/jpeg\" \/>\n<meta name=\"twitter:card\" content=\"summary_large_image\" \/>\n<meta name=\"twitter:label1\" content=\"Tiempo de lectura\" \/>\n\t<meta name=\"twitter:data1\" content=\"2 minutos\" \/>\n<script type=\"application\/ld+json\" class=\"yoast-schema-graph\">{\"@context\":\"https:\/\/schema.org\",\"@graph\":[{\"@type\":\"WebPage\",\"@id\":\"https:\/\/test.booksfrommexico.com\/es\/producto\/diego-rivera-y-la-experiencia-en-la-urss\/\",\"url\":\"https:\/\/test.booksfrommexico.com\/es\/producto\/diego-rivera-y-la-experiencia-en-la-urss\/\",\"name\":\"Diego Rivera y la experiencia en la URSS - Books From Mexico\",\"isPartOf\":{\"@id\":\"https:\/\/test.booksfrommexico.com\/es\/#website\"},\"primaryImageOfPage\":{\"@id\":\"https:\/\/test.booksfrommexico.com\/es\/producto\/diego-rivera-y-la-experiencia-en-la-urss\/#primaryimage\"},\"image\":{\"@id\":\"https:\/\/test.booksfrommexico.com\/es\/producto\/diego-rivera-y-la-experiencia-en-la-urss\/#primaryimage\"},\"thumbnailUrl\":\"https:\/\/test.booksfrommexico.com\/app\/uploads\/2023\/05\/189720.jpg\",\"datePublished\":\"2023-05-08T16:11:03+00:00\",\"dateModified\":\"2023-09-25T22:52:52+00:00\",\"description\":\"DIEGO RIVERA Y LA EXPERIENCIA EN LA URSS. \/ Juan Hurtado y Santacruz ; Instituto Nacional de Bellas Artes y Literatura : Banco de M\u00e9xico,ISBN 9786076055106.\",\"breadcrumb\":{\"@id\":\"https:\/\/test.booksfrommexico.com\/es\/producto\/diego-rivera-y-la-experiencia-en-la-urss\/#breadcrumb\"},\"inLanguage\":\"es\",\"potentialAction\":[{\"@type\":\"ReadAction\",\"target\":[\"https:\/\/test.booksfrommexico.com\/es\/producto\/diego-rivera-y-la-experiencia-en-la-urss\/\"]}]},{\"@type\":\"ImageObject\",\"inLanguage\":\"es\",\"@id\":\"https:\/\/test.booksfrommexico.com\/es\/producto\/diego-rivera-y-la-experiencia-en-la-urss\/#primaryimage\",\"url\":\"https:\/\/test.booksfrommexico.com\/app\/uploads\/2023\/05\/189720.jpg\",\"contentUrl\":\"https:\/\/test.booksfrommexico.com\/app\/uploads\/2023\/05\/189720.jpg\",\"width\":834,\"height\":1154,\"caption\":\"Diego Rivera y la experiencia en la URSS\"},{\"@type\":\"BreadcrumbList\",\"@id\":\"https:\/\/test.booksfrommexico.com\/es\/producto\/diego-rivera-y-la-experiencia-en-la-urss\/#breadcrumb\",\"itemListElement\":[{\"@type\":\"ListItem\",\"position\":1,\"name\":\"Home\",\"item\":\"https:\/\/test.booksfrommexico.com\/es\/\"},{\"@type\":\"ListItem\",\"position\":2,\"name\":\"Libros\",\"item\":\"https:\/\/test.booksfrommexico.com\/es\/libros\/\"},{\"@type\":\"ListItem\",\"position\":3,\"name\":\"Diego Rivera y la experiencia en la URSS\"}]},{\"@type\":\"WebSite\",\"@id\":\"https:\/\/test.booksfrommexico.com\/es\/#website\",\"url\":\"https:\/\/test.booksfrommexico.com\/es\/\",\"name\":\"Books From Mexico\",\"description\":\"\",\"publisher\":{\"@id\":\"https:\/\/test.booksfrommexico.com\/es\/#organization\"},\"potentialAction\":[{\"@type\":\"SearchAction\",\"target\":{\"@type\":\"EntryPoint\",\"urlTemplate\":\"https:\/\/test.booksfrommexico.com\/es\/?s={search_term_string}\"},\"query-input\":{\"@type\":\"PropertyValueSpecification\",\"valueRequired\":true,\"valueName\":\"search_term_string\"}}],\"inLanguage\":\"es\"},{\"@type\":\"Organization\",\"@id\":\"https:\/\/test.booksfrommexico.com\/es\/#organization\",\"name\":\"Books From Mexico\",\"url\":\"https:\/\/test.booksfrommexico.com\/es\/\",\"logo\":{\"@type\":\"ImageObject\",\"inLanguage\":\"es\",\"@id\":\"https:\/\/test.booksfrommexico.com\/es\/#\/schema\/logo\/image\/\",\"url\":\"https:\/\/test.booksfrommexico.com\/app\/uploads\/2023\/05\/logo-booksfrommexico.svg\",\"contentUrl\":\"https:\/\/test.booksfrommexico.com\/app\/uploads\/2023\/05\/logo-booksfrommexico.svg\",\"width\":86,\"height\":56,\"caption\":\"Books From Mexico\"},\"image\":{\"@id\":\"https:\/\/test.booksfrommexico.com\/es\/#\/schema\/logo\/image\/\"}}]}<\/script>\n<!-- \/ Yoast SEO plugin. -->","yoast_head_json":{"title":"Diego Rivera y la experiencia en la URSS - Books From Mexico","description":"DIEGO RIVERA Y LA EXPERIENCIA EN LA URSS. \/ Juan Hurtado y Santacruz ; Instituto Nacional de Bellas Artes y Literatura : Banco de M\u00e9xico,ISBN 9786076055106.","robots":{"index":"noindex","follow":"follow","max-snippet":"max-snippet:-1","max-image-preview":"max-image-preview:large","max-video-preview":"max-video-preview:-1"},"og_locale":"es_ES","og_type":"article","og_title":"Diego Rivera y la experiencia en la URSS - Books From Mexico","og_description":"DIEGO RIVERA Y LA EXPERIENCIA EN LA URSS. \/ Juan Hurtado y Santacruz ; Instituto Nacional de Bellas Artes y Literatura : Banco de M\u00e9xico,ISBN 9786076055106.","og_url":"https:\/\/test.booksfrommexico.com\/es\/producto\/diego-rivera-y-la-experiencia-en-la-urss\/","og_site_name":"Books From Mexico","article_modified_time":"2023-09-25T22:52:52+00:00","og_image":[{"width":834,"height":1154,"url":"https:\/\/test.booksfrommexico.com\/app\/uploads\/2023\/05\/189720.jpg","type":"image\/jpeg"}],"twitter_card":"summary_large_image","twitter_misc":{"Tiempo de lectura":"2 minutos"},"schema":{"@context":"https:\/\/schema.org","@graph":[{"@type":"WebPage","@id":"https:\/\/test.booksfrommexico.com\/es\/producto\/diego-rivera-y-la-experiencia-en-la-urss\/","url":"https:\/\/test.booksfrommexico.com\/es\/producto\/diego-rivera-y-la-experiencia-en-la-urss\/","name":"Diego Rivera y la experiencia en la URSS - Books From Mexico","isPartOf":{"@id":"https:\/\/test.booksfrommexico.com\/es\/#website"},"primaryImageOfPage":{"@id":"https:\/\/test.booksfrommexico.com\/es\/producto\/diego-rivera-y-la-experiencia-en-la-urss\/#primaryimage"},"image":{"@id":"https:\/\/test.booksfrommexico.com\/es\/producto\/diego-rivera-y-la-experiencia-en-la-urss\/#primaryimage"},"thumbnailUrl":"https:\/\/test.booksfrommexico.com\/app\/uploads\/2023\/05\/189720.jpg","datePublished":"2023-05-08T16:11:03+00:00","dateModified":"2023-09-25T22:52:52+00:00","description":"DIEGO RIVERA Y LA EXPERIENCIA EN LA URSS. \/ Juan Hurtado y Santacruz ; Instituto Nacional de Bellas Artes y Literatura : Banco de M\u00e9xico,ISBN 9786076055106.","breadcrumb":{"@id":"https:\/\/test.booksfrommexico.com\/es\/producto\/diego-rivera-y-la-experiencia-en-la-urss\/#breadcrumb"},"inLanguage":"es","potentialAction":[{"@type":"ReadAction","target":["https:\/\/test.booksfrommexico.com\/es\/producto\/diego-rivera-y-la-experiencia-en-la-urss\/"]}]},{"@type":"ImageObject","inLanguage":"es","@id":"https:\/\/test.booksfrommexico.com\/es\/producto\/diego-rivera-y-la-experiencia-en-la-urss\/#primaryimage","url":"https:\/\/test.booksfrommexico.com\/app\/uploads\/2023\/05\/189720.jpg","contentUrl":"https:\/\/test.booksfrommexico.com\/app\/uploads\/2023\/05\/189720.jpg","width":834,"height":1154,"caption":"Diego Rivera y la experiencia en la URSS"},{"@type":"BreadcrumbList","@id":"https:\/\/test.booksfrommexico.com\/es\/producto\/diego-rivera-y-la-experiencia-en-la-urss\/#breadcrumb","itemListElement":[{"@type":"ListItem","position":1,"name":"Home","item":"https:\/\/test.booksfrommexico.com\/es\/"},{"@type":"ListItem","position":2,"name":"Libros","item":"https:\/\/test.booksfrommexico.com\/es\/libros\/"},{"@type":"ListItem","position":3,"name":"Diego Rivera y la experiencia en la URSS"}]},{"@type":"WebSite","@id":"https:\/\/test.booksfrommexico.com\/es\/#website","url":"https:\/\/test.booksfrommexico.com\/es\/","name":"Books From Mexico","description":"","publisher":{"@id":"https:\/\/test.booksfrommexico.com\/es\/#organization"},"potentialAction":[{"@type":"SearchAction","target":{"@type":"EntryPoint","urlTemplate":"https:\/\/test.booksfrommexico.com\/es\/?s={search_term_string}"},"query-input":{"@type":"PropertyValueSpecification","valueRequired":true,"valueName":"search_term_string"}}],"inLanguage":"es"},{"@type":"Organization","@id":"https:\/\/test.booksfrommexico.com\/es\/#organization","name":"Books From Mexico","url":"https:\/\/test.booksfrommexico.com\/es\/","logo":{"@type":"ImageObject","inLanguage":"es","@id":"https:\/\/test.booksfrommexico.com\/es\/#\/schema\/logo\/image\/","url":"https:\/\/test.booksfrommexico.com\/app\/uploads\/2023\/05\/logo-booksfrommexico.svg","contentUrl":"https:\/\/test.booksfrommexico.com\/app\/uploads\/2023\/05\/logo-booksfrommexico.svg","width":86,"height":56,"caption":"Books From Mexico"},"image":{"@id":"https:\/\/test.booksfrommexico.com\/es\/#\/schema\/logo\/image\/"}}]}},"_links":{"self":[{"href":"https:\/\/test.booksfrommexico.com\/es\/wp-json\/wp\/v2\/product\/107","targetHints":{"allow":["GET"]}}],"collection":[{"href":"https:\/\/test.booksfrommexico.com\/es\/wp-json\/wp\/v2\/product"}],"about":[{"href":"https:\/\/test.booksfrommexico.com\/es\/wp-json\/wp\/v2\/types\/product"}],"wp:featuredmedia":[{"embeddable":true,"href":"https:\/\/test.booksfrommexico.com\/es\/wp-json\/wp\/v2\/media\/106"}],"wp:attachment":[{"href":"https:\/\/test.booksfrommexico.com\/es\/wp-json\/wp\/v2\/media?parent=107"}],"wp:term":[{"taxonomy":"product_brand","embeddable":true,"href":"https:\/\/test.booksfrommexico.com\/es\/wp-json\/wp\/v2\/product_brand?post=107"},{"taxonomy":"product_cat","embeddable":true,"href":"https:\/\/test.booksfrommexico.com\/es\/wp-json\/wp\/v2\/product_cat?post=107"},{"taxonomy":"product_tag","embeddable":true,"href":"https:\/\/test.booksfrommexico.com\/es\/wp-json\/wp\/v2\/product_tag?post=107"}],"curies":[{"name":"wp","href":"https:\/\/api.w.org\/{rel}","templated":true}]}}